{"id":60333,"date":"2022-04-23T18:39:58","date_gmt":"2022-04-23T16:39:58","guid":{"rendered":"https:\/\/www.beatnikshoes.com\/zapatos-hechos-a-mano\/schnuerschuhe-beige-fuer-frauen-beatnik-ethel-beige\/"},"modified":"2025-08-26T21:06:58","modified_gmt":"2025-08-26T19:06:58","slug":"schnuerschuhe-beige-fuer-frauen-beatnik-ethel-beige","status":"publish","type":"product","link":"https:\/\/www.beatnikshoes.com\/de\/handgefertigte-schuhe\/schnuerschuhe-beige-fuer-frauen-beatnik-ethel-beige\/","title":{"rendered":"Beige Damen Schn\u00fcrschuhe Beatnik Ethel Beige"},"content":{"rendered":"<h2>DER KLASSISCHSTE DAMENSCHN\u00dcRSCHUH IN DER ELEGANTESTEN FARBE<\/h2>\n<p>Unsere <strong>beigen Derby-Schn\u00fcrschuhe f\u00fcr Damen<\/strong> geh\u00f6ren zu den beliebtesten Neuzug\u00e4ngen der Saison. Die Kombination eines <strong>klassischen Brogue Blucher-Schuhs<\/strong> mit dem weichsten Kalbsleder in der sch\u00f6nsten Farbe f\u00fchrt zu dem erstaunlichen Ergebnis unseres <strong>Ethel Beige Women&#8217;s Blucher<\/strong>.<\/p>\n<p>Der zuletzt verwendete ist der bequemste in der Sammlung. Zudem betont das dezente Design des Vorderteils den femininen Fu\u00df. Das \u00c4u\u00dfere dieser <strong>beigefarbenen Blucher-Schuhe f\u00fcr Damen<\/strong> ist vollst\u00e4ndig mit einer zarten, handgefertigten Verzierung versehen.<\/p>\n<p>Die gesamte Innenseite des Schuhs ist mit violettem Kalbsleder ausgekleidet. Die Sohle schlie\u00dflich ist aus echtem Leder gen\u00e4ht und mit einer d\u00fcnnen Schicht aus rutschfestem Material versehen.<\/p>\n<p>Diese <strong>cremefarbenen Schn\u00fcrschuhe f\u00fcr Damen<\/strong> sind mit am einfachsten zu kombinieren. Damit ist sie eine der wenigen Farben, die sich perfekt mit Wei\u00df, Schwarz und allen Blaut\u00f6nen kombinieren l\u00e4sst. Neben diesen drei universellen Farben ist er auch mit viel lebendigeren Farben perfekt. So k\u00f6nnen Sie sie stilvoll zu Rosa, Lila, Gelb und Orange tragen.<\/p>\n<p>Diese <strong>beigen Schn\u00fcrschuhe im Oxford-Stil f\u00fcr Damen<\/strong> sind perfekt f\u00fcr einen Arbeitstag in k\u00fchlen, neutralen Farben. Andererseits sind diese Gutscheine sehr attraktiv in Kombination mit einem viel legereren Outfit, selbst mit den saisonalsten Farben. Auch der Kontrast zwischen dem klassischen Oxford-Design und dem zarten Farbakzent wird Ihren Stil unterstreichen. Deshalb sind diese <strong>beigefarbenen Schn\u00fcrschuhe f\u00fcr Damen<\/strong> in dieser Saison ein unverzichtbarer Bestandteil der Garderobe.<\/p>\n<p>Das verwendete Kalbsleder ist von h\u00f6chster Qualit\u00e4t und die Pflege ist sehr einfach. Aufgrund ihrer nat\u00fcrlichen Eigenschaften f\u00fchrt die regelm\u00e4\u00dfige Pflege der Haut mit farbloser Creme zu einem tadellosen Ergebnis. Und Sie werden noch lange Freude an diesen besonderen <strong>beigen Damen-Brogues<\/strong> haben.<\/p>\n","protected":false},"excerpt":{"rendered":"<h2>Beigefarbener Lederblouson, handgefertigt in Spanien<\/h2>\n<p>Obermaterial: Beigefarbenes Kalbsleder<br \/>\nInnenfutter: Lila Rindsleder<br \/>\nSohlenmaterial: Echtes Leder<br \/>\nVerschluss: Schn\u00fcrsenkel<br \/>\nArt des Absatzes: Niedrig<\/p>\n","protected":false},"featured_media":74722,"comment_status":"open","ping_status":"closed","template":"","meta":[],"product_brand":[],"product_cat":[9054,9053,9028],"product_tag":[],"woo-feed-brand":[],"class_list":{"0":"post-60333","1":"product","2":"type-product","3":"status-publish","4":"has-post-thumbnail","6":"product_cat-blucher-de","7":"product_cat-oxford-schuhe-fur-frauen","8":"product_cat-schuhe-fur-frauen","9":"pa_talla-zapato-35-de","10":"pa_talla-zapato-36-de","11":"pa_talla-zapato-37-de","12":"pa_talla-zapato-38-de","13":"pa_talla-zapato-39-de","14":"pa_talla-zapato-40-de","15":"pa_talla-zapato-41-de","16":"pa_talla-zapato-42-de","18":"first","19":"instock","20":"sale","21":"taxable","22":"shipping-taxable","23":"purchasable","24":"product-type-variable"},"_links":{"self":[{"href":"https:\/\/www.beatnikshoes.com\/de\/wp-json\/wp\/v2\/product\/60333","targetHints":{"allow":["GET"]}}],"collection":[{"href":"https:\/\/www.beatnikshoes.com\/de\/wp-json\/wp\/v2\/product"}],"about":[{"href":"https:\/\/www.beatnikshoes.com\/de\/wp-json\/wp\/v2\/types\/product"}],"replies":[{"embeddable":true,"href":"https:\/\/www.beatnikshoes.com\/de\/wp-json\/wp\/v2\/comments?post=60333"}],"wp:featuredmedia":[{"embeddable":true,"href":"https:\/\/www.beatnikshoes.com\/de\/wp-json\/wp\/v2\/media\/74722"}],"wp:attachment":[{"href":"https:\/\/www.beatnikshoes.com\/de\/wp-json\/wp\/v2\/media?parent=60333"}],"wp:term":[{"taxonomy":"product_brand","embeddable":true,"href":"https:\/\/www.beatnikshoes.com\/de\/wp-json\/wp\/v2\/product_brand?post=60333"},{"taxonomy":"product_cat","embeddable":true,"href":"https:\/\/www.beatnikshoes.com\/de\/wp-json\/wp\/v2\/product_cat?post=60333"},{"taxonomy":"product_tag","embeddable":true,"href":"https:\/\/www.beatnikshoes.com\/de\/wp-json\/wp\/v2\/product_tag?post=60333"},{"taxonomy":"woo-feed-brand","embeddable":true,"href":"https:\/\/www.beatnikshoes.com\/de\/wp-json\/wp\/v2\/woo-feed-brand?post=60333"}],"curies":[{"name":"wp","href":"https:\/\/api.w.org\/{rel}","templated":true}]}}