{"id":60293,"date":"2020-06-01T13:18:58","date_gmt":"2020-06-01T11:18:58","guid":{"rendered":"https:\/\/www.beatnikshoes.com\/zapatos-hechos-a-mano\/mocasines-bicolores-de-mujer-irma-schwarz-weiss\/"},"modified":"2025-08-26T21:46:23","modified_gmt":"2025-08-26T19:46:23","slug":"zweifarbige-damen-slipper-irma-black-white","status":"publish","type":"product","link":"https:\/\/www.beatnikshoes.com\/de\/handgefertigte-schuhe\/zweifarbige-damen-slipper-irma-black-white\/","title":{"rendered":"Zweifarbige Mokassins f\u00fcr Frauen Beatnik Irma Black &amp; White"},"content":{"rendered":"<h2>DER KLASSISCHE PENNY LOAFERS F\u00dcR DAMEN MIT EINER TRANSGRESSIVEN NOTE<\/h2>\n<p>Willkommen bei den <strong>zweifarbigen Damen-Slippern<\/strong> Beatnik Irma Black &amp; White Seit unserer ersten Kollektion haben wir immer zweifarbige Schuhe angeboten. Das sind Modelle, die ganz besondere Kunden ansprechen, die etwas anderes als die \u00fcblichen Modelle suchen. Deshalb haben wir in diesem Jahr einen <strong>schwarz-wei\u00dfen Penny-Slipper f\u00fcr Frauen<\/strong> aufgenommen.<\/p>\n<p>Die <strong>zweifarbigen Pennyloafer<\/strong> in <strong>Schwarz und Wei\u00df<\/strong> sind ein klassischer Stil, der seit Jahrzehnten getragen wird. Denn die Kombination dieser beiden Grundfarben mit jedem Stil ist recht einfach. Die Basis des Mokassins ist schwarz, um den Schuh vor m\u00f6glichen St\u00f6\u00dfen zu sch\u00fctzen. Und nur der obere Teil der Klinge ist wei\u00df. Wenn man also helle oder graue Farben tr\u00e4gt, passt er perfekt zur oberen Farbe des Slippers. Ebenso ist bei dunklen Farben nur ein Farbstreifen auf der Oberseite des Schuhs sichtbar.<\/p>\n<p>Die Konstruktion dieser <strong>zweifarbigen Mokassins f\u00fcr Damen<\/strong> Beatnik Irma Black &amp; White besteht aus einem einzigen St\u00fcck Leder, das den gesamten unteren Teil des Schaftes ausmacht. Das Innere ist mit weichem violettem Kalbsleder ausgekleidet. Damit diese <strong>schwarz-wei\u00dfen Damenmokassins<\/strong> zu jeder Jahreszeit und auch an Regentagen getragen werden k\u00f6nnen, ist die extra breite Sohle aus einem leichten, rutschfesten technischen Material gefertigt.<\/p>\n<h3>MOKASSINS F\u00dcR FRAUEN: EIN KLASSIKER, DER IMMER GUT ANKOMMT<\/h3>\n<p>Mokassins sind ein Basic in der Damengarderobe, das Jahr f\u00fcr Jahr mehr Raum einnimmt. Das liegt an der Bequemlichkeit der Leisten und daran, dass sie sich sowohl mit formellen als auch mit informellen Stilen kombinieren lassen. Infolgedessen steigt das Interesse an unseren <strong>Penny Loafers f\u00fcr Frauen<\/strong>. Der klassischen Eleganz ihres Designs mit dem zweifarbigen Touch, der sie zu einem besonderen Paar <strong>schwarz-wei\u00dfer Damen-Slipper<\/strong> macht, kann man einfach nicht widerstehen. Die Beatnik Irma Black &amp; White <strong>Damen Mokassins aus zweifarbigem Leder<\/strong> mit schwarzer und wei\u00dfer Maske kombinieren ein klassisches <strong>Mokassin-Design mit einem Hauch von Farbe auf dem Vorderblatt<\/strong>.<\/p>\n<p>Etwas, das den Stil der Besitzerin f\u00fcr viele Jahreszeiten und bei vielen Gelegenheiten unterstreicht, bei denen sie diese femininen <strong>zweifarbigen Penny Loafers<\/strong> tragen kann.<\/p>\n","protected":false},"excerpt":{"rendered":"<h2>Schwarzer und wei\u00dfer Mokassin, handgefertigt in Spanien<\/h2>\n<p>\u00c4u\u00dferes Material: Genarbtes Leder<br \/>\nBeschichtung: Violettes Rindsleder<br \/>\nSohlenmaterial: Isolierende und rutschhemmende technische Laufsohle<br \/>\nArt des Absatzes: Niedrig<\/p>\n","protected":false},"featured_media":54641,"comment_status":"open","ping_status":"closed","template":"","meta":[],"product_brand":[],"product_cat":[9028,9147,9108,9218],"product_tag":[],"woo-feed-brand":[],"class_list":{"0":"post-60293","1":"product","2":"type-product","3":"status-publish","4":"has-post-thumbnail","6":"product_cat-schuhe-fur-frauen","7":"product_cat-auslass","8":"product_cat-mokassins","9":"product_cat-zweifarbige-schuhe-fur-frauen","10":"pa_talla-zapato-35-de","11":"pa_talla-zapato-36-de","12":"pa_talla-zapato-37-de","13":"pa_talla-zapato-38-de","14":"pa_talla-zapato-39-de","15":"pa_talla-zapato-40-de","16":"pa_talla-zapato-41-de","18":"first","19":"instock","20":"sale","21":"taxable","22":"shipping-taxable","23":"purchasable","24":"product-type-variable"},"_links":{"self":[{"href":"https:\/\/www.beatnikshoes.com\/de\/wp-json\/wp\/v2\/product\/60293","targetHints":{"allow":["GET"]}}],"collection":[{"href":"https:\/\/www.beatnikshoes.com\/de\/wp-json\/wp\/v2\/product"}],"about":[{"href":"https:\/\/www.beatnikshoes.com\/de\/wp-json\/wp\/v2\/types\/product"}],"replies":[{"embeddable":true,"href":"https:\/\/www.beatnikshoes.com\/de\/wp-json\/wp\/v2\/comments?post=60293"}],"wp:featuredmedia":[{"embeddable":true,"href":"https:\/\/www.beatnikshoes.com\/de\/wp-json\/wp\/v2\/media\/54641"}],"wp:attachment":[{"href":"https:\/\/www.beatnikshoes.com\/de\/wp-json\/wp\/v2\/media?parent=60293"}],"wp:term":[{"taxonomy":"product_brand","embeddable":true,"href":"https:\/\/www.beatnikshoes.com\/de\/wp-json\/wp\/v2\/product_brand?post=60293"},{"taxonomy":"product_cat","embeddable":true,"href":"https:\/\/www.beatnikshoes.com\/de\/wp-json\/wp\/v2\/product_cat?post=60293"},{"taxonomy":"product_tag","embeddable":true,"href":"https:\/\/www.beatnikshoes.com\/de\/wp-json\/wp\/v2\/product_tag?post=60293"},{"taxonomy":"woo-feed-brand","embeddable":true,"href":"https:\/\/www.beatnikshoes.com\/de\/wp-json\/wp\/v2\/woo-feed-brand?post=60293"}],"curies":[{"name":"wp","href":"https:\/\/api.w.org\/{rel}","templated":true}]}}