{"id":60135,"date":"2023-07-02T21:40:29","date_gmt":"2023-07-02T19:40:29","guid":{"rendered":"https:\/\/www.beatnikshoes.com\/zapatos-hechos-a-mano\/mokassins-braun-damen-beatnik-irma-chesnut\/"},"modified":"2025-12-30T21:54:37","modified_gmt":"2025-12-30T20:54:37","slug":"mokassins-braun-damen-beatnik-irma-chesnut","status":"publish","type":"product","link":"https:\/\/www.beatnikshoes.com\/de\/handgefertigte-schuhe\/mokassins-braun-damen-beatnik-irma-chesnut\/","title":{"rendered":"Damen Braun Mokassins Beatnik Irma Chesnut"},"content":{"rendered":"<h2>ALLE FARBEN F\u00dcR UNSEREN GELIEBTEN PENNY LOAFER IRMA<\/h2>\n<p>Ein Paar <strong>braune Damen-Loafer <\/strong>aus Leder sind das perfekte Basic f\u00fcr jede Jahreszeit. Und in unserer neuen Kollektion haben wir beschlossen, auf einem so bequemen Leisten wie dem unserer <strong>braunen Penny Loafers f\u00fcr Damen<\/strong> Irma ein braun genarbtes Leder, auf Englisch &#8222;chesnut&#8220;, zu tragen.<\/p>\n<p>Der letzte unserer <strong>braunen Leder-Slipper f\u00fcr Damen<\/strong> soll zwei Ziele erreichen. Einerseits soll er m\u00f6glichst bequem sein und rundum gut sitzen. Andererseits versuchen wir, den weiblichen Fu\u00df so weit wie m\u00f6glich zu stilisieren. Mit unseren <strong>braunen Mask Loafers<\/strong> Irma Chesnut haben wir beide Ziele erreicht.<\/p>\n<p>Diese <strong>braunen Penny Loafers<\/strong> <strong>f\u00fcr Damen<\/strong> sind aus einem einzigen St\u00fcck Leder gefertigt, um die Anzahl der N\u00e4hte zu minimieren. Das Innere ist vollst\u00e4ndig mit weichem violettem Kalbsleder ausgekleidet. F\u00fcr dieses klassische Modell haben wir die traditionelle Ledersohle in ihrer nat\u00fcrlichen Farbe mit Blake-N\u00e4hten verwendet. All dies verleiht dem Ensemble ein perfektes Gleichgewicht und einen unglaublichen Komfort. Die kastanienbraune Farbe dieses weich genarbten Leders ist mittelbraun mit leicht r\u00f6tlichen Reflexen.<\/p>\n<h3>DIE AM EINFACHSTEN ZU KOMBINIERENDEN BRAUNEN DAMEN-SLIPPER<\/h3>\n<p>Diese <strong>braunen Leder-Slipper f\u00fcr Damen<\/strong> passen perfekt zu einer Reihe von Blau-, Grau-, Schwarz- und Erdt\u00f6nen.<\/p>\n<p>Braun ist unglaublich vielseitig und passt zu einer breiten Palette von Stilen, von leger bis formell. <strong>Braune Damen-Slipper<\/strong> sind besonders als niedrige, bequeme Schuhe f\u00fcr die Arbeit und das B\u00fcro bekannt und bieten einen tadellosen und unvergleichlichen Stil.<\/p>\n<p>Dieses Modell eignet sich nicht nur f\u00fcr formelle Anl\u00e4sse, sondern ist auch ein klassisches Accessoire f\u00fcr entspannte Looks. In Kombination mit einer einfachen Jeans am Wochenende bieten sie die perfekte Kombination aus Stil und Komfort.<\/p>\n<p>Mit ihrem niedrigen Absatz und der nat\u00fcrlichen Ledersohle machen diese Mokassins das Gehen zu einem wahren Vergn\u00fcgen und sind die ideale Wahl f\u00fcr lange und anstrengende Arbeitstage. In der kommenden Saison k\u00f6nnen diese <strong>braunen Penny Loafers<\/strong> f\u00fcr Damen die stilvollste und vielseitigste Erg\u00e4nzung f\u00fcr Ihre Garderobe sein. Wir garantieren es!<\/p>\n","protected":false},"excerpt":{"rendered":"<h2>Braune Mokassins, handgefertigt in Spanien<\/h2>\n<p>\u00c4u\u00dferes Material: Genarbtes Leder<br \/>\nBeschichtung: Violettes Rindsleder<br \/>\nSohlenmaterial: Isolierende und rutschhemmende technische Laufsohle<br \/>\nArt des Absatzes: Niedrig<\/p>\n","protected":false},"featured_media":55375,"comment_status":"open","ping_status":"closed","template":"","meta":[],"product_brand":[],"product_cat":[9147,9108,9028],"product_tag":[],"woo-feed-brand":[],"class_list":{"0":"post-60135","1":"product","2":"type-product","3":"status-publish","4":"has-post-thumbnail","6":"product_cat-auslass","7":"product_cat-mokassins","8":"product_cat-schuhe-fur-frauen","9":"pa_talla-zapato-35-de","10":"pa_talla-zapato-36-de","11":"pa_talla-zapato-37-de","12":"pa_talla-zapato-38-de","13":"pa_talla-zapato-39-de","14":"pa_talla-zapato-40-de","15":"pa_talla-zapato-41-de","17":"first","18":"instock","19":"sale","20":"taxable","21":"shipping-taxable","22":"purchasable","23":"product-type-variable"},"_links":{"self":[{"href":"https:\/\/www.beatnikshoes.com\/de\/wp-json\/wp\/v2\/product\/60135","targetHints":{"allow":["GET"]}}],"collection":[{"href":"https:\/\/www.beatnikshoes.com\/de\/wp-json\/wp\/v2\/product"}],"about":[{"href":"https:\/\/www.beatnikshoes.com\/de\/wp-json\/wp\/v2\/types\/product"}],"replies":[{"embeddable":true,"href":"https:\/\/www.beatnikshoes.com\/de\/wp-json\/wp\/v2\/comments?post=60135"}],"wp:featuredmedia":[{"embeddable":true,"href":"https:\/\/www.beatnikshoes.com\/de\/wp-json\/wp\/v2\/media\/55375"}],"wp:attachment":[{"href":"https:\/\/www.beatnikshoes.com\/de\/wp-json\/wp\/v2\/media?parent=60135"}],"wp:term":[{"taxonomy":"product_brand","embeddable":true,"href":"https:\/\/www.beatnikshoes.com\/de\/wp-json\/wp\/v2\/product_brand?post=60135"},{"taxonomy":"product_cat","embeddable":true,"href":"https:\/\/www.beatnikshoes.com\/de\/wp-json\/wp\/v2\/product_cat?post=60135"},{"taxonomy":"product_tag","embeddable":true,"href":"https:\/\/www.beatnikshoes.com\/de\/wp-json\/wp\/v2\/product_tag?post=60135"},{"taxonomy":"woo-feed-brand","embeddable":true,"href":"https:\/\/www.beatnikshoes.com\/de\/wp-json\/wp\/v2\/woo-feed-brand?post=60135"}],"curies":[{"name":"wp","href":"https:\/\/api.w.org\/{rel}","templated":true}]}}