{"id":60130,"date":"2018-11-06T13:14:10","date_gmt":"2018-11-06T12:14:10","guid":{"rendered":"https:\/\/www.beatnikshoes.com\/zapatos-hechos-a-mano\/stiefel-kampf-rot-militaer-stil-beatnik-joan\/"},"modified":"2025-08-27T20:55:22","modified_gmt":"2025-08-27T18:55:22","slug":"stiefel-kampf-rot-militaer-stil-beatnik-joan","status":"publish","type":"product","link":"https:\/\/www.beatnikshoes.com\/de\/handgefertigte-schuhe\/stiefel-kampf-rot-militaer-stil-beatnik-joan\/","title":{"rendered":"Kampfstiefel rot Milit\u00e4rstil Beatnik Joan"},"content":{"rendered":"<h2>BURGUNDERFARBENER LEDER-KAMPFSTIEFEL MIT GUMMISOHLE.<\/h2>\n<p><strong>Stil<\/strong> und <strong>Pers\u00f6nlichkeit<\/strong> sind zwei Elemente, die bei keinem unserer Modelle fehlen d\u00fcrfen. Der <strong>rote Kampfstiefel im englischen Milit\u00e4rstil<\/strong> war schon immer sehr n\u00fctzlich f\u00fcr die k\u00e4lteren Jahreszeiten, regnerische Tage oder auch f\u00fcr Motorradliebhaber. Viele unserer Freunde m\u00f6gen <strong>warme Stiefel<\/strong> und fragten uns nach einem Modell im klassischen <strong>englischen Milit\u00e4rstil<\/strong>, das aber aus hochwertigen Materialien gefertigt ist und sich angenehm tragen l\u00e4sst.<\/p>\n<p>Der <strong>burgunderfarbene Unisex-Stiefel Joan im Milit\u00e4rstil <\/strong>ist auf einer verst\u00e4rkten, <strong>rutschfesten Sohle<\/strong> montiert. Au\u00dferdem ist sie ultraleicht, so dass sie Sie vom Boden und von m\u00f6glicher K\u00e4lte und Regen trennt und Sie sie den ganzen Tag lang ohne Erm\u00fcdungserscheinungen tragen k\u00f6nnen. Er ist mit weichem Kalbsleder gef\u00fcttert, was f\u00fcr zus\u00e4tzlichen Komfort sorgt. Und was den Verschluss angeht, so haben wir uns f\u00fcr eine lange Schn\u00fcrung mit praktischem Seitenrei\u00dfverschluss entschieden.<\/p>\n<p>Was die Farbe betrifft, so ist Schwarz eine beliebte Farbe, aber wenn wir dem starken Akzent dieses <strong>roten Stiefels im englischen Milit\u00e4rstil<\/strong> einen Hauch von Farbe hinzuf\u00fcgen, der sich mit praktisch allen Schattierungen und Mustern kombinieren l\u00e4sst, finden wir ein Modell, das in diesem Jahr ein Must-Have in Ihrem Kleiderschrank sein kann.<\/p>\n","protected":false},"excerpt":{"rendered":"<h2>Burgunderroter Damenstiefel, handgefertigt aus Vollnarbenleder.<\/h2>\n<p>Obermaterial: Vollnarbenleder<br \/>\nFutter: Rindsleder<br \/>\nSohle: Isolierendes, rutschfestes Verbundmaterial.<br \/>\nVerschluss: Schlaufe und Rei\u00dfverschluss<br \/>\nArt des Absatzes: Niedrig<\/p>\n","protected":false},"featured_media":69862,"comment_status":"open","ping_status":"closed","template":"","meta":[],"product_brand":[],"product_cat":[9028,9322,9355,9114,9271,9356],"product_tag":[],"woo-feed-brand":[],"class_list":{"0":"post-60130","1":"product","2":"type-product","3":"status-publish","4":"has-post-thumbnail","6":"product_cat-schuhe-fur-frauen","7":"product_cat-schnurstiefel","8":"product_cat-schnurstiefel-de","9":"product_cat-schuhe-fur-manner","10":"product_cat-stiefel","11":"product_cat-stiefel-fuer-frauen","12":"pa_talla-zapato-35-de","13":"pa_talla-zapato-36-de","14":"pa_talla-zapato-37-de","15":"pa_talla-zapato-38-de","16":"pa_talla-zapato-39-de","17":"pa_talla-zapato-40-de","18":"pa_talla-zapato-41-de","19":"pa_talla-zapato-42-de","20":"pa_talla-zapato-43-de","21":"pa_talla-zapato-44-de","22":"pa_talla-zapato-45-de","24":"first","25":"instock","26":"sale","27":"taxable","28":"shipping-taxable","29":"purchasable","30":"product-type-variable"},"_links":{"self":[{"href":"https:\/\/www.beatnikshoes.com\/de\/wp-json\/wp\/v2\/product\/60130","targetHints":{"allow":["GET"]}}],"collection":[{"href":"https:\/\/www.beatnikshoes.com\/de\/wp-json\/wp\/v2\/product"}],"about":[{"href":"https:\/\/www.beatnikshoes.com\/de\/wp-json\/wp\/v2\/types\/product"}],"replies":[{"embeddable":true,"href":"https:\/\/www.beatnikshoes.com\/de\/wp-json\/wp\/v2\/comments?post=60130"}],"wp:featuredmedia":[{"embeddable":true,"href":"https:\/\/www.beatnikshoes.com\/de\/wp-json\/wp\/v2\/media\/69862"}],"wp:attachment":[{"href":"https:\/\/www.beatnikshoes.com\/de\/wp-json\/wp\/v2\/media?parent=60130"}],"wp:term":[{"taxonomy":"product_brand","embeddable":true,"href":"https:\/\/www.beatnikshoes.com\/de\/wp-json\/wp\/v2\/product_brand?post=60130"},{"taxonomy":"product_cat","embeddable":true,"href":"https:\/\/www.beatnikshoes.com\/de\/wp-json\/wp\/v2\/product_cat?post=60130"},{"taxonomy":"product_tag","embeddable":true,"href":"https:\/\/www.beatnikshoes.com\/de\/wp-json\/wp\/v2\/product_tag?post=60130"},{"taxonomy":"woo-feed-brand","embeddable":true,"href":"https:\/\/www.beatnikshoes.com\/de\/wp-json\/wp\/v2\/woo-feed-brand?post=60130"}],"curies":[{"name":"wp","href":"https:\/\/api.w.org\/{rel}","templated":true}]}}