{"id":60128,"date":"2019-05-29T17:52:06","date_gmt":"2019-05-29T15:52:06","guid":{"rendered":"https:\/\/www.beatnikshoes.com\/zapatos-hechos-a-mano\/schwarz-rogue-stiefel-schwarz-beatnik-barbara-schwarz-fell-lace-up-beatnik-barbara-schwarz-stiefel\/"},"modified":"2025-08-26T22:13:49","modified_gmt":"2025-08-26T20:13:49","slug":"schwarz-rogue-stiefel-schwarz-beatnik-barbara-schwarz-fell-lace-up-beatnik-barbara-schwarz-stiefel","status":"publish","type":"product","link":"https:\/\/www.beatnikshoes.com\/de\/handgefertigte-schuhe\/schwarz-rogue-stiefel-schwarz-beatnik-barbara-schwarz-fell-lace-up-beatnik-barbara-schwarz-stiefel\/","title":{"rendered":"Beatnik Barbara Schwarzer Brogue-Stiefel aus Leder zum Schn\u00fcren"},"content":{"rendered":"<h2>DER SCHWARZE LEDERSCHN\u00dcRSTIEFEL IM KLASSISCHEN OXFORD-STIL, AUF DEN SIE GEWARTET HABEN<\/h2>\n<p>Die Jahreszeiten beginnen und enden jedes Jahr fr\u00fcher. Und da wir das Gl\u00fcck haben, Freunde auf der ganzen Welt zu haben, konnten wir nicht widerstehen, diesen<strong> schwarzen Brogue-Schn\u00fcrstiefel aus Leder<\/strong> im Unisex-Stil vorzustellen, den wir Barbara Black genannt haben. Es handelt sich um eine Version unseres klassischen karamellbraunen Barbara-Stiefels, der aus demselben Leder handgefertigt ist.<\/p>\n<p>Der gleiche absolute Komfort, den der Leisten unserer Oxford-Schuhe bietet. Das gleiche klassische britische Design, aber jetzt mit einem moderneren Touch durch die schwarze Farbe. Eine Farbe, die zu allen Paletten und Pers\u00f6nlichkeiten passt, in jedem Kontext.<\/p>\n<p>Dieser <strong>Brogue-Stiefel aus schwarzem Leder zum Schn\u00fcren<\/strong> ist vollst\u00e4ndig mit lila Kalbsleder gef\u00fcttert. Als Verschl\u00fcsse stehen ein zentraler Kordelzug und ein seitlicher Rei\u00dfverschluss f\u00fcr einen leichten Einstieg zur Verf\u00fcgung. Die Innensohle ist aus Leder und die Laufsohle aus echtem Leder, das mit einer d\u00fcnnen Anti-Rutsch-Schicht versehen ist. Die gesamte Baugruppe ist aus Gr\u00fcnden der Haltbarkeit zusammengen\u00e4ht.<\/p>\n<p>Der Stil dieses <strong>schwarzen Brogue-Oxford-Stiefels<\/strong> passt perfekt als Freizeitstiefel zu Jeans oder Chinos, unabh\u00e4ngig von L\u00e4nge und Schnitt. Und auch als Stiefel zum Kleid oder langen Rock sind sie ein Genuss. Die Mitte der Wade kann durch das Hosenbein verdeckt werden, und der Effekt ist wie bei einem Oxford-Schuh, aber mit der W\u00e4rme und dem Komfort eines Stiefels. Alternativ kann die Hose auch in das Bein gesteckt werden, was einen ganz anderen und viel dezenteren Effekt ergibt. Und f\u00fcr sie ist der klassische Stil dieses Brogue-Stiefels perfekt f\u00fcr einen formellen Look. Und sie setzt einen eleganten Kontrapunkt zu einem eher legeren Stil.<\/p>\n<p>Barbara Black ist ein <strong>schwarzer Unisex-Schn\u00fcrstiefel aus Leder<\/strong> mit einem Design, das perfekt zu Ihrem pers\u00f6nlichen Stil passt.<\/p>\n","protected":false},"excerpt":{"rendered":"<h2>Schwarzer Brogue-Stiefel, handgefertigt in Spanien<\/h2>\n<p>Obermaterial: Kalbsleder<br \/>\nInnenfutter: Kalbsleder<br \/>\nSohlenmaterial: Echtes Leder plus eine Schicht aus rutschfestem Material<br \/>\nVerschluss: Schlaufe und Rei\u00dfverschluss<br \/>\nArt des Absatzes: Niedrig<\/p>\n","protected":false},"featured_media":55418,"comment_status":"open","ping_status":"closed","template":"","meta":[],"product_brand":[],"product_cat":[9028,9322,9355,9114,9271,9356],"product_tag":[],"woo-feed-brand":[],"class_list":{"0":"post-60128","1":"product","2":"type-product","3":"status-publish","4":"has-post-thumbnail","6":"product_cat-schuhe-fur-frauen","7":"product_cat-schnurstiefel","8":"product_cat-schnurstiefel-de","9":"product_cat-schuhe-fur-manner","10":"product_cat-stiefel","11":"product_cat-stiefel-fuer-frauen","12":"pa_talla-zapato-35-de","13":"pa_talla-zapato-36-de","14":"pa_talla-zapato-37-de","15":"pa_talla-zapato-38-de","16":"pa_talla-zapato-39-de","17":"pa_talla-zapato-40-de","18":"pa_talla-zapato-41-de","19":"pa_talla-zapato-42-de","20":"pa_talla-zapato-43-de","21":"pa_talla-zapato-44-de","22":"pa_talla-zapato-45-de","24":"first","25":"instock","26":"sale","27":"taxable","28":"shipping-taxable","29":"purchasable","30":"product-type-variable"},"_links":{"self":[{"href":"https:\/\/www.beatnikshoes.com\/de\/wp-json\/wp\/v2\/product\/60128","targetHints":{"allow":["GET"]}}],"collection":[{"href":"https:\/\/www.beatnikshoes.com\/de\/wp-json\/wp\/v2\/product"}],"about":[{"href":"https:\/\/www.beatnikshoes.com\/de\/wp-json\/wp\/v2\/types\/product"}],"replies":[{"embeddable":true,"href":"https:\/\/www.beatnikshoes.com\/de\/wp-json\/wp\/v2\/comments?post=60128"}],"wp:featuredmedia":[{"embeddable":true,"href":"https:\/\/www.beatnikshoes.com\/de\/wp-json\/wp\/v2\/media\/55418"}],"wp:attachment":[{"href":"https:\/\/www.beatnikshoes.com\/de\/wp-json\/wp\/v2\/media?parent=60128"}],"wp:term":[{"taxonomy":"product_brand","embeddable":true,"href":"https:\/\/www.beatnikshoes.com\/de\/wp-json\/wp\/v2\/product_brand?post=60128"},{"taxonomy":"product_cat","embeddable":true,"href":"https:\/\/www.beatnikshoes.com\/de\/wp-json\/wp\/v2\/product_cat?post=60128"},{"taxonomy":"product_tag","embeddable":true,"href":"https:\/\/www.beatnikshoes.com\/de\/wp-json\/wp\/v2\/product_tag?post=60128"},{"taxonomy":"woo-feed-brand","embeddable":true,"href":"https:\/\/www.beatnikshoes.com\/de\/wp-json\/wp\/v2\/woo-feed-brand?post=60128"}],"curies":[{"name":"wp","href":"https:\/\/api.w.org\/{rel}","templated":true}]}}