{"id":59957,"date":"2017-08-16T17:13:50","date_gmt":"2017-08-16T15:13:50","guid":{"rendered":"https:\/\/www.beatnikshoes.com\/zapatos-hechos-a-mano\/herren-schwarz-moench-lamantia-schuh\/"},"modified":"2025-08-27T22:14:31","modified_gmt":"2025-08-27T20:14:31","slug":"herren-schwarz-moench-lamantia-schuh","status":"publish","type":"product","link":"https:\/\/www.beatnikshoes.com\/de\/handgefertigte-schuhe\/herren-schwarz-moench-lamantia-schuh\/","title":{"rendered":"Lamantia Herren Doppelschnalle schwarzer M\u00f6nchsschuh"},"content":{"rendered":"<h2>DER SCHWARZE MONK-SCHUH MIT DOPPELTER SCHNALLE F\u00dcR M\u00c4NNER. EIN ELEGANTER SCHRITT NACH VORN.<\/h2>\n<p>Unser Lamantia Black ist ein <strong>schwarzer Herren-M\u00f6nchsschuh mit zwei Kappenschnallen<\/strong>, handgefertigt in Spanien. Es wurde nur das weichste schwarze Kalbsleder verwendet. Die Sohle ist aus echtem Leder, gen\u00e4ht und mit einer Schicht aus rutschfestem Material versehen. Er ist mit einem praktisch nahtlosen Futter aus violettem Rindsleder ausgestattet und wurde auf dem bequemsten Leisten unserer Kollektion gefertigt. Und da das Leder das weichste auf dem Markt ist, gibt es keine Einarbeitungszeit. Aus diesem Grund ist vom ersten Tag an absoluter Komfort gew\u00e4hrleistet.<\/p>\n<p>Dieser <strong>Herrenschuh mit zwei Schnallen<\/strong> hat einen klassischen, eleganten, spitz zulaufenden britischen Leisten, der sich perfekt mit einem kompletten Anzug in allen Farben und Mustern kombinieren l\u00e4sst und auch sonst perfekt f\u00fcr l\u00e4ssigere Anl\u00e4sse geeignet ist. Der <strong>schwarze Herrenschuh mit doppelter Schnalle<\/strong> eignet sich hervorragend als B\u00fcroschuh, zum Anzug und sogar als Trauungsschuh, was ihn zu einem perfekten Accessoire f\u00fcr den eleganten Br\u00e4utigam an seinem Hochzeitstag macht.<\/p>\n<p>Der Schnallenverschluss dieses <strong>schwarzen Herren-Monk-Schuhs<\/strong> erspart Ihnen das l\u00e4stige und zeitraubende Schn\u00fcren.<\/p>\n<p>Als <strong>festlicher Schuh hat der schwarze Herrenschuh mit doppelter Schnalle<\/strong> in den letzten Jahren als formelle und sehr elegante Variante an Beliebtheit gewonnen. Und f\u00fcr Tanzfl\u00e4chenfans: Wenn Sie ihn zum Tanzen verwenden m\u00f6chten, k\u00f6nnen wir diesen <strong>schwarzen Monkstrap<\/strong>&#8211;<strong>Schuh<\/strong> f\u00fcr Herren mit einer Sohle aus Naturleder und einem Schnallenverschlusssystem nach Ma\u00df anfertigen, um sicherzustellen, dass Ihr Schritt perfekt gesichert ist. Wort.<\/p>\n","protected":false},"excerpt":{"rendered":"<h2>Herrenschuh mit doppelter Schnalle, schwarz<\/h2>\n<p>Obermaterial: Kalbsleder<br \/>\nInnenfutter: Kalbsleder<br \/>\nSohlenmaterial: Echtes Leder plus eine Schicht aus rutschfestem Material<br \/>\nVerschluss: Schnallen<br \/>\nArt des Absatzes: Niedrig<\/p>\n","protected":false},"featured_media":76721,"comment_status":"open","ping_status":"closed","template":"","meta":[],"product_brand":[],"product_cat":[9114,9591],"product_tag":[],"woo-feed-brand":[],"class_list":{"0":"post-59957","1":"product","2":"type-product","3":"status-publish","4":"has-post-thumbnail","6":"product_cat-schuhe-fur-manner","7":"product_cat-schuhe-mit-schnalle","8":"pa_talla-zapato-39-de","9":"pa_talla-zapato-40-de","10":"pa_talla-zapato-41-de","11":"pa_talla-zapato-42-de","12":"pa_talla-zapato-43-de","13":"pa_talla-zapato-44-de","14":"pa_talla-zapato-45-de","15":"pa_talla-zapato-46-de","17":"first","18":"instock","19":"sale","20":"taxable","21":"shipping-taxable","22":"purchasable","23":"product-type-variable"},"_links":{"self":[{"href":"https:\/\/www.beatnikshoes.com\/de\/wp-json\/wp\/v2\/product\/59957","targetHints":{"allow":["GET"]}}],"collection":[{"href":"https:\/\/www.beatnikshoes.com\/de\/wp-json\/wp\/v2\/product"}],"about":[{"href":"https:\/\/www.beatnikshoes.com\/de\/wp-json\/wp\/v2\/types\/product"}],"replies":[{"embeddable":true,"href":"https:\/\/www.beatnikshoes.com\/de\/wp-json\/wp\/v2\/comments?post=59957"}],"wp:featuredmedia":[{"embeddable":true,"href":"https:\/\/www.beatnikshoes.com\/de\/wp-json\/wp\/v2\/media\/76721"}],"wp:attachment":[{"href":"https:\/\/www.beatnikshoes.com\/de\/wp-json\/wp\/v2\/media?parent=59957"}],"wp:term":[{"taxonomy":"product_brand","embeddable":true,"href":"https:\/\/www.beatnikshoes.com\/de\/wp-json\/wp\/v2\/product_brand?post=59957"},{"taxonomy":"product_cat","embeddable":true,"href":"https:\/\/www.beatnikshoes.com\/de\/wp-json\/wp\/v2\/product_cat?post=59957"},{"taxonomy":"product_tag","embeddable":true,"href":"https:\/\/www.beatnikshoes.com\/de\/wp-json\/wp\/v2\/product_tag?post=59957"},{"taxonomy":"woo-feed-brand","embeddable":true,"href":"https:\/\/www.beatnikshoes.com\/de\/wp-json\/wp\/v2\/woo-feed-brand?post=59957"}],"curies":[{"name":"wp","href":"https:\/\/api.w.org\/{rel}","templated":true}]}}