{"id":59897,"date":"2023-05-30T12:39:53","date_gmt":"2023-05-30T10:39:53","guid":{"rendered":"https:\/\/www.beatnikshoes.com\/zapatos-hechos-a-mano\/frauen-schuhe-mit-schnallen-bicolour-brenda\/"},"modified":"2025-12-11T00:54:54","modified_gmt":"2025-12-10T23:54:54","slug":"frauen-schuhe-mit-schnallen-bicolour-brenda","status":"publish","type":"product","link":"https:\/\/www.beatnikshoes.com\/de\/handgefertigte-schuhe\/frauen-schuhe-mit-schnallen-bicolour-brenda\/","title":{"rendered":"Brenda zweifarbige Damenschuhe mit Schnallen"},"content":{"rendered":"<h2>DAMENSCHUH MIT ZWEIFARBIGEN SCHNALLEN BRENDA: ELEGANZ, STIL UND KOMFORT OHNE GRENZEN<\/h2>\n<p>Wir haben den bequemsten Leisten unserer Kollektion mit weichem Kalbsleder kombiniert, um diesen Damenschuh mit zweifarbigen Schnallen zu kreieren.<\/p>\n<p>Das Ergebnis ist eine elegante <strong>Mary Jane mit niedrigem Absatz<\/strong>, die sich dem Fu\u00df bei jedem Schritt anpasst. Die Farbwahl, hellbraun und wei\u00df, passt perfekt zu den warmen T\u00f6nen der jeweiligen Jahreszeit. Und dazu die Details des Obermaterials, die Fransen und der Komfort, der sich aus der M\u00f6glichkeit ergibt, die Schnalle nach Belieben zu verstellen. All dies macht dieses Modell zu einem der begehrtesten in dieser Sammlung.<\/p>\n<p>Dieser <strong>Damenschuh mit Fransenschnalle<\/strong> wird in Spanien nur aus hochwertigem Kalbsleder handgefertigt. Sie sind mit Rindsleder gef\u00fcttert, so dass sie auch ohne Socken oder Str\u00fcmpfe getragen werden k\u00f6nnen.<\/p>\n<p>Abgerundet wird das Ganze durch eine echte Ledersohle. Das N\u00e4hen des Modells erfolgt nach dem traditionellen Blake-Verfahren. Und schlie\u00dflich enth\u00e4lt die Sohle eine leichte Schicht aus rutschhemmendem Material, um das Leder zu isolieren.<\/p>\n<h3>DAMENSCHUH MIT ULTRABEQUEMER SCHNALLE MIT FRANSEN<\/h3>\n<p>Dieser <strong>Damen-Monk-Schuh mit Fransen<\/strong> und verchromtem Schnallenverschluss ist ein Schuh, der Klassizismus und Eleganz zu gleichen Teilen vereint. Au\u00dferdem sind die beiden Farben dieses Modells, Wei\u00df und Hellbraun mit leichten Oranget\u00f6nen, vollkommen komplement\u00e4r. Daher passen sie perfekt zu Pastell- und Erdt\u00f6nen. Und da es sich um ein Modell handelt, das Sie perfekt im Herbst tragen k\u00f6nnen, kontrastiert sein Design unglaublich gut mit k\u00fchleren T\u00f6nen wie Blau und Grau.<\/p>\n<p>Dieser <strong>zweifarbige Schuh mit Schnalle f\u00fcr Damen<\/strong> ist ein echter Renner. Kann mit jeder Art von Hose kombiniert werden, ob weit oder eng und in jeder L\u00e4nge. Und nat\u00fcrlich passt er perfekt zu R\u00f6cken und leichten Kleidern.<\/p>\n<p>Lassen Sie sich in dieser Saison vom Komfort und den Farben des Beatnik Brenda begleiten.<\/p>\n","protected":false},"excerpt":{"rendered":"<h2>Handgefertigter Brenda Damenschuh mit zweifarbigen Schnallen<\/h2>\n<p>Obermaterial: Kalbsleder in Camel und Wei\u00df<br \/>\nFutter: Rindsleder<br \/>\nSohlenmaterial: Echtes Leder plus eine d\u00fcnne, eingespritzte Anti-Rutsch-Schicht.<br \/>\nVerschluss: Schnalle<\/p>\n","protected":false},"featured_media":53136,"comment_status":"open","ping_status":"closed","template":"","meta":[],"product_brand":[11790],"product_cat":[9028,9530,9218],"product_tag":[],"woo-feed-brand":[],"class_list":{"0":"post-59897","1":"product","2":"type-product","3":"status-publish","4":"has-post-thumbnail","6":"product_brand-beatnik-shoes-de","7":"product_cat-schuhe-fur-frauen","8":"product_cat-schuh-mit-schnallen","9":"product_cat-zweifarbige-schuhe-fur-frauen","10":"pa_talla-zapato-35-de","11":"pa_talla-zapato-36-de","12":"pa_talla-zapato-37-de","13":"pa_talla-zapato-38-de","14":"pa_talla-zapato-39-de","15":"pa_talla-zapato-40-de","16":"pa_talla-zapato-41-de","17":"pa_talla-zapato-42-de","19":"first","20":"onbackorder","21":"sale","22":"taxable","23":"shipping-taxable","24":"purchasable","25":"product-type-variable"},"_links":{"self":[{"href":"https:\/\/www.beatnikshoes.com\/de\/wp-json\/wp\/v2\/product\/59897","targetHints":{"allow":["GET"]}}],"collection":[{"href":"https:\/\/www.beatnikshoes.com\/de\/wp-json\/wp\/v2\/product"}],"about":[{"href":"https:\/\/www.beatnikshoes.com\/de\/wp-json\/wp\/v2\/types\/product"}],"replies":[{"embeddable":true,"href":"https:\/\/www.beatnikshoes.com\/de\/wp-json\/wp\/v2\/comments?post=59897"}],"wp:featuredmedia":[{"embeddable":true,"href":"https:\/\/www.beatnikshoes.com\/de\/wp-json\/wp\/v2\/media\/53136"}],"wp:attachment":[{"href":"https:\/\/www.beatnikshoes.com\/de\/wp-json\/wp\/v2\/media?parent=59897"}],"wp:term":[{"taxonomy":"product_brand","embeddable":true,"href":"https:\/\/www.beatnikshoes.com\/de\/wp-json\/wp\/v2\/product_brand?post=59897"},{"taxonomy":"product_cat","embeddable":true,"href":"https:\/\/www.beatnikshoes.com\/de\/wp-json\/wp\/v2\/product_cat?post=59897"},{"taxonomy":"product_tag","embeddable":true,"href":"https:\/\/www.beatnikshoes.com\/de\/wp-json\/wp\/v2\/product_tag?post=59897"},{"taxonomy":"woo-feed-brand","embeddable":true,"href":"https:\/\/www.beatnikshoes.com\/de\/wp-json\/wp\/v2\/woo-feed-brand?post=59897"}],"curies":[{"name":"wp","href":"https:\/\/api.w.org\/{rel}","templated":true}]}}