{"id":59807,"date":"2023-12-01T13:03:53","date_gmt":"2023-12-01T12:03:53","guid":{"rendered":"https:\/\/www.beatnikshoes.com\/zapatos-hechos-a-mano\/stiefel-chelsea-schwarz-frauenstiefel-in-leder-carla\/"},"modified":"2025-08-25T14:37:39","modified_gmt":"2025-08-25T12:37:39","slug":"stiefel-chelsea-schwarz-frauenstiefel-in-leder-carla","status":"publish","type":"product","link":"https:\/\/www.beatnikshoes.com\/de\/handgefertigte-schuhe\/stiefel-chelsea-schwarz-frauenstiefel-in-leder-carla\/","title":{"rendered":"Schwarzer Damen Chelsea-Stiefel aus Leder Carla"},"content":{"rendered":"<h2>EIN KLASSISCHER CHELSEA-STIEFEL IN SCHWARZ, DER SICH DURCH STIL UND QUALIT\u00c4T AUSZEICHNET UND SIE MIT ELEGANZ AUSSTATTET.<\/h2>\n<p>Stil und Pers\u00f6nlichkeit sind die Elemente, die wir in unserer Kollektion zu bewahren versuchen. Und wenn es ein Modell gibt, das das in h\u00f6chstem Ma\u00dfe tut, dann ist es unser <strong>schwarzer Chelsea-Stiefel f\u00fcr Frauen<\/strong>.<\/p>\n<p>Der Komfort wird durch die achtj\u00e4hrige Entwicklung des Leistens, die Handwerkskunst und die Qualit\u00e4t der verwendeten Materialien garantiert.<\/p>\n<p>Entdecken Sie das au\u00dfergew\u00f6hnliche Design unseres <strong>schwarzen Chelsea-Stiefels f\u00fcr Damen, der<\/strong> den Fu\u00df schlanker macht, eine einzigartige Passform bietet, den Kn\u00f6chel sch\u00fctzt und unvergleichlichen W\u00e4rmekomfort bietet. Seine Vielseitigkeit ist un\u00fcbertroffen, denn er kann sowohl innerhalb als auch au\u00dferhalb der Hose getragen werden, ohne dass man ihn verstecken muss.<\/p>\n<p>Dieser <strong>Chelsea-Stiefel<\/strong> passt zu allen Farben und Stilen und rundet jedes Outfit in Ihrem Kleiderschrank ab. Mit seinem sorgf\u00e4ltig gefertigten Design ist dieser Stiefel nicht nur stilvoll, sondern auch funktionell und bequem f\u00fcr jede Gelegenheit. Unser Chelsea-Stiefel f\u00fcr Damen verleiht Ihren Alltagslooks einen Hauch von Stil und Praktikabilit\u00e4t.<\/p>\n<p>Unsere <strong>schwarzen Chelsea-Stiefel<\/strong> \u201eCarla\u201c werden aus weichstem Kalbsleder handgefertigt, verf\u00fcgen \u00fcber ein handgen\u00e4htes Innenfutter aus violettem Rindsleder und Innen- und Au\u00dfensohlen aus Leder mit einer sch\u00fctzenden Au\u00dfenschicht aus rutschfestem Spai.<\/p>\n<p>Genie\u00dfen Sie in dieser Saison die besten<strong> schwarzen Chelsea-Stiefel f\u00fcr Damen<\/strong> aus schwarzem Kalbsleder, lila Rindslederfutter, Ledersohle mit einer d\u00fcnnen Schicht aus rutschfestem Spai.<\/p>\n","protected":false},"excerpt":{"rendered":"<h2>Handgefertigter Chelseastiefel aus Spanien<\/h2>\n<p>Obermaterial: Kalbsleder<br \/>\nInnenfutter: Lila Rindsleder<br \/>\nSohlenmaterial: Echtes Leder plus eine d\u00fcnne eingespritzte Anti-Rutsch-Schicht<br \/>\nAbsatz: niedrig<\/p>\n","protected":false},"featured_media":55412,"comment_status":"open","ping_status":"closed","template":"","meta":[],"product_brand":[11790],"product_cat":[9432,9028,9356],"product_tag":[],"woo-feed-brand":[],"class_list":{"0":"post-59807","1":"product","2":"type-product","3":"status-publish","4":"has-post-thumbnail","6":"product_brand-beatnik-shoes-de","7":"product_cat-chelsea-stiefel-fur-frauen","8":"product_cat-schuhe-fur-frauen","9":"product_cat-stiefel-fuer-frauen","10":"pa_talla-zapato-35-de","11":"pa_talla-zapato-36-de","12":"pa_talla-zapato-37-de","13":"pa_talla-zapato-38-de","14":"pa_talla-zapato-39-de","15":"pa_talla-zapato-40-de","16":"pa_talla-zapato-41-de","17":"pa_talla-zapato-42-de","19":"first","20":"instock","21":"sale","22":"taxable","23":"shipping-taxable","24":"purchasable","25":"product-type-variable"},"_links":{"self":[{"href":"https:\/\/www.beatnikshoes.com\/de\/wp-json\/wp\/v2\/product\/59807","targetHints":{"allow":["GET"]}}],"collection":[{"href":"https:\/\/www.beatnikshoes.com\/de\/wp-json\/wp\/v2\/product"}],"about":[{"href":"https:\/\/www.beatnikshoes.com\/de\/wp-json\/wp\/v2\/types\/product"}],"replies":[{"embeddable":true,"href":"https:\/\/www.beatnikshoes.com\/de\/wp-json\/wp\/v2\/comments?post=59807"}],"wp:featuredmedia":[{"embeddable":true,"href":"https:\/\/www.beatnikshoes.com\/de\/wp-json\/wp\/v2\/media\/55412"}],"wp:attachment":[{"href":"https:\/\/www.beatnikshoes.com\/de\/wp-json\/wp\/v2\/media?parent=59807"}],"wp:term":[{"taxonomy":"product_brand","embeddable":true,"href":"https:\/\/www.beatnikshoes.com\/de\/wp-json\/wp\/v2\/product_brand?post=59807"},{"taxonomy":"product_cat","embeddable":true,"href":"https:\/\/www.beatnikshoes.com\/de\/wp-json\/wp\/v2\/product_cat?post=59807"},{"taxonomy":"product_tag","embeddable":true,"href":"https:\/\/www.beatnikshoes.com\/de\/wp-json\/wp\/v2\/product_tag?post=59807"},{"taxonomy":"woo-feed-brand","embeddable":true,"href":"https:\/\/www.beatnikshoes.com\/de\/wp-json\/wp\/v2\/woo-feed-brand?post=59807"}],"curies":[{"name":"wp","href":"https:\/\/api.w.org\/{rel}","templated":true}]}}