{"id":59770,"date":"2018-04-24T13:51:52","date_gmt":"2018-04-24T11:51:52","guid":{"rendered":"https:\/\/www.beatnikshoes.com\/zapatos-hechos-a-mano\/blucher-bicolour-damen-blau-creme-blau-beige\/"},"modified":"2025-08-27T21:35:33","modified_gmt":"2025-08-27T19:35:33","slug":"blucher-bicolour-damen-blau-creme-blau-beige","status":"publish","type":"product","link":"https:\/\/www.beatnikshoes.com\/de\/handgefertigte-schuhe\/blucher-bicolour-damen-blau-creme-blau-beige\/","title":{"rendered":"Ethel Blue Cream zweifarbiger Bl\u00fccher in Blau und Beige"},"content":{"rendered":"<h2>EIN DAMEN-OXFORD AUS WEICHEM LEDER IN CREMEFARBEN F\u00dcR DIESE SAISON<\/h2>\n<p><strong>Blauer und beiger zweifarbiger Bl\u00fccher f\u00fcr Damen<\/strong>, handgefertigt in Spanien aus Kalbsleder. Der bequemste und bew\u00e4hrteste Leisten unserer Kollektion, mit dem weichsten und elegantesten Leder auf dem Markt, Kalbsleder, ergibt diesen eleganten und bequemen Blucher. Die beiden gew\u00e4hlten Farbt\u00f6ne, zartes Beige und Gletscherblau, passen perfekt zusammen. So entsteht ein Ensemble, das auff\u00e4llt und gleichzeitig einen Hauch von schlichter Eleganz vermittelt.<\/p>\n<p>Die Kombination dieses <strong>zweifarbigen Damenschuhs im Oxford-Stil<\/strong> mit Pastellfarben und erdfarbener Kleidung ist perfekt. In Kombination mit Blaut\u00f6nen und k\u00fchlen Farbpaletten sind sie ebenfalls eine gute Wahl. Diese zweifarbigen Schn\u00fcrschuhe f\u00fcr Damen lassen sich problemlos zu allen Arten von Hosen tragen, sowohl zu formellen als auch zu legeren Modellen aus Baumwolle oder zu Jeans. Zu R\u00f6cken und Kleidern in allen L\u00e4ngen und Schattierungen passen sie ebenfalls perfekt. Diese ebenso femininen wie unwiderstehlichen <strong>Damen-Schn\u00fcrschuhe<\/strong> bieten einen Hauch von klassischer Eleganz, der zu jedem Anlass passt.<\/p>\n<p>Dieser<strong> zweifarbige Halbschuh f\u00fcr Damen<\/strong> zeichnet sich durch feine Arbeiten am Obermaterial aus. Die Klinge ist von Hand mit dem klassischen Oxford Full Wing Tip Dekor versehen. Sie ist vollst\u00e4ndig von Hand mit violettem Kalbsleder gef\u00fcttert und f\u00fcr maximalen Komfort fast nahtlos vern\u00e4ht. Die Sohle ist aus echtem Leder und eine Schicht aus rutschfestem Spay wurde auf die Au\u00dfensohle gespritzt, um zus\u00e4tzliche Isolierung und Sicherheit der Sohle zu gew\u00e4hrleisten.<\/p>\n<p>Das ebenso weiche wie strapazierf\u00e4hige Kalbsleder ist sehr leicht zu reinigen. Ein einfaches feuchtes Tuch entfernt alle R\u00fcckst\u00e4nde des t\u00e4glichen Gebrauchs. Eine kleine Menge farbloser Creme pflegt die Haut und gibt ihr immer wieder ihren urspr\u00fcnglichen Ton zur\u00fcck.<\/p>\n<p>Sie werden mit zwei Schlaufen in Beige und in Gletscherblau geliefert, so dass man sie kombinieren kann.<\/p>\n","protected":false},"excerpt":{"rendered":"<h2>Zweifarbiger Lederfuchs, handgefertigt in Spanien<\/h2>\n<p>Obermaterial: Zweifarbiges Kalbsleder in Blau und Beige<br \/>\nInnenfutter: Lila Rindsleder<br \/>\nSohlenmaterial: Echtes Leder<br \/>\nVerschluss: Schn\u00fcrsenkel<br \/>\nTyp mit niedrigem Absatz<\/p>\n<p>&nbsp;<\/p>\n","protected":false},"featured_media":73752,"comment_status":"open","ping_status":"closed","template":"","meta":[],"product_brand":[],"product_cat":[9054,9053,9028,9218],"product_tag":[],"woo-feed-brand":[],"class_list":{"0":"post-59770","1":"product","2":"type-product","3":"status-publish","4":"has-post-thumbnail","6":"product_cat-blucher-de","7":"product_cat-oxford-schuhe-fur-frauen","8":"product_cat-schuhe-fur-frauen","9":"product_cat-zweifarbige-schuhe-fur-frauen","10":"pa_talla-zapato-35-de","11":"pa_talla-zapato-36-de","12":"pa_talla-zapato-37-de","13":"pa_talla-zapato-38-de","14":"pa_talla-zapato-39-de","15":"pa_talla-zapato-40-de","16":"pa_talla-zapato-41-de","17":"pa_talla-zapato-42-de","18":"pa_talla-zapato-43-de","19":"pa_talla-zapato-44-de","21":"first","22":"instock","23":"sale","24":"taxable","25":"shipping-taxable","26":"purchasable","27":"product-type-variable"},"_links":{"self":[{"href":"https:\/\/www.beatnikshoes.com\/de\/wp-json\/wp\/v2\/product\/59770","targetHints":{"allow":["GET"]}}],"collection":[{"href":"https:\/\/www.beatnikshoes.com\/de\/wp-json\/wp\/v2\/product"}],"about":[{"href":"https:\/\/www.beatnikshoes.com\/de\/wp-json\/wp\/v2\/types\/product"}],"replies":[{"embeddable":true,"href":"https:\/\/www.beatnikshoes.com\/de\/wp-json\/wp\/v2\/comments?post=59770"}],"wp:featuredmedia":[{"embeddable":true,"href":"https:\/\/www.beatnikshoes.com\/de\/wp-json\/wp\/v2\/media\/73752"}],"wp:attachment":[{"href":"https:\/\/www.beatnikshoes.com\/de\/wp-json\/wp\/v2\/media?parent=59770"}],"wp:term":[{"taxonomy":"product_brand","embeddable":true,"href":"https:\/\/www.beatnikshoes.com\/de\/wp-json\/wp\/v2\/product_brand?post=59770"},{"taxonomy":"product_cat","embeddable":true,"href":"https:\/\/www.beatnikshoes.com\/de\/wp-json\/wp\/v2\/product_cat?post=59770"},{"taxonomy":"product_tag","embeddable":true,"href":"https:\/\/www.beatnikshoes.com\/de\/wp-json\/wp\/v2\/product_tag?post=59770"},{"taxonomy":"woo-feed-brand","embeddable":true,"href":"https:\/\/www.beatnikshoes.com\/de\/wp-json\/wp\/v2\/woo-feed-brand?post=59770"}],"curies":[{"name":"wp","href":"https:\/\/api.w.org\/{rel}","templated":true}]}}