{"id":59741,"date":"2017-10-12T10:44:02","date_gmt":"2017-10-12T08:44:02","guid":{"rendered":"https:\/\/www.beatnikshoes.com\/zapatos-hechos-a-mano\/oxford-stiefel-mit-schnuersenkeln-batnik-barbara-braun\/"},"modified":"2025-11-28T21:02:34","modified_gmt":"2025-11-28T20:02:34","slug":"oxford-stiefel-mit-schnuersenkeln-batnik-barbara-braun","status":"publish","type":"product","link":"https:\/\/www.beatnikshoes.com\/de\/handgefertigte-schuhe\/oxford-stiefel-mit-schnuersenkeln-batnik-barbara-braun\/","title":{"rendered":"Beatnik Barbara Braun Schn\u00fcrstiefel Oxford"},"content":{"rendered":"<h2>DER OXFORD-STIEFEL MIT SCHN\u00dcRSENKELN AUS KARAMELLBRAUNEM LEDER<\/h2>\n<p>In dieser Saison pr\u00e4sentieren wir Ihnen diesen tollen <strong>braunen Oxford-Stiefel mit Schn\u00fcrsenkeln<\/strong>. Eine elegante Unisex-Stiefelette aus weichem, karamellbraunem Kalbsleder. Dazu kommt der Komfort der Leisten, der sich aus der Entwicklung unserer Oxford-Reihe ergibt. Und dazu ein Hauch von dekorativem Brogueing, der ein elegantes Ensemble schafft.<\/p>\n<p>Dieser<strong> braune Oxford-Stiefel mit karamellfarbenen Schn\u00fcrsenkeln<\/strong> wird in Spanien handgefertigt und passt perfekt zu allen dunklen und k\u00fchlen T\u00f6nen, von Blaugrau und Schwarz bis zu allen Pastell- und Erdt\u00f6nen. <strong>Braune Brogue-Stiefel mit Schn\u00fcrsenkeln<\/strong>, die sowohl zu Hosen als auch zu Kleidern passen. F\u00fcr kalte und regnerische Tage haben wir den gesamten Innenraum in einem St\u00fcck und praktisch ohne N\u00e4hte mit Kalbsleder ausgekleidet. Dar\u00fcber hinaus haben wir die Ledersohle mit einer unteren Schicht aus rutschfestem Material isoliert. Und schlie\u00dflich sind der gesamte Schaft des Stiefels und die Zunge isoliert. Da uns der Komfort sehr am Herzen liegt, haben wir einen durchgehenden Rei\u00dfverschluss an der Seite angebracht, der das An- und Ausziehen erleichtert, sodass Sie keine Sekunde mit dem Anpassen der Hose verschwenden. Ein Vergn\u00fcgen, f\u00fcr sie in Komfort zu tragen, sowohl in einem l\u00e4ssigen Stil, als auch f\u00fcr eine vollst\u00e4ndige Anzug.<\/p>\n<h3>ABSOLUTE ELEGANZ UND PERFEKTER STIL F\u00dcR DIESE SAISON.<\/h3>\n<p>Der Beatnik Barbara Brown<strong> Unisex Oxford-Schn\u00fcrstiefel <\/strong>ist perfekt f\u00fcr die kommende Saison. Er bietet gleicherma\u00dfen W\u00e4rme, Komfort und Stil sowie unendliche Kombinationsm\u00f6glichkeiten.<\/p>\n<p>In short, a pair of classic <strong>Oxford-style brown leather lace-up boots<\/strong> that are a must-have in your wardrobe.<\/p>\n","protected":false},"excerpt":{"rendered":"<h2>In Spanien handgefertigter Brogue-Stiefel<\/h2>\n<p>Obermaterial: Kalbsleder<br \/>\nInnenfutter: Kalbsleder<br \/>\nSohlenmaterial: Echtes Leder plus eine Schicht aus rutschfestem Material<br \/>\nVerschluss: Schlaufe und Rei\u00dfverschluss<br \/>\nArt des Absatzes: Niedrig<\/p>\n","protected":false},"featured_media":54120,"comment_status":"open","ping_status":"closed","template":"","meta":[],"product_brand":[11790],"product_cat":[9028,9322,9355,9114,9271,9356],"product_tag":[],"woo-feed-brand":[],"class_list":{"0":"post-59741","1":"product","2":"type-product","3":"status-publish","4":"has-post-thumbnail","6":"product_brand-beatnik-shoes-de","7":"product_cat-schuhe-fur-frauen","8":"product_cat-schnurstiefel","9":"product_cat-schnurstiefel-de","10":"product_cat-schuhe-fur-manner","11":"product_cat-stiefel","12":"product_cat-stiefel-fuer-frauen","13":"pa_talla-zapato-35-de","14":"pa_talla-zapato-36-de","15":"pa_talla-zapato-37-de","16":"pa_talla-zapato-38-de","17":"pa_talla-zapato-39-de","18":"pa_talla-zapato-40-de","19":"pa_talla-zapato-41-de","20":"pa_talla-zapato-42-de","21":"pa_talla-zapato-43-de","22":"pa_talla-zapato-44-de","23":"pa_talla-zapato-45-de","25":"first","26":"instock","27":"sale","28":"taxable","29":"shipping-taxable","30":"purchasable","31":"product-type-variable"},"_links":{"self":[{"href":"https:\/\/www.beatnikshoes.com\/de\/wp-json\/wp\/v2\/product\/59741","targetHints":{"allow":["GET"]}}],"collection":[{"href":"https:\/\/www.beatnikshoes.com\/de\/wp-json\/wp\/v2\/product"}],"about":[{"href":"https:\/\/www.beatnikshoes.com\/de\/wp-json\/wp\/v2\/types\/product"}],"replies":[{"embeddable":true,"href":"https:\/\/www.beatnikshoes.com\/de\/wp-json\/wp\/v2\/comments?post=59741"}],"wp:featuredmedia":[{"embeddable":true,"href":"https:\/\/www.beatnikshoes.com\/de\/wp-json\/wp\/v2\/media\/54120"}],"wp:attachment":[{"href":"https:\/\/www.beatnikshoes.com\/de\/wp-json\/wp\/v2\/media?parent=59741"}],"wp:term":[{"taxonomy":"product_brand","embeddable":true,"href":"https:\/\/www.beatnikshoes.com\/de\/wp-json\/wp\/v2\/product_brand?post=59741"},{"taxonomy":"product_cat","embeddable":true,"href":"https:\/\/www.beatnikshoes.com\/de\/wp-json\/wp\/v2\/product_cat?post=59741"},{"taxonomy":"product_tag","embeddable":true,"href":"https:\/\/www.beatnikshoes.com\/de\/wp-json\/wp\/v2\/product_tag?post=59741"},{"taxonomy":"woo-feed-brand","embeddable":true,"href":"https:\/\/www.beatnikshoes.com\/de\/wp-json\/wp\/v2\/woo-feed-brand?post=59741"}],"curies":[{"name":"wp","href":"https:\/\/api.w.org\/{rel}","templated":true}]}}