{"id":59669,"date":"2023-12-01T10:58:53","date_gmt":"2023-12-01T09:58:53","guid":{"rendered":"https:\/\/www.beatnikshoes.com\/zapatos-hechos-a-mano\/schwarz-blonde-frauen-sind-alle-schwarz\/"},"modified":"2025-11-28T21:02:34","modified_gmt":"2025-11-28T20:02:34","slug":"schwarz-blonde-frauen-sind-alle-schwarz","status":"publish","type":"product","link":"https:\/\/www.beatnikshoes.com\/de\/handgefertigte-schuhe\/schwarz-blonde-frauen-sind-alle-schwarz\/","title":{"rendered":"Ethel All Black Women&#8217;s Blucher Schwarz"},"content":{"rendered":"<h2>KLASSISCHE ELEGANZ, F\u00dcR JEDEN STIL<\/h2>\n<p>Ein zeitloses britisches Design. Ein <strong>schwarzer Damenblouson<\/strong>, handgefertigt in jeder Naht. Die extreme Qualit\u00e4t des verwendeten Narbenleders. F\u00fcr jeden Tag, an dem Sie Schuhe brauchen, die diskret gl\u00e4nzen. Immer eine interessante Kombination mit einem Anzug, aber auch mit einem Kleid und einem Rock. So k\u00f6nnen Sie sie in Ihre Garderobe integrieren, unabh\u00e4ngig von Ihrer Farbpalette. Und dank ihrer perfekten Verarbeitung bieten sie h\u00f6chsten Komfort und Schutz, egal bei welchem Wetter im Freien.<\/p>\n<p>Dieser feminine <strong>schwarze Schn\u00fcrschuh im Oxford-Stil<\/strong> ist aus einem Leisten entstanden, der in mehr als zweij\u00e4hriger Arbeit entwickelt wurde. Dar\u00fcber hinaus ist dieser <strong>schwarze Damen-Bl\u00fccherschuh<\/strong> Ethel aus feinstem Vollnarbenleder handgefertigt. Dieser elegante Damenschuh ist vollst\u00e4ndig mit Rindsleder gef\u00fcttert und mit minimalen N\u00e4hten in dunkelviolettem Leder handgen\u00e4ht. Die Sohle ist aus echtem Leder gen\u00e4ht. Um sie vom Boden zu trennen, haben wir eine zus\u00e4tzliche Lederschicht in die Sohle eingearbeitet. Dar\u00fcber hinaus haben wir eine Schicht aus rutschfestem Spai f\u00fcr zus\u00e4tzliche W\u00e4rmeisolierung und Schutz der Sohle eingearbeitet.<\/p>\n<p>Um dem Glanz dieser <strong>Damen-Schn\u00fcrschuhe<\/strong> einen Hauch von Farbe zu verleihen und sie nach Belieben kombinieren zu k\u00f6nnen, sind sie mit doppelten Schn\u00fcrsenkeln ausgestattet, in Gelb und in dezentem Schwarz.<\/p>\n<p>Damit jede Fahrt zu einem echten Vergn\u00fcgen wird.<\/p>\n","protected":false},"excerpt":{"rendered":"<h2>Ethel All Black Women&#8217;s Blucher Schwarz<\/h2>\n<p>\u00c4u\u00dferes Material: Genarbtes Leder<br \/>\nSohlenmaterial: Gen\u00e4htes Leder plus Anti-Rutsch-Schicht<br \/>\nInnenfutter: Lila Rindsleder<br \/>\nArt der Befestigung: Schn\u00fcrsenkel<\/p>\n","protected":false},"featured_media":73049,"comment_status":"open","ping_status":"closed","template":"","meta":[],"product_brand":[11790],"product_cat":[9054,9053,9028],"product_tag":[],"woo-feed-brand":[],"class_list":{"0":"post-59669","1":"product","2":"type-product","3":"status-publish","4":"has-post-thumbnail","6":"product_brand-beatnik-shoes-de","7":"product_cat-blucher-de","8":"product_cat-oxford-schuhe-fur-frauen","9":"product_cat-schuhe-fur-frauen","10":"pa_talla-zapato-35-de","11":"pa_talla-zapato-36-de","12":"pa_talla-zapato-37-de","13":"pa_talla-zapato-38-de","14":"pa_talla-zapato-39-de","15":"pa_talla-zapato-40-de","16":"pa_talla-zapato-41-de","17":"pa_talla-zapato-42-de","19":"first","20":"instock","21":"sale","22":"taxable","23":"shipping-taxable","24":"purchasable","25":"product-type-variable"},"_links":{"self":[{"href":"https:\/\/www.beatnikshoes.com\/de\/wp-json\/wp\/v2\/product\/59669","targetHints":{"allow":["GET"]}}],"collection":[{"href":"https:\/\/www.beatnikshoes.com\/de\/wp-json\/wp\/v2\/product"}],"about":[{"href":"https:\/\/www.beatnikshoes.com\/de\/wp-json\/wp\/v2\/types\/product"}],"replies":[{"embeddable":true,"href":"https:\/\/www.beatnikshoes.com\/de\/wp-json\/wp\/v2\/comments?post=59669"}],"wp:featuredmedia":[{"embeddable":true,"href":"https:\/\/www.beatnikshoes.com\/de\/wp-json\/wp\/v2\/media\/73049"}],"wp:attachment":[{"href":"https:\/\/www.beatnikshoes.com\/de\/wp-json\/wp\/v2\/media?parent=59669"}],"wp:term":[{"taxonomy":"product_brand","embeddable":true,"href":"https:\/\/www.beatnikshoes.com\/de\/wp-json\/wp\/v2\/product_brand?post=59669"},{"taxonomy":"product_cat","embeddable":true,"href":"https:\/\/www.beatnikshoes.com\/de\/wp-json\/wp\/v2\/product_cat?post=59669"},{"taxonomy":"product_tag","embeddable":true,"href":"https:\/\/www.beatnikshoes.com\/de\/wp-json\/wp\/v2\/product_tag?post=59669"},{"taxonomy":"woo-feed-brand","embeddable":true,"href":"https:\/\/www.beatnikshoes.com\/de\/wp-json\/wp\/v2\/woo-feed-brand?post=59669"}],"curies":[{"name":"wp","href":"https:\/\/api.w.org\/{rel}","templated":true}]}}