{"id":59652,"date":"2023-11-30T11:15:08","date_gmt":"2023-11-30T10:15:08","guid":{"rendered":"https:\/\/www.beatnikshoes.com\/zapatos-hechos-a-mano\/blucher-bicolour-female-ethel-black-blue\/"},"modified":"2025-08-25T15:16:05","modified_gmt":"2025-08-25T13:16:05","slug":"blucher-bicolour-damen-ethel-blau-schwarz","status":"publish","type":"product","link":"https:\/\/www.beatnikshoes.com\/de\/handgefertigte-schuhe\/blucher-bicolour-damen-ethel-blau-schwarz\/","title":{"rendered":"Ethel Black &amp; Blue Damen zweifarbiger Bl\u00fccher"},"content":{"rendered":"<h2>KLASSISCHER BRITISCHER STIL. FEMININE ELEGANZ MIT EINEM LEDERBLAZER IN ZWEI FARBEN, BLAU UND SCHWARZ.<\/h2>\n<p>Der <strong>zweifarbige Damenblucher <\/strong>mit klassischem Design und einem Hauch von moderner Farbe. Bleiblau auf Schwarz. Diskretion und Stil kombiniert mit Funktionalit\u00e4t. Perfekt f\u00fcr alle Arten von Arbeits- und Freizeitsituationen. Daher passen sie genauso gut zu einer Anzugsjacke wie zu einem wesentlich legereren Outfit.<\/p>\n<p>Ein <strong>zweifarbiger blau-schwarzer Damenschuh<\/strong>, der Ihre t\u00e4gliche Garderobe unterstreicht und Sie dank der Qualit\u00e4t der verwendeten Materialien lange Zeit mit maximalem Komfort begleiten wird.<\/p>\n<p>Dieser zweifarbige Schn\u00fcrschuh ist aus einem Leisten entstanden, der in mehr als zweij\u00e4hriger Arbeit entwickelt wurde.<\/p>\n<p>Unser Ethel ist ein <strong>zweifarbiger Damenschuh im Oxford-Stil<\/strong>, handgefertigt in Spanien aus Vollnarbenleder in Schwarz und Rotgussblau. Die gesamte Klinge wurde f\u00fcr eine optimale Verzierung der Fl\u00fcgelspitze von Hand brogiert.<\/p>\n<p>Das Innenfutter besteht ebenfalls aus Rindsleder und ist von Hand gen\u00e4ht, mit einer kleinen Menge dunkelvioletter N\u00e4hte. Die Sohlen sind aus echtem Leder und auf der Au\u00dfensohle haben wir eine Schicht aus rutschfestem Spai f\u00fcr zus\u00e4tzliche Isolierung und Haltbarkeit der Sohle injiziert. All dies, um Ihnen ein H\u00f6chstma\u00df an W\u00e4rme und Komfort zu bieten.<\/p>\n<p>F\u00fcr noch mehr Farbkombinationen ganz nach dem Geschmack der Besitzerin gibt es diesen <strong>zweifarbigen Damen-Derby-Schuh<\/strong> mit doppelter Schn\u00fcrung in Kobaltblau und Schwarz.<\/p>\n","protected":false},"excerpt":{"rendered":"<h2>Zweifarbiger Bl\u00fccher, handgefertigt in Spanien<\/h2>\n<p>\u00c4u\u00dferes Material: Genarbtes Leder<br \/>\nSohlenmaterial: Gen\u00e4htes Leder plus Anti-Rutsch-Schicht<br \/>\nInnenfutter: Lila Rindsleder<br \/>\nArt der Befestigung: Schn\u00fcrsenkel<br \/>\nArt des Absatzes: Niedrig<\/p>\n","protected":false},"featured_media":76262,"comment_status":"open","ping_status":"closed","template":"","meta":[],"product_brand":[11790],"product_cat":[9054,9053,9028,9218],"product_tag":[],"woo-feed-brand":[],"class_list":{"0":"post-59652","1":"product","2":"type-product","3":"status-publish","4":"has-post-thumbnail","6":"product_brand-beatnik-shoes-de","7":"product_cat-blucher-de","8":"product_cat-oxford-schuhe-fur-frauen","9":"product_cat-schuhe-fur-frauen","10":"product_cat-zweifarbige-schuhe-fur-frauen","11":"pa_talla-zapato-35-de","12":"pa_talla-zapato-36-de","13":"pa_talla-zapato-37-de","14":"pa_talla-zapato-38-de","15":"pa_talla-zapato-39-de","16":"pa_talla-zapato-40-de","17":"pa_talla-zapato-41-de","18":"pa_talla-zapato-42-de","20":"first","21":"instock","22":"sale","23":"taxable","24":"shipping-taxable","25":"purchasable","26":"product-type-variable"},"_links":{"self":[{"href":"https:\/\/www.beatnikshoes.com\/de\/wp-json\/wp\/v2\/product\/59652","targetHints":{"allow":["GET"]}}],"collection":[{"href":"https:\/\/www.beatnikshoes.com\/de\/wp-json\/wp\/v2\/product"}],"about":[{"href":"https:\/\/www.beatnikshoes.com\/de\/wp-json\/wp\/v2\/types\/product"}],"replies":[{"embeddable":true,"href":"https:\/\/www.beatnikshoes.com\/de\/wp-json\/wp\/v2\/comments?post=59652"}],"wp:featuredmedia":[{"embeddable":true,"href":"https:\/\/www.beatnikshoes.com\/de\/wp-json\/wp\/v2\/media\/76262"}],"wp:attachment":[{"href":"https:\/\/www.beatnikshoes.com\/de\/wp-json\/wp\/v2\/media?parent=59652"}],"wp:term":[{"taxonomy":"product_brand","embeddable":true,"href":"https:\/\/www.beatnikshoes.com\/de\/wp-json\/wp\/v2\/product_brand?post=59652"},{"taxonomy":"product_cat","embeddable":true,"href":"https:\/\/www.beatnikshoes.com\/de\/wp-json\/wp\/v2\/product_cat?post=59652"},{"taxonomy":"product_tag","embeddable":true,"href":"https:\/\/www.beatnikshoes.com\/de\/wp-json\/wp\/v2\/product_tag?post=59652"},{"taxonomy":"woo-feed-brand","embeddable":true,"href":"https:\/\/www.beatnikshoes.com\/de\/wp-json\/wp\/v2\/woo-feed-brand?post=59652"}],"curies":[{"name":"wp","href":"https:\/\/api.w.org\/{rel}","templated":true}]}}