{"id":59505,"date":"2023-04-10T10:49:27","date_gmt":"2023-04-10T08:49:27","guid":{"rendered":"https:\/\/www.beatnikshoes.com\/zapatos-hechos-a-mano\/oxford-charol-bicol-bicolour-frauen-in-charol-lena-grun-auf-rot\/"},"modified":"2025-08-25T22:41:05","modified_gmt":"2025-08-25T20:41:05","slug":"oxford-charol-bicol-bicolour-frauen-in-charol-lena-gruen-auf-rot","status":"publish","type":"product","link":"https:\/\/www.beatnikshoes.com\/de\/handgefertigte-schuhe\/oxford-charol-bicol-bicolour-frauen-in-charol-lena-gruen-auf-rot\/","title":{"rendered":"Zweifarbiger Damen-Oxford aus Lackleder Lena Gr\u00fcn auf Rot"},"content":{"rendered":"<h2>DER MUT ZUR VER\u00c4NDERUNG MACHT SIE ZUM GEWINNER<\/h2>\n<p>Der Schuh, der Intelligenz, Charme und Eleganz in sich vereint. Ein zweifarbiger Lackleder-Oxford f\u00fcr Damen, die perfekte Mischung zwischen maskulin und feminin, zwischen Eleganz und Farbe, zwischen klassisch und modern.<\/p>\n<p>Diese <strong>zweifarbigen Lackleder-Damenschuhe im Oxford-Stil<\/strong> aus Spanien in gr\u00fcnem und kirschrotem Lackleder sind ein Klassiker in Bezug auf Stil und Schnitt des Obermaterials, so dass sie mit ihrem eigenen Licht in jedem Stil gl\u00e4nzen. Dar\u00fcber hinaus bietet dieser Oxford dank des Designs seines Leistens seinem Tr\u00e4ger gro\u00dfen Komfort.<\/p>\n<p>Diese<strong> zweifarbigen gr\u00fcn-roten Damen-Oxford-Schuhe <\/strong>passen zu einer Vielzahl von Stilen: flie\u00dfende R\u00f6cke, Jeans, enge Hosen, Kleider&#8230;<\/p>\n<p>Ihr Zauber liegt in der Bequemlichkeit und den Farbkontrasten, die sie ihrem Besitzer bieten. Sie werden mit einem doppelten Satz Schn\u00fcrsenkel in Rot und Gr\u00fcn geliefert, so dass Sie sie nach Belieben kombinieren k\u00f6nnen.<\/p>\n<p>Klassische Eleganz mit einem dezenten Farbakzent.<\/p>\n","protected":false},"excerpt":{"rendered":"<h2>In Spanien handgefertigter Oxford aus Lackleder<\/h2>\n<p>Obermaterial: Gr\u00fcnes und rotes Lackleder<br \/>\nInnenfutter: Lila Rindsleder<br \/>\nSohlenmaterial: Gen\u00e4htes Leder plus rutschfeste Injektionsschicht<br \/>\nVerschluss: Zwei Paar gr\u00fcne und rote Schn\u00fcrsenkel<br \/>\nArt des Absatzes: Niedrig<\/p>\n","protected":false},"featured_media":53538,"comment_status":"open","ping_status":"closed","template":"","meta":[],"product_brand":[11790],"product_cat":[9053,9028,9218],"product_tag":[],"woo-feed-brand":[],"class_list":{"0":"post-59505","1":"product","2":"type-product","3":"status-publish","4":"has-post-thumbnail","6":"product_brand-beatnik-shoes-de","7":"product_cat-oxford-schuhe-fur-frauen","8":"product_cat-schuhe-fur-frauen","9":"product_cat-zweifarbige-schuhe-fur-frauen","10":"pa_talla-zapato-35-de","11":"pa_talla-zapato-36-de","12":"pa_talla-zapato-37-de","13":"pa_talla-zapato-38-de","14":"pa_talla-zapato-39-de","15":"pa_talla-zapato-40-de","16":"pa_talla-zapato-41-de","17":"pa_talla-zapato-42-de","19":"first","20":"instock","21":"sale","22":"taxable","23":"shipping-taxable","24":"purchasable","25":"product-type-variable"},"_links":{"self":[{"href":"https:\/\/www.beatnikshoes.com\/de\/wp-json\/wp\/v2\/product\/59505","targetHints":{"allow":["GET"]}}],"collection":[{"href":"https:\/\/www.beatnikshoes.com\/de\/wp-json\/wp\/v2\/product"}],"about":[{"href":"https:\/\/www.beatnikshoes.com\/de\/wp-json\/wp\/v2\/types\/product"}],"replies":[{"embeddable":true,"href":"https:\/\/www.beatnikshoes.com\/de\/wp-json\/wp\/v2\/comments?post=59505"}],"wp:featuredmedia":[{"embeddable":true,"href":"https:\/\/www.beatnikshoes.com\/de\/wp-json\/wp\/v2\/media\/53538"}],"wp:attachment":[{"href":"https:\/\/www.beatnikshoes.com\/de\/wp-json\/wp\/v2\/media?parent=59505"}],"wp:term":[{"taxonomy":"product_brand","embeddable":true,"href":"https:\/\/www.beatnikshoes.com\/de\/wp-json\/wp\/v2\/product_brand?post=59505"},{"taxonomy":"product_cat","embeddable":true,"href":"https:\/\/www.beatnikshoes.com\/de\/wp-json\/wp\/v2\/product_cat?post=59505"},{"taxonomy":"product_tag","embeddable":true,"href":"https:\/\/www.beatnikshoes.com\/de\/wp-json\/wp\/v2\/product_tag?post=59505"},{"taxonomy":"woo-feed-brand","embeddable":true,"href":"https:\/\/www.beatnikshoes.com\/de\/wp-json\/wp\/v2\/woo-feed-brand?post=59505"}],"curies":[{"name":"wp","href":"https:\/\/api.w.org\/{rel}","templated":true}]}}