{"id":59494,"date":"2023-10-09T15:51:04","date_gmt":"2023-10-09T13:51:04","guid":{"rendered":"https:\/\/www.beatnikshoes.com\/zapatos-hechos-a-mano\/doppelschnalle-schwarz-frauen-schuh-june\/"},"modified":"2025-10-21T23:18:53","modified_gmt":"2025-10-21T21:18:53","slug":"doppelschnalle-schwarz-frauen-schuh-june","status":"publish","type":"product","link":"https:\/\/www.beatnikshoes.com\/de\/handgefertigte-schuhe\/doppelschnalle-schwarz-frauen-schuh-june\/","title":{"rendered":"June Schwarzer Schuh mit doppelter Schnalle f\u00fcr Frauen"},"content":{"rendered":"<h2>LIEBE DEINE ANWESENHEIT. EIN SCHWARZER MONKSTRAP F\u00dcR DAS T\u00c4GLICHE TRAGEN<\/h2>\n<p>Der <strong>schwarze Damenschuh mit doppelter Schnalle,<\/strong> ein Klassiker par excellence, der jetzt f\u00fcr die elegantesten Frauen entworfen und hergestellt wird.<\/p>\n<p>Wenn Sie sie einmal angezogen haben, werden Sie sie nicht mehr ausziehen wollen. Handgefertigt aus weichem Leder, mit einer gen\u00e4hten Sohle und einem warmen Lederfutter im gesamten Obermaterial, bieten sie ihrem Besitzer maximalen Komfort.<\/p>\n<p>Das geschmeidige Leder dieses <strong>femininen schwarzen M\u00f6nchsschuhs<\/strong> und sein speziell f\u00fcr Frauenf\u00fc\u00dfe entworfener und gefertigter Leisten erm\u00f6glichen es Ihnen, Ihren Alltag in vollen Z\u00fcgen zu genie\u00dfen, sei es bei der Arbeit, bei Freunden oder in der Familie. Dieser <strong>schwarze Monk Strap<\/strong> bietet stilvollen Komfort.<\/p>\n<p>Das Design der schlanken Klinge bietet neben hohem Komfort auch einen eleganten Auftritt. Mit einem Kleid, einem Rock oder einer Hose werden sie die Aufmerksamkeit der Frauen um Sie herum auf sich ziehen. Und nicht nur von ihnen. Versprochen.<\/p>\n","protected":false},"excerpt":{"rendered":"<h2>June Damenschuh mit doppelter Schnalle, schwarz, hergestellt in Spanien<\/h2>\n<p>Obermaterial: Schwarzes Kalbsleder<br \/>\nInnenfutter: Lila Rindsleder<br \/>\nSohlenmaterial: Gen\u00e4htes echtes Leder plus eine d\u00fcnne eingespritzte Anti-Rutsch-Schicht<br \/>\nSchlie\u00dfe: Doppelte Schnalle<br \/>\nArt des Absatzes: Niedrig<\/p>\n","protected":false},"featured_media":76354,"comment_status":"open","ping_status":"closed","template":"","meta":[],"product_brand":[],"product_cat":[9530,9028],"product_tag":[],"woo-feed-brand":[],"class_list":{"0":"post-59494","1":"product","2":"type-product","3":"status-publish","4":"has-post-thumbnail","6":"product_cat-schuh-mit-schnallen","7":"product_cat-schuhe-fur-frauen","8":"pa_talla-zapato-35-de","9":"pa_talla-zapato-36-de","10":"pa_talla-zapato-37-de","11":"pa_talla-zapato-38-de","12":"pa_talla-zapato-39-de","13":"pa_talla-zapato-40-de","14":"pa_talla-zapato-41-de","15":"pa_talla-zapato-42-de","17":"first","18":"instock","19":"sale","20":"taxable","21":"shipping-taxable","22":"purchasable","23":"product-type-variable"},"_links":{"self":[{"href":"https:\/\/www.beatnikshoes.com\/de\/wp-json\/wp\/v2\/product\/59494","targetHints":{"allow":["GET"]}}],"collection":[{"href":"https:\/\/www.beatnikshoes.com\/de\/wp-json\/wp\/v2\/product"}],"about":[{"href":"https:\/\/www.beatnikshoes.com\/de\/wp-json\/wp\/v2\/types\/product"}],"replies":[{"embeddable":true,"href":"https:\/\/www.beatnikshoes.com\/de\/wp-json\/wp\/v2\/comments?post=59494"}],"wp:featuredmedia":[{"embeddable":true,"href":"https:\/\/www.beatnikshoes.com\/de\/wp-json\/wp\/v2\/media\/76354"}],"wp:attachment":[{"href":"https:\/\/www.beatnikshoes.com\/de\/wp-json\/wp\/v2\/media?parent=59494"}],"wp:term":[{"taxonomy":"product_brand","embeddable":true,"href":"https:\/\/www.beatnikshoes.com\/de\/wp-json\/wp\/v2\/product_brand?post=59494"},{"taxonomy":"product_cat","embeddable":true,"href":"https:\/\/www.beatnikshoes.com\/de\/wp-json\/wp\/v2\/product_cat?post=59494"},{"taxonomy":"product_tag","embeddable":true,"href":"https:\/\/www.beatnikshoes.com\/de\/wp-json\/wp\/v2\/product_tag?post=59494"},{"taxonomy":"woo-feed-brand","embeddable":true,"href":"https:\/\/www.beatnikshoes.com\/de\/wp-json\/wp\/v2\/woo-feed-brand?post=59494"}],"curies":[{"name":"wp","href":"https:\/\/api.w.org\/{rel}","templated":true}]}}