{"id":59490,"date":"2014-09-09T14:17:09","date_gmt":"2023-08-24T15:36:49","guid":{"rendered":"https:\/\/www.beatnikshoes.com\/zapatos-hechos-a-mano\/herren-schwarz-loafer-in-everson-leder\/"},"modified":"2024-03-08T14:41:59","modified_gmt":"2024-03-08T13:41:59","slug":"herren-schwarz-loafer-in-everson-leder","status":"publish","type":"product","link":"https:\/\/www.beatnikshoes.com\/de\/handgefertigte-schuhe\/herren-schwarz-loafer-in-everson-leder\/","title":{"rendered":"Everson Herren Leder-Slipper schwarz"},"content":{"rendered":"<h2>DER STILVOLLE IM B\u00dcRO<\/h2>\n<p>Sein klassisches, klares Design macht ihn ideal f\u00fcr eine Arbeitsumgebung. Wir bieten Ihnen einen <strong>Loafer<\/strong>, der Ihnen im Alltag Formalit\u00e4t und Komfort garantiert.<br \/>\nUnd eine Skinny-Jeans sorgt f\u00fcr einen leicht grenz\u00fcberschreitenden Look.<br \/>\nSo garantiert seine Struktur allen Komfort f\u00fcr die l\u00e4ngsten Tage (und N\u00e4chte). Und lange Spazierg\u00e4nge auf allen m\u00f6glichen Stra\u00dfen.<\/p>\n","protected":false},"excerpt":{"rendered":"<h2>Mokassin handgefertigt in Spanien aus Leder<\/h2>\n<p>\u00c4u\u00dferes Material: Genarbtes Leder<br \/>\nMaserung: Rindsleder<br \/>\nSohlenmaterial: Gen\u00e4htes echtes Leder plus eine d\u00fcnne eingespritzte Anti-Rutsch-Schicht<br \/>\nArt des Absatzes: Niedrig<\/p>\n","protected":false},"featured_media":52592,"comment_status":"open","ping_status":"closed","template":"","meta":[],"product_brand":[],"product_cat":[9147,9114],"product_tag":[],"woo-feed-brand":[],"class_list":{"0":"post-59490","1":"product","2":"type-product","3":"status-publish","4":"has-post-thumbnail","6":"product_cat-auslass","7":"product_cat-schuhe-fur-manner","8":"pa_talla-zapato-39-de","9":"pa_talla-zapato-40-de","10":"pa_talla-zapato-41-de","11":"pa_talla-zapato-42-de","12":"pa_talla-zapato-43-de","13":"pa_talla-zapato-44-de","14":"pa_talla-zapato-45-de","15":"pa_talla-zapato-46-de","17":"first","18":"outofstock","19":"sale","20":"taxable","21":"shipping-taxable","22":"purchasable","23":"product-type-variable"},"_links":{"self":[{"href":"https:\/\/www.beatnikshoes.com\/de\/wp-json\/wp\/v2\/product\/59490","targetHints":{"allow":["GET"]}}],"collection":[{"href":"https:\/\/www.beatnikshoes.com\/de\/wp-json\/wp\/v2\/product"}],"about":[{"href":"https:\/\/www.beatnikshoes.com\/de\/wp-json\/wp\/v2\/types\/product"}],"replies":[{"embeddable":true,"href":"https:\/\/www.beatnikshoes.com\/de\/wp-json\/wp\/v2\/comments?post=59490"}],"wp:featuredmedia":[{"embeddable":true,"href":"https:\/\/www.beatnikshoes.com\/de\/wp-json\/wp\/v2\/media\/52592"}],"wp:attachment":[{"href":"https:\/\/www.beatnikshoes.com\/de\/wp-json\/wp\/v2\/media?parent=59490"}],"wp:term":[{"taxonomy":"product_brand","embeddable":true,"href":"https:\/\/www.beatnikshoes.com\/de\/wp-json\/wp\/v2\/product_brand?post=59490"},{"taxonomy":"product_cat","embeddable":true,"href":"https:\/\/www.beatnikshoes.com\/de\/wp-json\/wp\/v2\/product_cat?post=59490"},{"taxonomy":"product_tag","embeddable":true,"href":"https:\/\/www.beatnikshoes.com\/de\/wp-json\/wp\/v2\/product_tag?post=59490"},{"taxonomy":"woo-feed-brand","embeddable":true,"href":"https:\/\/www.beatnikshoes.com\/de\/wp-json\/wp\/v2\/woo-feed-brand?post=59490"}],"curies":[{"name":"wp","href":"https:\/\/api.w.org\/{rel}","templated":true}]}}