{"id":70882,"date":"2025-03-18T19:32:10","date_gmt":"2025-03-18T18:32:10","guid":{"rendered":"https:\/\/www.beatnikshoes.com\/werden-sie-mitglied-im-beatnik-club\/"},"modified":"2026-01-13T13:39:29","modified_gmt":"2026-01-13T12:39:29","slug":"werden-sie-mitglied-im-beatnik-club","status":"publish","type":"page","link":"https:\/\/www.beatnikshoes.com\/de\/werden-sie-mitglied-im-beatnik-club\/","title":{"rendered":"Werden Sie Mitglied im Beatnik-Club"},"content":{"rendered":"\n\n\t<section class=\"section dark hide-for-medium\" id=\"section_1063897226\">\n\t\t<div class=\"section-bg fill\" >\n\t\t\t<img decoding=\"async\" width=\"1540\" height=\"595\" src=\"https:\/\/www.beatnikshoes.com\/wp-content\/uploads\/2025\/10\/MIller-Old-Money-Blog-1540-595.jpg\" class=\"bg attachment- size-\" alt=\"Die besten Herrenschuhe im Old-Money-Stil\" \/>\t\t\t\t\t\t<div class=\"section-bg-overlay absolute fill\"><\/div>\n\t\t\t\n\t<div class=\"is-border\"\n\t\tstyle=\"border-color:rgb(235, 235, 235);border-width:1px 0px 0px 0px;\">\n\t<\/div>\n\n\t\t<\/div>\n\n\t\t\n\n\t\t<div class=\"section-content relative\">\n\t\t\t\n\n<div class=\"row row-large align-middle align-center\"  id=\"row-784605466\">\n\n\n\t<div id=\"col-1393333020\" class=\"col medium-12 small-12 large-6\"  >\n\t\t\t\t<div class=\"col-inner text-center dark\"  >\n\t\t\t\n\t\t\t\n\n\t<div id=\"text-1483626504\" class=\"text\">\n\t\t\n\n<h3 class=\"uppercase\"><strong>Tritt dem BEATNIK Club bei<\/strong><\/h3>\n<p>Hinterlassen Sie uns Ihre E-Mail-Adresse&#8230; Nur f\u00fcr Angebote, Neuigkeiten und Konzerte, versprochen. <\/p>\n\n\t\t\n<style>\n#text-1483626504 {\n  color: #ffffff;\n}\n#text-1483626504 > * {\n  color: #ffffff;\n}\n<\/style>\n\t<\/div>\n\t\n\n\t\t<\/div>\n\t\t\t\t\n<style>\n#col-1393333020 > .col-inner {\n  padding: 0px 30px 0px 30px;\n}\n<\/style>\n\t<\/div>\n\n\t\n\n\t<div id=\"col-1292618879\" class=\"col medium-8 small-12 large-6\"  >\n\t\t\t\t<div class=\"col-inner text-left box-shadow-2 box-shadow-5-hover\" style=\"background-color:rgba(6, 6, 6, 0.715);\" >\n\t\t\t\n\t\t\t\n\n\n<div class=\"wpcf7 no-js\" id=\"wpcf7-f50456-o1\" lang=\"es-ES\" dir=\"ltr\" data-wpcf7-id=\"50456\">\n<div class=\"screen-reader-response\"><p role=\"status\" aria-live=\"polite\" aria-atomic=\"true\"><\/p> <ul><\/ul><\/div>\n<form action=\"\/de\/wp-json\/wp\/v2\/pages\/70882#wpcf7-f50456-o1\" method=\"post\" class=\"wpcf7-form init 94615c74f2e0 cmatic-conn cmatic-aud-1 cmatic-mapd0-0 cmatic-v0976 cmatic-sent-0 cmatic-total-654 wpcf7-acceptance-as-validation\" aria-label=\"Contact form\" novalidate=\"novalidate\" data-status=\"init\">\n<fieldset class=\"hidden-fields-container\"><input type=\"hidden\" name=\"_wpcf7\" value=\"50456\" \/><input type=\"hidden\" name=\"_wpcf7_version\" value=\"6.1.5\" \/><input type=\"hidden\" name=\"_wpcf7_locale\" value=\"es_ES\" \/><input type=\"hidden\" name=\"_wpcf7_unit_tag\" value=\"wpcf7-f50456-o1\" \/><input type=\"hidden\" name=\"_wpcf7_container_post\" value=\"0\" \/><input type=\"hidden\" name=\"_wpcf7_posted_data_hash\" value=\"\" \/><input type=\"hidden\" name=\"_wpcf7_recaptcha_response\" value=\"\" \/>\n<\/fieldset>\n<p><span class=\"wpcf7-form-control-wrap\" data-name=\"your-name\"><input size=\"40\" maxlength=\"400\" class=\"wpcf7-form-control wpcf7-text wpcf7-validates-as-required\" aria-required=\"true\" aria-invalid=\"false\" placeholder=\"Nombre*\" value=\"\" type=\"text\" name=\"your-name\" \/><\/span><br \/>\n<span class=\"wpcf7-form-control-wrap\" data-name=\"your-email\"><input size=\"40\" maxlength=\"400\" class=\"wpcf7-form-control wpcf7-email wpcf7-validates-as-required wpcf7-text wpcf7-validates-as-email\" aria-required=\"true\" aria-invalid=\"false\" placeholder=\"Email*\" value=\"\" type=\"email\" name=\"your-email\" \/><\/span>\n<\/p>\n<p class=\"is-small\"><span class=\"wpcf7-form-control-wrap\" data-name=\"cmplz-acceptance\"><span class=\"wpcf7-form-control wpcf7-acceptance\"><span class=\"wpcf7-list-item\"><label><input type=\"checkbox\" name=\"cmplz-acceptance\" value=\"1\" aria-invalid=\"false\" \/><span class=\"wpcf7-list-item-label\">He le\u00eddo y Acepto vuestra <a href=\"https:\/\/www.beatnikshoes.com\/politica-de-privacidad\/?cmplz_region_redirect=true\">Pol\u00edtica de Privacidad<\/a><\/span><\/label><\/span><\/span><\/span><br \/>\n<input class=\"wpcf7-form-control wpcf7-submit has-spinner button\" type=\"submit\" value=\"Suscribirme\" \/>\n<\/p><p style=\"display: none !important;\" class=\"akismet-fields-container\" data-prefix=\"_wpcf7_ak_\"><label>&#916;<textarea name=\"_wpcf7_ak_hp_textarea\" cols=\"45\" rows=\"8\" maxlength=\"100\"><\/textarea><\/label><input type=\"hidden\" id=\"ak_js_1\" name=\"_wpcf7_ak_js\" value=\"19\"\/><script>document.getElementById( \"ak_js_1\" ).setAttribute( \"value\", ( new Date() ).getTime() );<\/script><\/p><div class=\"wpcf7-response-output\" aria-hidden=\"true\"><\/div>\n<\/form>\n<\/div>\n\n\n<div class=\"accordion\">\n\n\t<div id=\"accordion-697308365\" class=\"accordion-item is-small\">\n\t\t<a id=\"accordion-697308365-label\" class=\"accordion-title plain\" href=\"#accordion-item-weitere-informationen-zum-datenschutz-finden-sie-hier\" aria-expanded=\"false\" aria-controls=\"accordion-697308365-content\">\n\t\t\t<button class=\"toggle\" aria-label=\"Umschalten\"><i class=\"icon-angle-down\" aria-hidden=\"true\"><\/i><\/button>\n\t\t\t<span>Weitere Informationen zum Datenschutz finden Sie hier<\/span>\n\t\t<\/a>\n\t\t<div id=\"accordion-697308365-content\" class=\"accordion-inner\" aria-labelledby=\"accordion-697308365-label\">\n\t\t\t\n\n<p>Ihre pers\u00f6nlichen Daten werden f\u00fcr die Bearbeitung Ihrer Bestellung, die Nutzung der Website und f\u00fcr andere Zwecke, die in unserer <a href=\"https:\/\/www.beatnikshoes.com\/de\/datenschutzbestimmungen\/\" target=\"_blank\" rel=\"noopener\">Datenschutzrichtlinie<\/a> beschrieben sind, verwendet.<br \/><strong>Verantwortlich:<\/strong> The Loafers Shop S.L. | <strong>Zweck:<\/strong> Lieferung der Bestellung und alle damit verbundenen T\u00e4tigkeiten. | <strong>Legitimation:<\/strong> Ihre Zustimmung zum Abschluss der Bestellung. | <strong>Zus\u00e4tzliche Informationen:<\/strong> Weitere Informationen \u00fcber unsere Datenschutzpolitik finden Sie unter dem Link am Ende dieser Seite.<\/p>\n\n\t\t<\/div>\n\t<\/div>\n\t\n\n<\/div>\n\n\t\t<\/div>\n\t\t\t\t\n<style>\n#col-1292618879 > .col-inner {\n  padding: 35px 35px 35px 35px;\n}\n<\/style>\n\t<\/div>\n\n\t\n\n<\/div>\n\n\t\t<\/div>\n\n\t\t\n<style>\n#section_1063897226 {\n  padding-top: 59px;\n  padding-bottom: 59px;\n  min-height: 550px;\n  background-color: rgb(113, 113, 113);\n}\n#section_1063897226 .section-bg-overlay {\n  background-color: rgba(0, 0, 0, 0.64);\n}\n#section_1063897226 .section-bg img {\n  object-position: 57% 50%;\n}\n<\/style>\n\t<\/section>\n\t\n\n\t<section class=\"section dark show-for-medium\" id=\"section_1422175324\">\n\t\t<div class=\"section-bg fill\" >\n\t\t\t<img decoding=\"async\" width=\"1540\" height=\"595\" src=\"https:\/\/www.beatnikshoes.com\/wp-content\/uploads\/2025\/10\/MIller-Old-Money-Blog-1540-595.jpg\" class=\"bg attachment-original size-original\" alt=\"Die besten Herrenschuhe im Old-Money-Stil\" \/>\t\t\t\t\t\t\n\t\t\t\n\t<div class=\"is-border\"\n\t\tstyle=\"border-color:rgb(235, 235, 235);border-width:1px 0px 0px 0px;\">\n\t<\/div>\n\n\t\t<\/div>\n\n\t\t\n\n\t\t<div class=\"section-content relative\">\n\t\t\t\n\n<div class=\"row row-large align-middle align-center\"  id=\"row-614214242\">\n\n\n\t<div id=\"col-940472376\" class=\"col medium-12 small-12 large-6\"  >\n\t\t\t\t<div class=\"col-inner text-center dark\"  >\n\t\t\t\n\t\t\t\n\n\t<div id=\"text-357529555\" class=\"text\">\n\t\t\n\n<h3 class=\"uppercase\"><strong>Tritt dem BEATNIK Club bei<\/strong><\/h3>\n<p>Hinterlassen Sie uns Ihre E-Mail-Adresse. Nur f\u00fcr Angebote, Neuigkeiten und Konzerte, versprochen. <\/p>\n<p>\n\n\t\t\n<style>\n#text-357529555 {\n  color: #ffffff;\n}\n#text-357529555 > * {\n  color: #ffffff;\n}\n<\/style>\n\t<\/div>\n\t\n\n\t\t<\/div>\n\t\t\t\t\n<style>\n#col-940472376 > .col-inner {\n  padding: 0px 30px 0px 30px;\n}\n<\/style>\n\t<\/div>\n\n\t\n\n\t<div id=\"col-649185826\" class=\"col medium-8 small-12 large-6\"  >\n\t\t\t\t<div class=\"col-inner text-left box-shadow-2 box-shadow-5-hover\" style=\"background-color:rgba(6, 6, 6, 0.715);\" >\n\t\t\t\n\t\t\t\n\n\n<div class=\"wpcf7 no-js\" id=\"wpcf7-f50456-o2\" lang=\"es-ES\" dir=\"ltr\" data-wpcf7-id=\"50456\">\n<div class=\"screen-reader-response\"><p role=\"status\" aria-live=\"polite\" aria-atomic=\"true\"><\/p> <ul><\/ul><\/div>\n<form action=\"\/de\/wp-json\/wp\/v2\/pages\/70882#wpcf7-f50456-o2\" method=\"post\" class=\"wpcf7-form init 94615c74f2e0 cmatic-conn cmatic-aud-1 cmatic-mapd0-0 cmatic-v0976 cmatic-sent-0 cmatic-total-654 wpcf7-acceptance-as-validation\" aria-label=\"Formulario de contacto\" novalidate=\"novalidate\" data-status=\"init\">\n<fieldset class=\"hidden-fields-container\"><input type=\"hidden\" name=\"_wpcf7\" value=\"50456\" \/><input type=\"hidden\" name=\"_wpcf7_version\" value=\"6.1.5\" \/><input type=\"hidden\" name=\"_wpcf7_locale\" value=\"es_ES\" \/><input type=\"hidden\" name=\"_wpcf7_unit_tag\" value=\"wpcf7-f50456-o2\" \/><input type=\"hidden\" name=\"_wpcf7_container_post\" value=\"0\" \/><input type=\"hidden\" name=\"_wpcf7_posted_data_hash\" value=\"\" \/><input type=\"hidden\" name=\"_wpcf7_recaptcha_response\" value=\"\" \/>\n<\/fieldset>\n<p><span class=\"wpcf7-form-control-wrap\" data-name=\"your-name\"><input size=\"40\" maxlength=\"400\" class=\"wpcf7-form-control wpcf7-text wpcf7-validates-as-required\" aria-required=\"true\" aria-invalid=\"false\" placeholder=\"Nombre*\" value=\"\" type=\"text\" name=\"your-name\" \/><\/span><br \/>\n<span class=\"wpcf7-form-control-wrap\" data-name=\"your-email\"><input size=\"40\" maxlength=\"400\" class=\"wpcf7-form-control wpcf7-email wpcf7-validates-as-required wpcf7-text wpcf7-validates-as-email\" aria-required=\"true\" aria-invalid=\"false\" placeholder=\"Email*\" value=\"\" type=\"email\" name=\"your-email\" \/><\/span>\n<\/p>\n<p class=\"is-small\"><span class=\"wpcf7-form-control-wrap\" data-name=\"cmplz-acceptance\"><span class=\"wpcf7-form-control wpcf7-acceptance\"><span class=\"wpcf7-list-item\"><label><input type=\"checkbox\" name=\"cmplz-acceptance\" value=\"1\" aria-invalid=\"false\" \/><span class=\"wpcf7-list-item-label\">He le\u00eddo y Acepto vuestra <a href=\"https:\/\/www.beatnikshoes.com\/politica-de-privacidad\/?cmplz_region_redirect=true\">Pol\u00edtica de Privacidad<\/a><\/span><\/label><\/span><\/span><\/span><br \/>\n<input class=\"wpcf7-form-control wpcf7-submit has-spinner button\" type=\"submit\" value=\"Suscribirme\" \/>\n<\/p><p style=\"display: none !important;\" class=\"akismet-fields-container\" data-prefix=\"_wpcf7_ak_\"><label>&#916;<textarea name=\"_wpcf7_ak_hp_textarea\" cols=\"45\" rows=\"8\" maxlength=\"100\"><\/textarea><\/label><input type=\"hidden\" id=\"ak_js_2\" name=\"_wpcf7_ak_js\" value=\"137\"\/><script>document.getElementById( \"ak_js_2\" ).setAttribute( \"value\", ( new Date() ).getTime() );<\/script><\/p><div class=\"wpcf7-response-output\" aria-hidden=\"true\"><\/div>\n<\/form>\n<\/div>\n\n\n<div class=\"accordion\">\n\n\t<div id=\"accordion-2790710783\" class=\"accordion-item is-small\">\n\t\t<a id=\"accordion-2790710783-label\" class=\"accordion-title plain\" href=\"#accordion-item-weitere-informationen-zum-datenschutz-finden-sie-hier\" aria-expanded=\"false\" aria-controls=\"accordion-2790710783-content\">\n\t\t\t<button class=\"toggle\" aria-label=\"Umschalten\"><i class=\"icon-angle-down\" aria-hidden=\"true\"><\/i><\/button>\n\t\t\t<span>Weitere Informationen zum Datenschutz finden Sie hier<\/span>\n\t\t<\/a>\n\t\t<div id=\"accordion-2790710783-content\" class=\"accordion-inner\" aria-labelledby=\"accordion-2790710783-label\">\n\t\t\t\n\n<\/p>\n<p>Ihre pers\u00f6nlichen Daten werden f\u00fcr die Bearbeitung Ihrer Bestellung, die Nutzung der Website und f\u00fcr andere Zwecke, die in unserer <a href=\"https:\/\/www.beatnikshoes.com\/de\/datenschutzbestimmungen\/\" target=\"_blank\" rel=\"noopener\">Datenschutzrichtlinie<\/a> beschrieben sind, verwendet.<br \/><strong>Verantwortlich:<\/strong> The Loafers Shop S.L. | <strong>Zweck:<\/strong> Lieferung der Bestellung und alle damit verbundenen T\u00e4tigkeiten. | <strong>Legitimation:<\/strong> Ihre Zustimmung zum Abschluss der Bestellung. | <strong>Zus\u00e4tzliche Informationen:<\/strong> Weitere Informationen \u00fcber unsere Datenschutzpolitik finden Sie unter dem Link am Ende dieser Seite.<\/p>\n\n\t\t<\/div>\n\t<\/div>\n\t\n\n<\/div>\n\n\t\t<\/div>\n\t\t\t\t\n<style>\n#col-649185826 > .col-inner {\n  padding: 35px 35px 35px 35px;\n}\n<\/style>\n\t<\/div>\n\n\t\n\n<\/div>\n\n\t\t<\/div>\n\n\t\t\n<style>\n#section_1422175324 {\n  padding-top: 40px;\n  padding-bottom: 40px;\n  min-height: 550px;\n}\n#section_1422175324 .section-bg img {\n  object-position: 50% 56%;\n}\n@media (min-width:550px) {\n  #section_1422175324 {\n    padding-top: 59px;\n    padding-bottom: 59px;\n  }\n}\n<\/style>\n\t<\/section>\n\t\n\n","protected":false},"excerpt":{"rendered":"","protected":false},"author":3,"featured_media":0,"parent":0,"menu_order":0,"comment_status":"closed","ping_status":"closed","template":"page-blank.php","meta":{"footnotes":""},"class_list":["post-70882","page","type-page","status-publish","hentry"],"_links":{"self":[{"href":"https:\/\/www.beatnikshoes.com\/de\/wp-json\/wp\/v2\/pages\/70882","targetHints":{"allow":["GET"]}}],"collection":[{"href":"https:\/\/www.beatnikshoes.com\/de\/wp-json\/wp\/v2\/pages"}],"about":[{"href":"https:\/\/www.beatnikshoes.com\/de\/wp-json\/wp\/v2\/types\/page"}],"author":[{"embeddable":true,"href":"https:\/\/www.beatnikshoes.com\/de\/wp-json\/wp\/v2\/users\/3"}],"replies":[{"embeddable":true,"href":"https:\/\/www.beatnikshoes.com\/de\/wp-json\/wp\/v2\/comments?post=70882"}],"version-history":[{"count":0,"href":"https:\/\/www.beatnikshoes.com\/de\/wp-json\/wp\/v2\/pages\/70882\/revisions"}],"wp:attachment":[{"href":"https:\/\/www.beatnikshoes.com\/de\/wp-json\/wp\/v2\/media?parent=70882"}],"curies":[{"name":"wp","href":"https:\/\/api.w.org\/{rel}","templated":true}]}}