{"id":61684,"date":"2023-09-07T19:32:48","date_gmt":"2023-09-07T17:32:48","guid":{"rendered":"https:\/\/www.beatnikshoes.com\/datenschutzbestimmungen\/"},"modified":"2025-01-03T20:04:34","modified_gmt":"2025-01-03T19:04:34","slug":"datenschutzbestimmungen","status":"publish","type":"page","link":"https:\/\/www.beatnikshoes.com\/de\/datenschutzbestimmungen\/","title":{"rendered":"Datenschutzbestimmungen"},"content":{"rendered":"\n<div class=\"container section-title-container\" ><h1 class=\"section-title section-title-normal\"><b aria-hidden=\"true\"><\/b><span class=\"section-title-main\" >Datenschutzbestimmungen<\/span><b aria-hidden=\"true\"><\/b><\/h1><\/div>\n\n\t<div id=\"text-1480461301\" class=\"text is-small\">\n\t\t\n\n<h2>1. Angaben zu dem f\u00fcr die Verarbeitung der personenbezogenen Daten Verantwortlichen.<\/h2>\n<p>In \u00dcbereinstimmung mit den Bestimmungen des Gesetzes 34\/2002 vom 11. Juli \u00fcber die Dienste der Informationsgesellschaft und den elektronischen Handel erkl\u00e4ren wir hiermit, dass <strong>The Loafers Shop S.L.<\/strong> mit <strong>STEUERIDENTIFIKATIONSNUMMER B87612727<\/strong> wohnhaft in <strong>c\/L\u00f3pez de Hoyos, n\u00ba 9, 28006 de Madrid<\/strong>, ordnungsgem\u00e4\u00df eingetragen im Handelsregister von Madrid in Band: 35.103, Blatt: 91, Seite: A: M-631271 sowie der rechtm\u00e4\u00dfige Eigent\u00fcmer der Website und aller darin enthaltenen Subdomains und Verzeichnisse.<\/p>\n<p>Sie k\u00f6nnen The Loafers Shop bei Fragen zu dieser Datenschutzrichtlinie unter der folgenden E-Mail-Adresse kontaktieren: <strong>consumer@beatnikshoes.com.<\/strong><\/p>\n<h2>2. Zweck der Verarbeitung personenbezogener Daten:<\/h2>\n<p><strong>Art der Daten:<\/strong> Bei den erhobenen personenbezogenen Daten handelt es sich um <strong>Identifizierungsdaten<\/strong>, ohne Ber\u00fccksichtigung besonderer Arten.<\/p>\n<ul>\n<li>\u00dcbermittlung der von der interessierten Partei angeforderten Informationen.<\/li>\n<li>Ver\u00f6ffentlichen Sie Ihre Kommentare in unserem Blog.<\/li>\n<li>Verwaltung der Anmeldungen f\u00fcr die von The Loafers Shoes organisierten Veranstaltungen.<\/li>\n<li>Zum Versenden von Mitteilungen, Werbeaktionen (Newsletter), Gewinnspielen und\/oder Dienstleistungen und Veranstaltungen von The Loafers Shop.<\/li>\n<\/ul>\n<p>Wir erinnern Sie daran, dass Sie jederzeit das Recht haben, der Zusendung kommerzieller Mitteilungen zu widersprechen, indem Sie eine E-Mail an die folgende Adresse senden: <strong>consumer@beatnikshoes.com.<\/strong><\/p>\n<p><strong>Wie lange werden die erhobenen personenbezogenen Daten aufbewahrt?<\/strong> Die \u00fcbermittelten personenbezogenen Daten werden so lange aufbewahrt, wie ein beiderseitiges Interesse an der Aufrechterhaltung des Zwecks der Verarbeitung besteht, sowie f\u00fcr den Zeitraum, f\u00fcr den eine Haftung f\u00fcr die gegen\u00fcber der betroffenen Person erbrachten Leistungen entstehen kann: 6 Jahre f\u00fcr Gesch\u00e4ftsb\u00fccher, Rechnungen usw. gem\u00e4\u00df Art. 30 des Handelsgesetzbuchs, 5 Jahre f\u00fcr pers\u00f6nliche Handlungen ohne besondere zeitliche Begrenzung (Art. 1.964 Zivilgesetzbuch); 4 Jahre: Art. 66 ff. des Allgemeinen Steuergesetzes (Steuern, etc.). <\/p>\n<p>Wenn sie f\u00fcr diese Zwecke nicht mehr ben\u00f6tigt werden, sind sie mit geeigneten Sicherheitsma\u00dfnahmen zu l\u00f6schen, um ihre vollst\u00e4ndige Vernichtung zu gew\u00e4hrleisten.<\/p>\n<h2>3. Legitimation.<\/h2>\n<p>Die Verarbeitung Ihrer Daten erfolgt auf der Grundlage der Legitimit\u00e4t Ihrer <strong>Informationsanforderung und\/oder des Abschlusses eines Vertrages \u00fcber Produkte von The Loafers Shop<\/strong>, dessen Bedingungen Ihnen in jedem Fall vor einem eventuellen Vertragsabschluss mitgeteilt werden.<\/p>\n<p>Wenn Sie uns Ihre Daten nicht, falsch oder unvollst\u00e4ndig zur Verf\u00fcgung stellen, k\u00f6nnen wir Ihre Anfrage nicht bearbeiten, so dass es uns unm\u00f6glich ist, Ihnen die gew\u00fcnschten Informationen zur Verf\u00fcgung zu stellen oder den Auftrag f\u00fcr die Dienstleistungen auszuf\u00fchren.<\/p>\n<p>Die Verarbeitung Ihrer Daten wird auch durch die Rechtsgrundlage der freien, spezifischen, eindeutigen und informierten Zustimmung legitimiert, indem Ihnen die in diesem Dokument enthaltenen Informationen zur Verf\u00fcgung gestellt werden <strong>Datenschutzbestimmungen<\/strong> und Mechanismen zu formulieren, die es Ihnen erm\u00f6glichen, vor dem Zugriff auf Ihre Daten auf diese Informationen zuzugreifen und sie, wenn Sie damit einverstanden sind, durch eine eindeutige best\u00e4tigende Handlung, z. B. durch Ankreuzen eines K\u00e4stchens oder einer Checkbox, zu akzeptieren.<\/p>\n<p>Wir erinnern Sie daran, dass Sie eine erteilte Einwilligung jederzeit f\u00fcr einen bestimmten Zweck widerrufen k\u00f6nnen, ohne dass die Rechtm\u00e4\u00dfigkeit der auf der Einwilligung beruhenden Verarbeitung vor deren Widerruf ber\u00fchrt wird.<\/p>\n<h2>4. Zielgruppe.<\/h2>\n<p><strong>Die Daten werden nicht an Dritte au\u00dferhalb von The Loafers Shop weitergegeben<\/strong>, es sei denn, Sie sind dazu gesetzlich verpflichtet oder werden ausdr\u00fccklich darauf hingewiesen.<\/p>\n<p>Als Datenverarbeiter, die Zugang zu den personenbezogenen Daten der betroffenen Person haben k\u00f6nnen, hat der f\u00fcr die Verarbeitung Verantwortliche die folgenden Unternehmen beauftragt, mit denen er ebenfalls einen Vertrag zur Datenverarbeitung gem\u00e4\u00df den Bestimmungen der geltenden Datenschutzvorschriften abgeschlossen hat:<\/p>\n<ul>\n<li>Mailchimp: mit Sitz in 675 Ponce de Leon Ave NE, Suite 5000 Atlanta, GA 30308 USA.<\/li>\n<li>Mailrelay: Park Avenue, 15. Stock, Suite 1500, New York, NY 10022<\/li>\n<li>Mailjet SAS: 1, mit Sitz in 3-13 bis, rue de l&#8217;Aubrac 75012 Paris, Frankreich.<\/li>\n<li>GOOGLE, INC. mit Sitz in 1600 Amphitheatre Parkway, 94043, Mountain View, Kalifornien, USA.<\/li>\n<li>BING-: One Microsoft Place South County Industrial Park Leopardstown Dublin 18 D18 P521 IRELAND.<\/li>\n<\/ul>\n<h2>5. Rechte.<\/h2>\n<p>Als Nutzer, der uns Ihre pers\u00f6nlichen Daten zur Verf\u00fcgung gestellt hat, haben Sie das Recht, eine Best\u00e4tigung dar\u00fcber zu erhalten, ob The Loafers Shop Ihre Daten verwendet, und zwar insbesondere:<\/p>\n<ul>\n<li>Sie haben das Recht, Ihre Einwilligung jederzeit zu widerrufen.<\/li>\n<li>Recht auf Zugang zu Ihren Daten.<\/li>\n<li>Das Recht, die Berichtigung unrichtiger Daten zu verlangen.<\/li>\n<li>Recht, die L\u00f6schung Ihrer Daten zu verlangen.<\/li>\n<\/ul>\n<p>Unter bestimmten Umst\u00e4nden k\u00f6nnen Sie verlangen, dass wir die Verarbeitung Ihrer Daten einschr\u00e4nken; in diesem Fall werden wir sie nur f\u00fcr eventuelle Anspr\u00fcche aufbewahren.<br \/>Unter bestimmten Umst\u00e4nden k\u00f6nnen Sie von Ihrem Recht Gebrauch machen, der Verarbeitung Ihrer Daten zu widersprechen.<br \/>Unter bestimmten Umst\u00e4nden k\u00f6nnen Sie von Ihrem Recht auf Daten\u00fcbertragbarkeit Gebrauch machen.<\/p>\n<p>Sie k\u00f6nnen diese Rechte auf jede Art und Weise aus\u00fcben, die einen Sende- und Empfangsnachweis erm\u00f6glicht, wenn Sie dies ausdr\u00fccklich w\u00fcnschen und einen Nachweis \u00fcber Ihre Identit\u00e4t beif\u00fcgen. Sie k\u00f6nnen dies tun, indem Sie eine E-Mail an <strong>consumer@beatnikshoes.com<\/strong> oder an die folgende Postanschrift senden:<\/p>\n<p><strong>The Loafers Shop S.L.<\/strong><br \/><strong>C\/ Lopez de Hoyos, 9<\/strong><br \/><strong>28006 Madrid.<\/strong><\/p>\n<p>Wenn Sie der Meinung sind, dass eines Ihrer Rechte verletzt wurde, k\u00f6nnen Sie au\u00dferdem eine Beschwerde bei der spanischen Datenschutzbeh\u00f6rde (AEPD) einreichen, die sich in der C\/ Jorge Juan, 6, 28001-Madrid https:\/\/www.agpd.es\/ befindet oder \u00fcber die elektronische Zentrale der AEPD: https:\/\/sedeagpd.gob.es\/sede-electronica-web\/.<\/p>\n<h2>6. Sicherheit und Aktualisierung Ihrer pers\u00f6nlichen Daten.<\/h2>\n<p>Um die Sicherheit Ihrer pers\u00f6nlichen Daten zu gew\u00e4hrleisten, teilen wir Ihnen mit, dass alle notwendigen technischen und organisatorischen Ma\u00dfnahmen getroffen wurden, um die Sicherheit der \u00fcbermittelten pers\u00f6nlichen Daten zu garantieren. All dies dient dazu, ihre Ver\u00e4nderung, ihren Verlust und\/oder ihre unbefugte Verarbeitung oder ihren Zugang zu verhindern, wie es das Gesetz vorschreibt, obwohl es keine absolute Sicherheit gibt.<\/p>\n<p>Die Website verwendet branchen\u00fcbliche Informationssicherheitstechniken wie Firewalls, Zugangskontrollverfahren und kryptografische Mechanismen, um den unbefugten Zugriff auf Daten zu verhindern.<\/p>\n<p>Zur Erreichung dieser Zwecke erkl\u00e4rt sich der Nutzer\/Kunde damit einverstanden, dass der Anbieter Daten zum Zwecke der Authentifizierung der Zugangskontrolle erhebt.<\/p>\n<p>Jeder Vertragsprozess oder Prozess, der die Eingabe von sehr pers\u00f6nlichen Daten (Gesundheit, Ideologie,&#8230;) beinhaltet, wird immer mittels eines sicheren Kommunikationsprotokolls (Https:\/\/,&#8230;) \u00fcbertragen, so dass kein Dritter Zugang zu den elektronisch \u00fcbermittelten Informationen hat.<\/p>\n<p>Unser Zahlungsgateway nutzt die Plattformen der <strong>ING Direct Bank und von PayPal<\/strong>, die maximale Sicherheit bieten.<\/p>\n<p>Beide sind von Verisign zertifiziert.<\/p>\n<h2>7. Vertraulichkeit.<\/h2>\n<p>Wir weisen Sie auch darauf hin, <strong>dass Ihre Daten von allen Mitarbeitern, die an der Verarbeitung beteiligt sind, mit \u00e4u\u00dferster Sorgfalt und Vertraulichkeit behandelt werden<\/strong>. <strong>Wir werden Ihre Daten nicht an Dritte weitergeben oder \u00fcbermitteln<\/strong>, au\u00dfer in den gesetzlich vorgesehenen F\u00e4llen oder wenn Sie uns dazu ausdr\u00fccklich erm\u00e4chtigt haben.<\/p>\n\t\t\t<\/div>\n\t\n\n","protected":false},"excerpt":{"rendered":"","protected":false},"author":1,"featured_media":0,"parent":0,"menu_order":21,"comment_status":"closed","ping_status":"closed","template":"","meta":{"footnotes":""},"class_list":["post-61684","page","type-page","status-publish","hentry"],"_links":{"self":[{"href":"https:\/\/www.beatnikshoes.com\/de\/wp-json\/wp\/v2\/pages\/61684","targetHints":{"allow":["GET"]}}],"collection":[{"href":"https:\/\/www.beatnikshoes.com\/de\/wp-json\/wp\/v2\/pages"}],"about":[{"href":"https:\/\/www.beatnikshoes.com\/de\/wp-json\/wp\/v2\/types\/page"}],"author":[{"embeddable":true,"href":"https:\/\/www.beatnikshoes.com\/de\/wp-json\/wp\/v2\/users\/1"}],"replies":[{"embeddable":true,"href":"https:\/\/www.beatnikshoes.com\/de\/wp-json\/wp\/v2\/comments?post=61684"}],"version-history":[{"count":0,"href":"https:\/\/www.beatnikshoes.com\/de\/wp-json\/wp\/v2\/pages\/61684\/revisions"}],"wp:attachment":[{"href":"https:\/\/www.beatnikshoes.com\/de\/wp-json\/wp\/v2\/media?parent=61684"}],"curies":[{"name":"wp","href":"https:\/\/api.w.org\/{rel}","templated":true}]}}