{"id":61676,"date":"2023-09-07T19:27:28","date_gmt":"2023-09-07T17:27:28","guid":{"rendered":"https:\/\/www.beatnikshoes.com\/allgemeine-bedingungen\/"},"modified":"2025-12-17T18:58:33","modified_gmt":"2025-12-17T17:58:33","slug":"allgemeine-bedingungen","status":"publish","type":"page","link":"https:\/\/www.beatnikshoes.com\/de\/allgemeine-bedingungen\/","title":{"rendered":"Allgemeine Bedingungen"},"content":{"rendered":"\n<div class=\"container section-title-container uppercase\" ><h1 class=\"section-title section-title-normal\"><b aria-hidden=\"true\"><\/b><span class=\"section-title-main\" >Allgemeine Bedingungen<\/span><b aria-hidden=\"true\"><\/b><\/h1><\/div>\n\n\t<div id=\"text-1074546742\" class=\"text is-small\">\n\t\t\n\n<h2>Willkommen auf der Website www.beatnikshoes.com<\/h2>\n<p>Der Zugang und die Nutzung der Website und des Online-Shops sowie der Kauf von Produkten setzen die Lekt\u00fcre, die Kenntnis und die Annahme der vorliegenden Allgemeinen Nutzungsbedingungen voraus.<\/p>\n<p>Die auf www.beatnikshoes.com gekauften Produkte werden direkt von <strong>The Loafers Shop, S.L.<\/strong>, mit <strong>CIF: B 87612727<\/strong> und Sitz in <strong>C\/ Praderon, 8 C.P. 28260, Madrid<\/strong>, eingetragen im Handelsregister von Madrid, Band 35103, Folio 91, Seite M-631271.<\/p>\n<p><strong>www.beatnikshoes.com<\/strong> erf\u00fcllt die Anforderungen des Gesetzes 34\/2002 vom 11. Juli \u00fcber die Dienste der Informationsgesellschaft und den elektronischen Handel, des Organgesetzes 15\/1999 vom 13. Dezember \u00fcber den Schutz personenbezogener Daten und anderer europ\u00e4ischer Richtlinien und hat zu diesem Zweck die vorliegenden Nutzungsbedingungen erstellt.<\/p>\n<hr \/>\n<h2>Allgemeine Verkaufsbedingungen der EU<\/h2>\n<p>Die Parteien, die an diese Bedingungen gebunden sind, sind beatnikshoes.com und der Benutzer, der das Anmeldeformular in allen seinen Teilen ausf\u00fcllt. Bitte lesen Sie die folgenden Regeln f\u00fcr die Dienstleistungen, die wir in unserem Unternehmen anbieten, sorgf\u00e4ltig durch. Diese Bedingungen m\u00fcssen im Voraus akzeptiert werden, um Beatnik-Produkte kaufen zu k\u00f6nnen. Der Zugang und das Browsen auf dieser Website setzt die Annahme und Kenntnis der darin enthaltenen rechtlichen Hinweise, Bedingungen und Nutzungsbedingungen voraus.<\/p>\n<h3>Register<\/h3>\n<p>Der Zugang zu unseren Dienstleistungen und der Kauf unserer Produkte steht vollj\u00e4hrigen, gesch\u00e4ftsf\u00e4higen nat\u00fcrlichen Personen offen, die sich in der entsprechenden Rubrik g\u00fcltig registriert haben. Die in das Formular einzutragenden Daten m\u00fcssen vollst\u00e4ndig und wahrheitsgetreu sein, und das Unternehmen beh\u00e4lt sich das Recht vor, die Zulassung zu verweigern oder die Registrierung derjenigen zu stornieren, die dieser Anforderung nicht nachkommen. Der Schutz des Benutzernamens und des Passworts liegt in der alleinigen Verantwortung des Benutzers.<\/p>\n<h3>Kaufen bei beatnikshoes.com<\/h3>\n<p>Ordnungsgem\u00e4\u00df registrierte Nutzer k\u00f6nnen \u00fcber die Website mit den \u00fcblichen Mitteln und auf die \u00fcblichen Arten einkaufen.<\/p>\n<h3>Preislisten<\/h3>\n<p>Alle Preise, die in der Liste unserer Produkte angezeigt werden, sind mit Steuern, wenn Sie in der anf\u00e4nglichen Konfiguration eines der L\u00e4nder der Europ\u00e4ischen Union als Versandland ausgew\u00e4hlt haben, und ohne Steuern in den \u00fcbrigen L\u00e4ndern.<\/p>\n<p>Die endg\u00fcltige Kauf\u00fcbersicht zeigt den Endpreis des Kaufs an und gibt den Betrag an, der den geltenden Steuern und den Versandkosten entspricht.<\/p>\n<p>Hinsichtlich der Mehrwertsteuer gilt in Spanien grunds\u00e4tzlich ein Steuersatz von 21 % und in den Gebieten der Europ\u00e4ischen Union, in denen diese Steuer erhoben wird, der entsprechende Satz. Alle Unternehmen aus L\u00e4ndern der Europ\u00e4ischen Union mit Ausnahme Spaniens, die als innergemeinschaftliche Marktteilnehmer registriert sind, sind von der Zahlung dieser Steuer befreit. Bei Verk\u00e4ufen in andere L\u00e4nder der Welt wird keine Mehrwertsteuer erhoben, obwohl die Zollsysteme der einzelnen L\u00e4nder die entsprechenden Steuern erheben.<\/p>\n<p>Alle Gebiete au\u00dferhalb der Europ\u00e4ischen Union sowie die Kanarischen Inseln, Ceuta und Melilla gelten aufgrund ihrer besonderen Steuerregelung als Nicht-EU-Gebiete. Daher sind K\u00e4ufe von Einwohnern au\u00dferhalb der Europ\u00e4ischen Union von der Zahlung der Mehrwertsteuer befreit (alle Zollabfertigungsgeb\u00fchren und Einfuhrsteuern sind nicht im Artikel- oder Versandpreis enthalten und m\u00fcssen am Bestimmungsort vom Empf\u00e4nger der Waren bezahlt werden).<\/p>\n<p>Weitere Informationen zu Geb\u00fchren und Zollbestimmungen erhalten Sie auf Anfrage unter info@beatnikshoes.com.<\/p>\n<p>Die auf beatnikshoes.com angezeigten Preise k\u00f6nnen jederzeit revidiert und ge\u00e4ndert werden, wenn die Bedingungen dies erfordern.<\/p>\n<h3>Angebotene Produkte<\/h3>\n<p>Alle Produkte, die beatnikshoes.com zu einem Sonderpreis anbietet, werden auf der Website mit den folgenden Informationen angezeigt: Angebotspreis und regul\u00e4rer Preis. Diese Angebote sind verf\u00fcgbar, solange der Vorrat reicht. In diesem Fall wird das Produkt automatisch von der Website genommen.<\/p>\n<p>Die Registrierung und Annahme dieser Bedingungen setzt die \u00dcbereinstimmung mit dem Produkt, seinen Eigenschaften und seinem Preis voraus.<\/p>\n<p>Der Kunde kann \u00fcber das Internet auf der Website www.beatnikshoes.com einkaufen.<\/p>\n<p>Alle Bestellungen setzen die Annahme der Preise und Beschreibungen der zum Verkauf stehenden Produkte voraus. Beatnikshoes.com verpflichtet sich, die \u00fcber seine Website erhaltenen Produkte je nach Verf\u00fcgbarkeit der Produkte auf Lager zu versenden. Im Falle der Nichtverf\u00fcgbarkeit der Produkte, verpflichten wir uns, den Kunden so schnell wie m\u00f6glich zu benachrichtigen und die Bestellung wird storniert und unverz\u00fcglich erstattet werden.<\/p>\n<h3>Zahlung<\/h3>\n<p>Die Zahlungsmittel werden sein: <strong>PayPal, Kreditkarte oder Bank\u00fcberweisung<\/strong>. Bei Bestellungen innerhalb Spaniens k\u00f6nnen Sie uns eine E-Mail schicken an <strong>info@beatnikshoes.com<\/strong>Die Zahlung per Nachnahme ist \u00fcber die State Postal and Telegraph Company S.A. oder GLS m\u00f6glich. Alle Geb\u00fchren f\u00fcr diesen Service werden zum Gesamtkaufpreis hinzugerechnet. Der Gesamtbetrag und die Transaktionsbest\u00e4tigung werden Ihnen schriftlich per E-Mail mitgeteilt. Die Verwendung von Daten oder Zahlungsmethoden Dritter ist untersagt. Transaktionssicherheit: Das Unternehmen setzt alle Mittel ein, um die Vertraulichkeit und Sicherheit der \u00fcber die Website und auf der Webseite \u00fcbermittelten Daten zu gew\u00e4hrleisten. <strong>https:\/\/www.beatnikshoes.com<\/strong>. Daher <strong>verwendet die Website ein sicheres Zahlungssystem SSL (Secure Socket Layer<\/strong>).<\/p>\n<p>Die Produkte einer Bestellung, die per Bank\u00fcberweisung bezahlt wurde, werden f\u00fcr 5 Tage reserviert, um gen\u00fcgend Zeit zu haben, damit die \u00dcberweisung von unserem System ber\u00fccksichtigt werden kann. Es ist wichtig zu betonen, dass Sie den genauen Betrag Ihrer Bestellung sowie die Kontonummer des Empf\u00e4ngers und die Bestellnummer korrekt eingeben m\u00fcssen. Im Falle eines Fehlers k\u00f6nnen wir Ihre Bestellung nicht validieren. Sie wird annulliert werden.<\/p>\n<p>Vergessen Sie nicht, dass die <strong>Zahlung in EUROS<\/strong> erfolgen muss und dass alle m\u00f6glichen Wechsel- und Bankgeb\u00fchren zu Ihren Lasten gehen, wenn Sie dieses Zahlungssystem w\u00e4hlen. Bei Bank\u00fcberweisungen aus dem Ausland ist es sehr wichtig, dass Sie bei der Beauftragung der \u00dcberweisung Ihre Bank immer \u00fcber die Quellenprovisionen, die Bankprovisionen und die Ihrer Bank entsprechenden Kosten informieren. Wenn dies nicht der Fall ist, kann Beatnik Shoes die Lieferung Ihrer Bestellung stoppen, wenn wir nicht den vollen Betrag Ihrer Bestellung erhalten.<\/p>\n<h3>Verf\u00fcgbarkeit der Produkte<\/h3>\n<p>Sollten ein oder mehrere bestellte Produkte nicht verf\u00fcgbar sein, verpflichtet sich das Unternehmen, den Kunden so schnell wie m\u00f6glich zu informieren. Die Bestellung des Kunden wird daher storniert und der gezahlte Betrag ordnungsgem\u00e4\u00df erstattet.<\/p>\n<p>Sobald die Zahlung best\u00e4tigt wurde, werden die Daten f\u00fcr die Lieferung (Adresse und Versandart) und die Rechnungsstellung erfasst. Die Bankdaten des Kunden werden von Beatnikshoes nicht gespeichert.<\/p>\n<p>Das Unternehmen beh\u00e4lt sich das Recht vor, die vom Kunden \u00fcbermittelten pers\u00f6nlichen Daten zu \u00fcberpr\u00fcfen und alle rechtlichen Ma\u00dfnahmen zu ergreifen, die f\u00fcr die \u00dcberpr\u00fcfung der Person, deren Bankkonto belastet wurde und deren Bestellung aufgegeben wurde, erforderlich sind, um jegliche betr\u00fcgerische Zahlung zu vermeiden.<\/p>\n<h3>Versandmethoden und Lieferzeiten<\/h3>\n<p>Die unten angegebenen Fristen sind in Arbeitstagen (Montag bis Freitag) berechnet und k\u00f6nnen sich durch lokale oder nationale Feiertage \u00e4ndern. Wenn die gew\u00e4hlte Zahlungsmethode die Bank\u00fcberweisung ist, k\u00f6nnen diese Fristen ge\u00e4ndert werden, da die Bestellung versandt wird, sobald wir die Best\u00e4tigung der Bank\u00fcberweisung erhalten.<\/p>\n<p>Beatnik Shoes garantiert die Lieferung an den Spediteur am selben Tag der Bestellung, f\u00fcr alle Bestellungen, die vor 13:00 Uhr (spanische Zeit) aufgegeben werden. Vorausgesetzt, sie werden an Werktagen aufgegeben, andernfalls wird die Bestellung am ersten Werktag nach dem Tag, an dem sie aufgegeben wurde, bearbeitet.<\/p>\n<p>Versand von Produkten, die nicht auf Lager oder auf Bestellung sind.<\/p>\n<p>Die Frist f\u00fcr Produkte, die nicht auf Lager sind oder die \u00fcber unsere Website bestellt wurden, betr\u00e4gt maximal 8 Wochen ab der Bezahlung derselben.<\/p>\n<ul>\n<li><strong>Lieferungen auf das spanische und portugiesische Festland. <\/strong>Lieferung zwischen 24 und 72 Stunden. Kostenloser Versand<\/li>\n<li><strong>Lieferungen auf die Balearischen Inseln. <\/strong>Lieferung innerhalb von 48-72 Stunden. Kostenloser Versand<\/li>\n<li><strong>Sendungen nach den Kanarischen Inseln, Ceuta, Melilla, Gibraltar und Andorra. <\/strong>Konsultationsfrist.<\/li>\n<li><strong>Sendungen ins Ausland<\/strong> Der genaue Betrag der Versandkosten wird nach dem Endgewicht Ihrer Bestellung berechnet. Sie k\u00f6nnen den Gesamtbetrag direkt im Warenkorb \u00fcberpr\u00fcfen, bevor Sie Ihre Bestellung best\u00e4tigen.<\/li>\n<\/ul>\n<p>Die angegebenen Preise f\u00fcr die Versandkosten enthalten keine eventuellen zus\u00e4tzlichen Kosten f\u00fcr Z\u00f6lle und Steuern in Nicht-EU-L\u00e4ndern, die in jedem Fall bei Ankunft der Ware vom Empf\u00e4nger zu zahlen sind.<\/p>\n<p><strong>ERFASSUNG DER TRANSITZEIT<\/strong><br \/>ZONE 1 L\u00e4nder der Europ\u00e4ischen Union, Norwegen, Schweiz: 3-5 Tage<br \/>ZONE 2 Vereinigte Staaten und Kanada: 4-5 Tage<br \/>ZONE 3 Lateinamerika, Naher Osten: 4-5 Tage<br \/>ZONE 4 Asien, Japan, Afrika, Neuseeland, Australien: 6-8 Tage<\/p>\n<h3>Garantie, Umtausch, R\u00fcckgabe oder R\u00fcckerstattung<\/h3>\n<h4><strong>Zeit f\u00fcr die R\u00fcckgabe eines Artikels.<\/strong><\/h4>\n<p>Der Verbraucher hat eine gesetzliche Frist von <strong>14 Kalendertage ab dem Datum des Erhalts der Ware<\/strong> sein Widerrufsrecht auszu\u00fcben, ohne sich daf\u00fcr rechtfertigen zu m\u00fcssen, da er das Recht hat, die Ware zu pr\u00fcfen, wie er es in einem Gesch\u00e4ft tun w\u00fcrde. <strong>In jedem Fall m\u00fcssen Sie innerhalb dieser 14-t\u00e4gigen Frist eine E-Mail an consumer@beatnikshoes.com senden, um einen Umtausch oder eine R\u00fcckerstattung anzufordern.<\/strong> Die Modalit\u00e4ten der Aus\u00fcbung dieses R\u00fccktrittsrechts sind im Abschnitt &#8222;Bedingungen f\u00fcr Umtausch, R\u00fcckgabe und Erstattung&#8220; aufgef\u00fchrt.<\/p>\n<p><strong>Sie m\u00fcssen uns das Produkt in einwandfreiem Zustand, unbenutzt, in optimalem Zustand f\u00fcr den Verkauf und in der Originalverpackung zusenden.<\/strong><\/p>\n<p>Es ist sehr wichtig, dass Sie die Ware(n) perfekt verpackt an uns zur\u00fccksenden. Wenn die Produkte aufgrund unsachgem\u00e4\u00dfer Verpackung besch\u00e4digt sind, wird die R\u00fcckgabe nicht akzeptiert.<\/p>\n<h4><strong>Bedingungen f\u00fcr R\u00fcckgabe, Umtausch und Erstattung:<\/strong><\/h4>\n<ul>\n<li><strong>Kostenloser Versand f\u00fcr R\u00fccksendungen und Umtausch auf dem spanischen Festland, auf den Balearen und in Portugal.<\/strong> Senden Sie bitte innerhalb von 14 Tagen nach Erhalt der Ware eine E-Mail an consumer@beatnikshoes.com. Wir schicken Ihnen dann einen GLS-Kurier, der den Umtausch oder die R\u00fcckerstattung kostenlos bearbeitet. Sind die zur\u00fcckgesendeten Produkte konform, unbenutzt, in einwandfreiem, verkaufsf\u00e4higem Zustand und in der Originalverpackung, erstatten wir Ihnen den Kaufpreis, sobald die Ware wieder in unserem Lager eintrifft.<\/li>\n<li>F\u00fcr alle anderen L\u00e4nder der Europ\u00e4ischen Union, au\u00dfer Festlandspanien, den Balearen und Portugal, m\u00fcssen Sie in jedem Fall innerhalb von 14 Tagen nach Erhalt der Ware eine E-Mail an consumer@beantikshoes.com senden, um einen Umtausch oder eine R\u00fcckerstattung zu beantragen. Im Falle eines Umtauschs ist der erste Umtausch kostenlos. Wir senden Ihnen ein vorfrankiertes UPS-Etikett. Sobald wir das Originalprodukt erhalten haben und es sich in einwandfreiem, unbenutztem und wiederverkaufsf\u00e4higem Zustand sowie in der Originalverpackung befindet, senden wir Ihnen das neue Produkt zu. Sollte der Preis abweichen, wird die Differenz vor dem Versand des neuen Produkts verrechnet. Im Falle einer R\u00fcckgabe m\u00fcssen Sie uns innerhalb von 14 Tagen per E-Mail an consumer@beantikshoes.com benachrichtigen. Wir senden Ihnen ein vorfrankiertes UPS-Etikett. Bei R\u00fcckerstattung des Kaufpreises werden 29 \u20ac von den gesamten Versand- und R\u00fccksendekosten abgezogen, vorausgesetzt, das Produkt befindet sich in einwandfreiem Zustand, ist unbenutzt und in der Originalverpackung.<\/li>\n<li>F\u00fcr L\u00e4nder au\u00dferhalb der EU werden zus\u00e4tzlich zu den Versand- und R\u00fccksendekosten eventuell anfallende Zollgeb\u00fchren und Steuern vom Gesamtbetrag abgezogen. Im Falle einer R\u00fccksendung oder eines Umtauschs muss auf dem Paket ein schriftlicher Hinweis mit dem deutlichen Hinweis \u201eR\u00dcCKSENDUNG DER UNGEEIGNETEN WARE AN DEN ABSENDER\u201c angebracht sein. Die Originalrechnung der Produkte muss f\u00fcr eine eventuelle Zollpr\u00fcfung beigef\u00fcgt werden. Im Falle eines Umtauschs senden wir Ihnen den neuen Artikel zu, sobald die Differenz zwischen Preis und Kosten eingezogen wurde.<\/li>\n<li>Alle Umtausche und R\u00fccksendungen m\u00fcssen \u00fcber unser Kundenserviceteam abgewickelt werden, indem Sie uns eine E-Mail an <strong>consumer@beatnikshoes<\/strong>.com senden. Hier \u00fcbernehmen wir den gesamten Umtausch- und R\u00fcckgabeprozess.<\/li>\n<li><strong>Umtausch und R\u00fccksendung m\u00fcssen f\u00fcr das spanische Festland und die Balearen mit GLS und f\u00fcr alle anderen Bestimmungsorte mit UPS abgewickelt werden<\/strong>, damit das Paket korrekt in unseren Lagern ankommt. Wenn der Kunde das Paket mit einem anderen Spediteur zur\u00fcckschickt, lehnt das Unternehmen jede Verantwortung im Falle von Verlust, Diebstahl oder Besch\u00e4digung des Pakets ab und verpflichtet sich nicht, das Paket zu erstatten oder erneut zu versenden.<\/li>\n<li>Das Produkt muss in einwandfreiem Zustand, brandneu, unbenutzt, in einwandfreiem Verkaufszustand und in der Originalverpackung sein. <strong>Das Unternehmen beh\u00e4lt sich das Recht vor, Produkte, die sich nicht in einwandfreiem Zustand befinden, nicht zum Umtausch oder zur R\u00fcckgabe zu akzeptieren, wie oben angegeben.<\/strong><\/li>\n<li><strong>Bei Sonderbestellungen, wie z.B. Nummerierungen, Leisten oder Bestellungen au\u00dferhalb der 14-t\u00e4gigen Frist etc. werden keine R\u00fccksendungen angenommen.<\/strong><\/li>\n<li>Es werden keine R\u00fccksendungen akzeptiert, wenn der Grund f\u00fcr die R\u00fccksendung auf Details der Verarbeitung selbst zur\u00fcckzuf\u00fchren ist. Es handelt sich um ein handgefertigtes Produkt und somit ist jeder Schuh ein Unikat.<\/li>\n<li>Wenn das Produkt gem\u00e4\u00df den oben genannten Bedingungen f\u00fcr eine R\u00fcckgabe geeignet ist, wird dem Kunden der Kaufbetrag so schnell wie m\u00f6glich auf demselben Weg zur\u00fcckerstattet, der f\u00fcr die Zahlung verwendet wurde.<\/li>\n<li>Wenn das Produkt zum Umtausch geeignet ist, tauscht das Unternehmen das Produkt gegen ein neues aus.<\/li>\n<li>Wenn das gew\u00e4hlte Produkt einen niedrigeren Wert hat, erstattet das Unternehmen die Differenz \u00fcber das f\u00fcr den Kauf verwendete Zahlungsmittel.<\/li>\n<li>Bei Erhalt einer R\u00fccksendung, deren Inhalt nicht mit dem R\u00fccksendeantrag \u00fcbereinstimmt oder deren Produkte nicht den vorgenannten R\u00fccksendebedingungen entsprechen, beh\u00e4lt sich das Unternehmen das Recht vor, die notwendigen Schritte zur R\u00fcckforderung des Betrages einzuleiten.<\/li>\n<li>Wir f\u00fchren keine Wartungs- und\/oder Reparaturarbeiten an Schuhen durch, wenn das Produkt bereits gekauft wurde.<\/li>\n<\/ul>\n<h3>Informationen<\/h3>\n<p>Bei Fragen oder Anregungen erreichen Sie unseren K<strong>undenservice telefonisch von Montag bis Freitag, 9:30 bis 17:30 Uhr,<\/strong> unter der Telefonnummer +<strong>34 669 87 22 07<\/strong> oder per E-Mail unter <strong>info@beatnikshoes.com<\/strong>.<\/p>\n<p>Im Falle von Beschwerden senden Sie bitte eine E-Mail an: <strong>consumer@beatnikshoes.com<\/strong><\/p>\n<h3>Geistiges Eigentum<\/h3>\n<p>Alle auf der Website enthaltenen Informationen sowie die grafische Gestaltung und die verwendeten Codes sind durch das Urheberrecht oder andere Schutzrechte gem\u00e4\u00df dem K\u00f6niglichen Gesetzesdekret 1\/1996 vom 12. April, mit dem die \u00fcberarbeitete Fassung des Gesetzes \u00fcber geistiges Eigentum verabschiedet wurde, gesch\u00fctzt. Diese Rechte geh\u00f6ren ausschlie\u00dflich dem Unternehmen oder seinen Lizenzgebern, daher ist jede Art der Vervielf\u00e4ltigung, Verbreitung, Umwandlung oder \u00f6ffentlichen Kommunikation sowie jede Art der \u00dcbertragung des gesamten oder eines Teils des Inhalts dieser Website und im Allgemeinen jedes Objekts, das nach der geltenden Gesetzgebung durch die Regeln des geistigen Eigentums gesch\u00fctzt ist, ausdr\u00fccklich ausgeschlossen.<\/p>\n<h3>Nachrichten<\/h3>\n<p>Das Unternehmen beh\u00e4lt sich das Recht vor, die Bedingungen f\u00fcr die Nutzung dieser Website einseitig zu \u00e4ndern. Etwaige \u00c4nderungen werden entsprechend bekannt gegeben. Das Inkrafttreten der \u00c4nderungen der Nutzungsbedingungen erfolgt ab dem Zeitpunkt ihrer Ver\u00f6ffentlichung auf dieser Seite.<\/p>\n<h3>Benutzer<\/h3>\n<p>Die Verk\u00e4ufe sind ausschlie\u00dflich f\u00fcr Personen \u00fcber 18 Jahre bestimmt, und die Teilnahme an solchen Verk\u00e4ufen ist Nutzern, die diese Voraussetzung oder die in den entsprechenden allgemeinen Gesch\u00e4ftsbedingungen festgelegten Anforderungen nicht erf\u00fcllen, strengstens untersagt.<\/p>\n<h3>Inhalt<\/h3>\n<p>Das Unternehmen bem\u00fcht sich, Fehler in den Inhalten, die auf dieser Seite erscheinen, zu vermeiden. Das Unternehmen \u00fcbernimmt keine Garantie und ist auch nicht verantwortlich f\u00fcr eventuelle Folgen, die sich aus Fehlern im Inhalt dieser Seite ergeben k\u00f6nnten. Die Informationen, Inhalte und Daten jeglicher Art auf den Seiten dieser Website oder ihrer Werbekampagnen werden vor der Ver\u00f6ffentlichung gepr\u00fcft; Es kann jedoch nicht garantiert werden, dass sie absolut frei von Druck- und Schreibfehlern, Kompositionsfehlern und \u00e4hnlichen Problemen sind. Daher empfiehlt das Unternehmen den Nutzern, auf eventuelle Aktualisierungen oder Korrekturen zu achten, die in die Website aufgenommen werden, die Daten, die f\u00fcr sie von wesentlichem Interesse sind, \u00fcber die Kan\u00e4le der pers\u00f6nlichen Kommunikation, des Telefons, die auf diesen Seiten und in den Medien zur Verf\u00fcgung gestellt werden, zu best\u00e4tigen und auf keinen Fall Entscheidungen zu treffen, die ausschlie\u00dflich oder insbesondere auf den Informationen der Website oder der auf dieser Seite oder von Dritten ver\u00f6ffentlichten Werbekampagnen basieren.<\/p>\n<h3>Typografische Fehler<\/h3>\n<p>Alle Informationen, die von der Gesellschaft in irgendeinem Werbemedium ver\u00f6ffentlicht werden, sei es das eigene oder das von Dritten, insbesondere solche, die sich auf Banner, elektronische Mitteilungen per E-Mail oder andere beziehen, und die einen Druckfehler enthalten, sei es unbeabsichtigt oder aufgrund von Manipulationen durch Dritte, sind wertlos, und im Zweifelsfall wird den Nutzern empfohlen, die Daten \u00fcber die pers\u00f6nlichen Kan\u00e4le der Gesellschaft wie E-Mail oder Telefon zu best\u00e4tigen.<\/p>\n<h3>Nur zu Informationszwecken<\/h3>\n<p>Alle Angaben auf dieser Website dienen nur zu Informationszwecken. Um die auf der Website des Unternehmens angebotenen Produkte kaufen zu k\u00f6nnen, muss sich der Nutzer registrieren und die entsprechenden Bedingungen akzeptieren.<\/p>\n<h3>Links auf der Seite<\/h3>\n<p>Das Unternehmen \u00fcbernimmt keinerlei Verantwortung f\u00fcr die Inhalte, kommerziellen Aktivit\u00e4ten, Produkte und Dienstleistungen, die \u00fcber elektronische Links direkt oder indirekt auf dieser Seite angezeigt werden k\u00f6nnen.<\/p>\n<p>Das Vorhandensein von Links auf der Website des Unternehmens dient, sofern nicht ausdr\u00fccklich anders angegeben, ausschlie\u00dflich Informationszwecken und stellt in keinem Fall eine Anregung, Aufforderung oder Empfehlung derselben dar. Diese Links stellen keinerlei Beziehung zwischen dem Unternehmen und den Personen oder Unternehmen dar, die Eigent\u00fcmer der Seiten sind, auf die \u00fcber diese Links zugegriffen werden kann.<\/p>\n<p>Das Unternehmen beh\u00e4lt sich das Recht vor, Links von seiner Website jederzeit einseitig zu entfernen.<\/p>\n<h3>Navigation, Zugang und Sicherheit<\/h3>\n<p>Der Zugang und das Browsen auf dieser Website setzt die Annahme und Kenntnis der darin enthaltenen rechtlichen Hinweise, Bedingungen und Nutzungsbedingungen voraus. Das Unternehmen unternimmt alle Anstrengungen, um sicherzustellen, dass das Surfen unter den bestm\u00f6glichen Bedingungen erfolgt, und um jegliche Art von Sch\u00e4den zu vermeiden, die beim Surfen entstehen k\u00f6nnen.<\/p>\n<p>Diese Seite wurde so gestaltet, dass sie unsere Browser unterst\u00fctzt.<\/p>\n<p>Das Unternehmen \u00fcbernimmt keine Verantwortung f\u00fcr Sch\u00e4den jeglicher Art, die den Nutzern durch die Verwendung anderer Browser oder anderer Versionen der Browser, f\u00fcr die die Seite konzipiert wurde, entstehen k\u00f6nnen.<\/p>\n<p>Der Zugang zu dieser Website erfolgt in einer sicheren Umgebung, so dass die Informationen verschl\u00fcsselt \u00fcbertragen werden.<\/p>\n<h3>Markenzeichen<\/h3>\n<p>Alle auf dieser Website dargestellten Marken, Logos und Anagramme sind Eigentum von Elena Batalla Carballo, deren Produkte auf dieser Website angeboten werden. Es ist ausdr\u00fccklich untersagt, ohne vorherige Zustimmung Elemente der Website zu verwenden, die nach den geltenden Rechtsvorschriften \u00fcber gewerbliches Eigentum gesch\u00fctzt sind. Insbesondere d\u00fcrfen Marken, Handelsnamen, Ladenschilder, Namen, Logos, Slogans oder jegliche Art von Unterscheidungsmerkmalen, die Beatnik Shoes geh\u00f6ren, nicht ohne die schriftliche Genehmigung von Elena Batalla Carballo verwendet werden.<\/p>\n<h3>Rechtliche Schritte<\/h3>\n<p>Das Unternehmen beh\u00e4lt sich das Recht vor, rechtliche Schritte gegen Nutzer einzuleiten, die gegen die Rechte an geistigem und gewerblichem Eigentum versto\u00dfen oder diese verletzen.<\/p>\n<h3>Zust\u00e4ndigkeit und anwendbares Recht<\/h3>\n<p>Die Bedingungen, die diese Seite regeln, und alle Beziehungen, die sich daraus ergeben k\u00f6nnen, unterliegen dem spanischen Recht.<\/p>\n<p>F\u00fcr alle Streitigkeiten, die sich aus dem Zugang zu oder der Nutzung dieser Website ergeben, sind ausschlie\u00dflich die Gerichte von Madrid, Spanien, zust\u00e4ndig, unbeschadet der Zust\u00e4ndigkeit, die sich aus den geltenden Verbrauchergesetzen ergeben kann.<\/p>\n<p>\u00a0<\/p>\n\t\t\t<\/div>\n\t\n\n","protected":false},"excerpt":{"rendered":"","protected":false},"author":1,"featured_media":0,"parent":0,"menu_order":20,"comment_status":"closed","ping_status":"closed","template":"","meta":{"footnotes":""},"class_list":["post-61676","page","type-page","status-publish","hentry"],"_links":{"self":[{"href":"https:\/\/www.beatnikshoes.com\/de\/wp-json\/wp\/v2\/pages\/61676","targetHints":{"allow":["GET"]}}],"collection":[{"href":"https:\/\/www.beatnikshoes.com\/de\/wp-json\/wp\/v2\/pages"}],"about":[{"href":"https:\/\/www.beatnikshoes.com\/de\/wp-json\/wp\/v2\/types\/page"}],"author":[{"embeddable":true,"href":"https:\/\/www.beatnikshoes.com\/de\/wp-json\/wp\/v2\/users\/1"}],"replies":[{"embeddable":true,"href":"https:\/\/www.beatnikshoes.com\/de\/wp-json\/wp\/v2\/comments?post=61676"}],"version-history":[{"count":0,"href":"https:\/\/www.beatnikshoes.com\/de\/wp-json\/wp\/v2\/pages\/61676\/revisions"}],"wp:attachment":[{"href":"https:\/\/www.beatnikshoes.com\/de\/wp-json\/wp\/v2\/media?parent=61676"}],"curies":[{"name":"wp","href":"https:\/\/api.w.org\/{rel}","templated":true}]}}