{"id":61606,"date":"2023-09-07T13:29:13","date_gmt":"2023-09-07T11:29:13","guid":{"rendered":"https:\/\/www.beatnikshoes.com\/ueber-uns\/"},"modified":"2026-02-03T02:31:17","modified_gmt":"2026-02-03T01:31:17","slug":"ueber-uns","status":"publish","type":"page","link":"https:\/\/www.beatnikshoes.com\/de\/ueber-uns\/","title":{"rendered":"\u00dcber uns"},"content":{"rendered":"\n\n\t<section class=\"section\" id=\"section_522378985\">\n\t\t<div class=\"section-bg fill\" >\n\t\t\t\t\t\t\t\t\t\n\t\t\t\n\n\t\t<\/div>\n\n\t\t\n\n\t\t<div class=\"section-content relative\">\n\t\t\t\n\n<div class=\"row row-collapse align-middle align-center\"  id=\"row-1212910505\">\n\n\n\t<div id=\"col-576550576\" class=\"col small-12 large-12\"  >\n\t\t\t\t<div class=\"col-inner\"  >\n\t\t\t\n\t\t\t\n\n  <div id=\"page-header-1484989817\" class=\"page-header-wrapper\">\n  <div class=\"page-title dark normal-title has-parallax\">\n\n        <div class=\"page-title-bg\">\n      <div class=\"title-bg fill bg-fill\"\n        data-parallax-container=\".page-title\"\n        data-parallax-background\n        data-parallax=\"-2\">\n      <\/div>\n      <div class=\"title-overlay fill\"><\/div>\n    <\/div>\n    \n    <div class=\"page-title-inner container align-center text-center flex-row-col medium-flex-wrap\" >\n              <div class=\"title-wrapper is-large flex-col\">\n          <h1 class=\"entry-title mb-0\">\n            \u00dcBER UNS          <\/h1>\n        <\/div>\n                    <div class=\"title-content flex-col\">\n        <div class=\"title-breadcrumbs pb-half pt-half\"><nav class=\"woocommerce-breadcrumb breadcrumbs uppercase\" aria-label=\"Breadcrumb\">Startseite<\/nav><\/div>      <\/div>\n    <\/div>\n\n     \n<style>\n#page-header-1484989817 .page-title-inner {\n  min-height: 368px;\n}\n#page-header-1484989817 {\n  margin-bottom: 0px;\n}\n#page-header-1484989817 .title-bg {\n  background-image: url(https:\/\/www.beatnikshoes.com\/wp-content\/uploads\/2014\/11\/Lincoln50s4-e1429699321352.jpg);\n  background-position: 50% 67%;\n}\n@media (min-width:550px) {\n  #page-header-1484989817 .page-title-inner {\n    min-height: 380px;\n  }\n  #page-header-1484989817 {\n    margin-bottom: 0px;\n  }\n}\n@media (min-width:850px) {\n  #page-header-1484989817 .page-title-inner {\n    min-height: 480px;\n  }\n}\n<\/style>\n  <\/div>\n    <\/div>\n  \n\n\n\t\t<\/div>\n\t\t\t\t\n<style>\n#col-576550576 > .col-inner {\n  padding: 0px 0px 0px 0px;\n  margin: 0px 0px 0px 0px;\n}\n<\/style>\n\t<\/div>\n\n\t\n\n\n<style>\n#row-1212910505 > .col > .col-inner {\n  padding: 0px 0px 0px 0px;\n}\n<\/style>\n<\/div>\n\n\t\t<\/div>\n\n\t\t\n<style>\n#section_522378985 {\n  padding-top: 0px;\n  padding-bottom: 0px;\n  margin-bottom: 0px;\n}\n<\/style>\n\t<\/section>\n\t\n\n\t<section class=\"section\" id=\"section_2104337579\">\n\t\t<div class=\"section-bg fill\" >\n\t\t\t\t\t\t\t\t\t\n\t\t\t\n\n\t\t<\/div>\n\n\t\t\n\n\t\t<div class=\"section-content relative\">\n\t\t\t\n\n<div class=\"row row-collapse\"  id=\"row-1018921141\">\n\n\n\t<div id=\"col-766360898\" class=\"col small-12 large-12\"  >\n\t\t\t\t<div class=\"col-inner\"  >\n\t\t\t\n\t\t\t\n\n<div class=\"container section-title-container uppercase\" ><h2 class=\"section-title section-title-normal\"><b aria-hidden=\"true\"><\/b><span class=\"section-title-main\" style=\"font-size:90%;color:#000000;\">EINE ANDERE ART, SCHUHE ZU VERSTEHEN<\/span><b aria-hidden=\"true\"><\/b><\/h2><\/div>\n\n<div class=\"row\"  id=\"row-710234352\">\n\n\n\t<div id=\"col-2021026104\" class=\"col medium-6 small-12 large-6\"  >\n\t\t\t\t<div class=\"col-inner\"  >\n\t\t\t\n\t\t\t\n\n\t<div id=\"text-2691543525\" class=\"text\">\n\t\t\n\n<p data-start=\"540\" data-end=\"561\"><strong data-start=\"540\" data-end=\"561\">A different class<\/strong><\/p>\n<p data-start=\"563\" data-end=\"769\">Beatnik entstand als Alternative zu schnelllebigen, standardisierten und seelenlosen Produkten. Wir glauben an einen Konsumstil, der auf <strong data-start=\"694\" data-end=\"706\">Urteilsverm\u00f6gen<\/strong>, <strong data-start=\"711\" data-end=\"727\">echter Qualit\u00e4t <\/strong>und Respekt vor gut gemachten Produkten basiert. <\/p>\n<p data-start=\"771\" data-end=\"1003\">Wir entwerfen Schuhe, die <strong data-start=\"793\" data-end=\"819\">mit Ihnen leben und wachsen<\/strong>, die den Lauf der Zeit begleiten und dem Tr\u00e4ger stets <strong data-start=\"873\" data-end=\"906\">Sicherheit, Stil und Eleganz bieten.<\/strong><\/p>\n<p data-start=\"771\" data-end=\"1003\">Schuhe aus Spanien, die auf Langlebigkeit ausgelegt sind.<\/p>\n\t\t\n<style>\n#text-2691543525 {\n  text-align: left;\n}\n<\/style>\n\t<\/div>\n\t\n\n\t\t<\/div>\n\t\t\t\t\t<\/div>\n\n\t\n\n\t<div id=\"col-784937223\" class=\"col medium-6 small-12 large-6\"  >\n\t\t\t\t<div class=\"col-inner\"  >\n\t\t\t\n\t\t\t\n\n\t<div id=\"text-1667439209\" class=\"text\">\n\t\t\n\n<p data-start=\"1005\" data-end=\"1214\">Wir glauben nicht an geplante Obsoleszenz oder Impulskonsum. Wir setzen uns f\u00fcr einen klassischen und zeitlosen Stil ein, der auf Proportionen, edlen Materialien und handwerklicher Perfektion basiert. Eleganz ohne Verfallsdatum.  <\/p>\n<p data-start=\"1216\" data-end=\"1392\">Beatnik ist f\u00fcr diejenigen, die bewusst ausw\u00e4hlen, lokale Produktion in Spanien sch\u00e4tzen und Stil als eine bewusste und pers\u00f6nliche Entscheidung verstehen.<\/p>\n<p data-start=\"1216\" data-end=\"1392\"><em data-start=\"1372\" data-end=\"1391\">Das hei\u00dft A different class<\/em>.<\/p>\n\t\t\n<style>\n#text-1667439209 {\n  text-align: left;\n}\n<\/style>\n\t<\/div>\n\t\n\n\t\t<\/div>\n\t\t\t\t\t<\/div>\n\n\t\n\n<\/div>\n\n\t\t<\/div>\n\t\t\t\t\t<\/div>\n\n\t\n\n\n<style>\n#row-1018921141 > .col > .col-inner {\n  padding: 30px 30px 0px 30px;\n}\n<\/style>\n<\/div>\n\n\t\t<\/div>\n\n\t\t\n<style>\n#section_2104337579 {\n  padding-top: 30px;\n  padding-bottom: 30px;\n}\n<\/style>\n\t<\/section>\n\t\n\n\t<section class=\"section\" id=\"section_1133852849\">\n\t\t<div class=\"section-bg fill\" >\n\t\t\t\t\t\t\t\t\t\n\t\t\t\n\n\t\t<\/div>\n\n\t\t\n\n\t\t<div class=\"section-content relative\">\n\t\t\t\n\n<div class=\"row align-center\"  id=\"row-2005036415\">\n\n\n\t<div id=\"col-1024839855\" class=\"col medium-10 small-12 large-10\"  data-animate=\"fadeInUp\">\n\t\t\t\t<div class=\"col-inner text-center\"  >\n\t\t\t\n\t\t\t\n\n<div class=\"container section-title-container uppercase\" ><h2 class=\"section-title section-title-center\"><b aria-hidden=\"true\"><\/b><span class=\"section-title-main\" style=\"font-size:90%;color:#000000;\">HINTER BEATNIK<\/span><b aria-hidden=\"true\"><\/b><\/h2><\/div>\n\n\t<div class=\"box has-hover   has-hover box-text-bottom\" >\n\n\t\t<div class=\"box-image\" >\n\t\t\t\t\t\t<div class=\"image-cover\" style=\"padding-top:75%;\">\n\t\t\t\t<img decoding=\"async\" width=\"1130\" height=\"682\" src=\"https:\/\/www.beatnikshoes.com\/wp-content\/uploads\/2014\/06\/nosotros.jpg\" class=\"attachment- size-\" alt=\"\" srcset=\"https:\/\/www.beatnikshoes.com\/wp-content\/uploads\/2014\/06\/nosotros.jpg 1130w, https:\/\/www.beatnikshoes.com\/wp-content\/uploads\/2014\/06\/nosotros-510x308.jpg 510w, https:\/\/www.beatnikshoes.com\/wp-content\/uploads\/2014\/06\/nosotros-380x229.jpg 380w, https:\/\/www.beatnikshoes.com\/wp-content\/uploads\/2014\/06\/nosotros-725x438.jpg 725w, https:\/\/www.beatnikshoes.com\/wp-content\/uploads\/2014\/06\/nosotros-373x225.jpg 373w, https:\/\/www.beatnikshoes.com\/wp-content\/uploads\/2014\/06\/nosotros-768x464.jpg 768w, https:\/\/www.beatnikshoes.com\/wp-content\/uploads\/2014\/06\/nosotros-625x377.jpg 625w, https:\/\/www.beatnikshoes.com\/wp-content\/uploads\/2014\/06\/nosotros-300x181.jpg 300w, https:\/\/www.beatnikshoes.com\/wp-content\/uploads\/2014\/06\/nosotros-1024x618.jpg 1024w, https:\/\/www.beatnikshoes.com\/wp-content\/uploads\/2014\/06\/nosotros-1100x664.jpg 1100w, https:\/\/www.beatnikshoes.com\/wp-content\/uploads\/2014\/06\/nosotros-990x598.jpg 990w\" sizes=\"(max-width: 1130px) 100vw, 1130px\" \/>\t\t\t\t\t\t\t\t\t\t\t<\/div>\n\t\t\t\t\t<\/div>\n\n\t\t<div class=\"box-text text-center\" >\n\t\t\t<div class=\"box-text-inner\">\n\t\t\t\t\n\n<p>Die F\u00e4higkeit, kluge Entscheidungen zu treffen, geh\u00f6rt zu dem, was uns ausmacht.<\/p>\n\n\t\t\t<\/div>\n\t\t<\/div>\n\t<\/div>\n\t\n\n\t\t<\/div>\n\t\t\t\t\t<\/div>\n\n\t\n\n\n<style>\n#row-2005036415 > .col > .col-inner {\n  padding: 0px 0px 0px 0px;\n}\n@media (min-width:550px) {\n  #row-2005036415 > .col > .col-inner {\n    padding: 60px 0px 0px 0px;\n  }\n}\n<\/style>\n<\/div>\n\n\t\t<\/div>\n\n\t\t\n<style>\n#section_1133852849 {\n  padding-top: 0px;\n  padding-bottom: 0px;\n}\n<\/style>\n\t<\/section>\n\t\n\n\t<section class=\"section\" id=\"section_1939431944\">\n\t\t<div class=\"section-bg fill\" >\n\t\t\t\t\t\t\t\t\t\n\t\t\t\n\n\t\t<\/div>\n\n\t\t\n\n\t\t<div class=\"section-content relative\">\n\t\t\t\n\n<div class=\"row row-collapse\"  id=\"row-608554243\">\n\n\n\t<div id=\"col-424868380\" class=\"col medium-6 small-12 large-6\"  data-animate=\"fadeInLeft\">\n\t\t\t\t<div class=\"col-inner text-left\"  >\n\t\t\t\n\t\t\t\n\n<div class=\"container section-title-container\" ><h3 class=\"section-title section-title-normal\"><b aria-hidden=\"true\"><\/b><span class=\"section-title-main\" style=\"font-size:90%;color:#000000;\">ELENA BATALLA: Design und Entwicklung<\/span><b aria-hidden=\"true\"><\/b><\/h3><\/div>\n\n<p>Ihre Erfahrung in den Bereichen neue Technologien, Management und Mode hat eine klare Vorstellung best\u00e4rkt: <strong data-start=\"1979\" data-end=\"2060\">\u00c4sthetik hat nur dann Wert, wenn sie von echtem K\u00f6nnen und Qualit\u00e4t getragen wird.<\/strong><\/p>\n<p>Bei Beatnik schl\u00e4gt sich diese Vision in Produktentscheidungen nieder, die auf Langlebigkeit ausgelegt sind und weit entfernt von der Logik des Gebrauchs und Wegwerfens.<\/p>\n\n\t\t<\/div>\n\t\t\t\t\t<\/div>\n\n\t\n\n\t<div id=\"col-1875806616\" class=\"col medium-6 small-12 large-6\"  data-animate=\"fadeInRight\">\n\t\t\t\t<div class=\"col-inner text-left\"  >\n\t\t\t\n\t\t\t\n\n<div class=\"container section-title-container\" ><h3 class=\"section-title section-title-normal\"><b aria-hidden=\"true\"><\/b><span class=\"section-title-main\" style=\"font-size:90%;color:#000000;\">RAFAEL CID: STRATEGIE UND MARKE<\/span><b aria-hidden=\"true\"><\/b><\/h3><\/div>\n\n<p>Mit seiner Erfahrung in gro\u00dfen internationalen Unternehmen und im Marketing bringt er einen pragmatischen Ansatz in die Markenentwicklung ein: gute Auswahl, umsichtige Produktion und authentische Kommunikation.<\/p>\n<p>Das famili\u00e4re Erbe, das mit Handel und sorgf\u00e4ltig ausgew\u00e4hlten Produkten verbunden ist, pr\u00e4gt weiterhin die Art und Weise, wie das Gesch\u00e4ft verstanden wird, wobei Qualit\u00e4t, Respekt und Best\u00e4ndigkeit \u00fcber Quantit\u00e4t stehen.<\/p>\n\n\t\t<\/div>\n\t\t\t\t\t<\/div>\n\n\t\n\n\n<style>\n#row-608554243 > .col > .col-inner {\n  padding: 0px 30px 0px 30px;\n}\n@media (min-width:550px) {\n  #row-608554243 > .col > .col-inner {\n    padding: 30px 30px 30px 30px;\n  }\n}\n<\/style>\n<\/div>\n\n\t\t<\/div>\n\n\t\t\n<style>\n#section_1939431944 {\n  padding-top: 0px;\n  padding-bottom: 0px;\n}\n<\/style>\n\t<\/section>\n\t\n\n\t<section class=\"section\" id=\"section_920311398\">\n\t\t<div class=\"section-bg fill\" >\n\t\t\t\t\t\t\t\t\t\n\t\t\t\n\n\t\t<\/div>\n\n\t\t\n\n\t\t<div class=\"section-content relative\">\n\t\t\t\n\n<div class=\"row row-collapse align-middle align-center\"  id=\"row-1766797179\">\n\n\n\t<div id=\"col-517613921\" class=\"col small-12 large-12\"  data-animate=\"fadeInUp\">\n\t\t\t\t<div class=\"col-inner\" style=\"background-color:#f9f9f9;\" >\n\t\t\t\n\t\t\t\n\n<div class=\"row align-center\"  id=\"row-68542522\">\n\n\n\t<div id=\"col-1313174042\" class=\"col medium-10 small-12 large-10\"  >\n\t\t\t\t<div class=\"col-inner\"  >\n\t\t\t\n\t\t\t\n\n\t<div id=\"text-163445641\" class=\"text\">\n\t\t\n\n<h4 class=\"uppercase\">LOKALE PRODUKTION<\/h4>\n\t\t\n<style>\n#text-163445641 {\n  text-align: center;\n  color: rgb(0,0,0);\n}\n#text-163445641 > * {\n  color: rgb(0,0,0);\n}\n<\/style>\n\t<\/div>\n\t\n\t<div id=\"text-1181711870\" class=\"text\">\n\t\t\n\n<p data-start=\"2845\" data-end=\"2884\"><strong data-start=\"2845\" data-end=\"2884\">Hergestellt in Spanien, f\u00fcr lange Lebensdauer konzipiert<\/strong><\/p>\n<p data-start=\"2886\" data-end=\"3154\">Alle unsere Schuhe werden in Spanien, in Werkst\u00e4tten in Almansa, gefertigt. Mit diesen Werkst\u00e4tten teilen wir unsere Werte und eine \u00e4hnliche Herangehensweise an das Handwerk. Wir verwenden ausgew\u00e4hlte Leder und traditionelle Verfahren, die es uns erm\u00f6glichen, reparaturf\u00e4hige, langlebige und ehrliche Schuhe herzustellen. <\/p>\n<p data-start=\"3156\" data-end=\"3372\">Lokale Produktion ist keine \u00e4sthetische, sondern eine ethische Entscheidung. Sie erm\u00f6glicht es uns, die Qualit\u00e4t zu kontrollieren, Zwischenh\u00e4ndler zu reduzieren, handwerkliche Arbeit zu respektieren und Produkte anzubieten, die nicht der geplanten Obsoleszenz unterliegen. <\/p>\n<p data-start=\"3374\" data-end=\"3452\">Wir glauben, dass ein guter Schuh nicht ersetzt wird: Er wird gepflegt, repariert und instand gehalten. Unsere Antwort auf Wegwerfprodukte aus Massenproduktion. <\/p>\n\t\t\n<style>\n#text-1181711870 {\n  text-align: left;\n}\n@media (min-width:550px) {\n  #text-1181711870 {\n    text-align: center;\n  }\n}\n<\/style>\n\t<\/div>\n\t\n\n\t\t<\/div>\n\t\t\t\t\n<style>\n#col-1313174042 > .col-inner {\n  padding: 30px 0px 0px 0px;\n}\n@media (min-width:850px) {\n  #col-1313174042 > .col-inner {\n    padding: 30px 30px 25px 30px;\n  }\n}\n<\/style>\n\t<\/div>\n\n\t\n\n<\/div>\n\n\t\t<\/div>\n\t\t\t\t\n<style>\n#col-517613921 > .col-inner {\n  padding: 30px 30px 30px 30px;\n}\n<\/style>\n\t<\/div>\n\n\t\n\n<\/div>\n\n\t\t<\/div>\n\n\t\t\n<style>\n#section_920311398 {\n  padding-top: 30px;\n  padding-bottom: 30px;\n  margin-bottom: 0px;\n}\n@media (min-width:550px) {\n  #section_920311398 {\n    padding-top: 0px;\n    padding-bottom: 0px;\n  }\n}\n<\/style>\n\t<\/section>\n\t\n\n","protected":false},"excerpt":{"rendered":"","protected":false},"author":1,"featured_media":0,"parent":0,"menu_order":1,"comment_status":"closed","ping_status":"closed","template":"page-blank.php","meta":{"footnotes":""},"class_list":["post-61606","page","type-page","status-publish","hentry"],"_links":{"self":[{"href":"https:\/\/www.beatnikshoes.com\/de\/wp-json\/wp\/v2\/pages\/61606","targetHints":{"allow":["GET"]}}],"collection":[{"href":"https:\/\/www.beatnikshoes.com\/de\/wp-json\/wp\/v2\/pages"}],"about":[{"href":"https:\/\/www.beatnikshoes.com\/de\/wp-json\/wp\/v2\/types\/page"}],"author":[{"embeddable":true,"href":"https:\/\/www.beatnikshoes.com\/de\/wp-json\/wp\/v2\/users\/1"}],"replies":[{"embeddable":true,"href":"https:\/\/www.beatnikshoes.com\/de\/wp-json\/wp\/v2\/comments?post=61606"}],"version-history":[{"count":0,"href":"https:\/\/www.beatnikshoes.com\/de\/wp-json\/wp\/v2\/pages\/61606\/revisions"}],"wp:attachment":[{"href":"https:\/\/www.beatnikshoes.com\/de\/wp-json\/wp\/v2\/media?parent=61606"}],"curies":[{"name":"wp","href":"https:\/\/api.w.org\/{rel}","templated":true}]}}