{"id":55496,"date":"2023-07-13T13:17:48","date_gmt":"2023-07-13T11:17:48","guid":{"rendered":"https:\/\/www.beatnikshoes.com\/faqs-haeufig-gestellte-fragen\/"},"modified":"2026-01-20T15:25:21","modified_gmt":"2026-01-20T14:25:21","slug":"faqs-haeufig-gestellte-fragen","status":"publish","type":"page","link":"https:\/\/www.beatnikshoes.com\/de\/faqs-haeufig-gestellte-fragen\/","title":{"rendered":"FAQs &#8211; H\u00e4ufig gestellte Fragen (FAQ)"},"content":{"rendered":"\n\n\t<section class=\"section is-small\" id=\"section_797143116\">\n\t\t<div class=\"section-bg fill\" >\n\t\t\t\t\t\t\t\t\t\n\t\t\t\n\n\t\t<\/div>\n\n\t\t\n\n\t\t<div class=\"section-content relative\">\n\t\t\t\n<h1 class=\"uppercase\">FAQs-H\u00e4ufig-gestellte-Fragen<\/h1>\n<p>\n<div class=\"row\"  id=\"row-939750177\">\n\n\n\t<div id=\"col-787705205\" class=\"col medium-3 small-12 large-3\"  >\n\t\t\t\t<div class=\"col-inner\"  >\n\t\t\t\n\t\t\t\n\n\t<div id=\"text-3614903607\" class=\"text is-small\">\n\t\t\n\n<\/p>\r\n<h2 class=\"uppercase\">BESTELLUNGEN<\/h2>\r\n<p>\n\t\t\t<\/div>\n\t\n\n\t\t<\/div>\n\t\t\t\t\t<\/div>\n\n\t\n\n\t<div id=\"col-213011526\" class=\"col medium-9 small-12 large-9\"  >\n\t\t\t\t<div class=\"col-inner\"  >\n\t\t\t\n\t\t\t\n\n<div class=\"accordion\">\n\n\t<div id=\"accordion-1141181198\" class=\"accordion-item\">\n\t\t<a id=\"accordion-1141181198-label\" class=\"accordion-title plain\" href=\"#accordion-item-wie-kann-ich-eine-bestellung-aufgeben?\" aria-expanded=\"false\" aria-controls=\"accordion-1141181198-content\">\n\t\t\t<button class=\"toggle\" aria-label=\"Umschalten\"><i class=\"icon-angle-down\" aria-hidden=\"true\"><\/i><\/button>\n\t\t\t<span>Wie kann ich eine Bestellung aufgeben?<\/span>\n\t\t<\/a>\n\t\t<div id=\"accordion-1141181198-content\" class=\"accordion-inner\" aria-labelledby=\"accordion-1141181198-label\">\n\t\t\t\n\n<\/p>\n<p>W\u00e4hlen Sie Ihre Schuhe aus und legen Sie sie in den Warenkorb, indem Sie auf \u201eIn den Warenkorb\u201c klicken. Sobald Sie die gew\u00fcnschte Anzahl Schuhe ausgew\u00e4hlt haben, klicken Sie auf \u201eKaufen\u201c. <\/p>\n<p>\n\n\t\t<\/div>\n\t<\/div>\n\t\n\t<div id=\"accordion-3686845325\" class=\"accordion-item\">\n\t\t<a id=\"accordion-3686845325-label\" class=\"accordion-title plain\" href=\"#accordion-item-wie-lange-dauert-es,-bis-meine-schuhe-ankommen?\" aria-expanded=\"false\" aria-controls=\"accordion-3686845325-content\">\n\t\t\t<button class=\"toggle\" aria-label=\"Umschalten\"><i class=\"icon-angle-down\" aria-hidden=\"true\"><\/i><\/button>\n\t\t\t<span>Wie lange dauert es, bis meine Schuhe ankommen?<\/span>\n\t\t<\/a>\n\t\t<div id=\"accordion-3686845325-content\" class=\"accordion-inner\" aria-labelledby=\"accordion-3686845325-label\">\n\t\t\t\n\n<\/p>\n<p>Alle Bestellungen, die von Montag bis Freitag vor 13:00 Uhr eingehen, werden noch am selben Tag vorbereitet und aus unseren Lagern versendet.<\/p>\n<p>\n\n\t\t<\/div>\n\t<\/div>\n\t\n\n<\/div>\n\n\t\t<\/div>\n\t\t\t\t\t<\/div>\n\n\t\n\n\t<div id=\"col-1577327999\" class=\"col medium-3 small-12 large-3\"  >\n\t\t\t\t<div class=\"col-inner\"  >\n\t\t\t\n\t\t\t\n\n\t<div id=\"text-4236208378\" class=\"text is-small\">\n\t\t\n\n<\/p>\r\n<h2 class=\"uppercase\">SHIPPING<\/h2>\r\n<p>\n\t\t\t<\/div>\n\t\n\n\t\t<\/div>\n\t\t\t\t\t<\/div>\n\n\t\n\n\t<div id=\"col-176246195\" class=\"col medium-9 small-12 large-9\"  >\n\t\t\t\t<div class=\"col-inner\"  >\n\t\t\t\n\t\t\t\n\n<div class=\"accordion\">\n\n\t<div id=\"accordion-889983966\" class=\"accordion-item\">\n\t\t<a id=\"accordion-889983966-label\" class=\"accordion-title plain\" href=\"#accordion-item-lieferfristen\" aria-expanded=\"false\" aria-controls=\"accordion-889983966-content\">\n\t\t\t<button class=\"toggle\" aria-label=\"Umschalten\"><i class=\"icon-angle-down\" aria-hidden=\"true\"><\/i><\/button>\n\t\t\t<span>Lieferfristen<\/span>\n\t\t<\/a>\n\t\t<div id=\"accordion-889983966-content\" class=\"accordion-inner\" aria-labelledby=\"accordion-889983966-label\">\n\t\t\t\n\n<\/p>\n<p>Die unten angegebenen Fristen sind in Arbeitstagen (Montag bis Freitag) berechnet und k\u00f6nnen sich durch lokale oder nationale Feiertage \u00e4ndern. Bei der von Ihnen gew\u00e4hlten Zahlungsart Bank\u00fcberweisung k\u00f6nnen sich diese Lieferzeiten \u00e4ndern, da Ihre Schuhe versendet werden, sobald wir die Bankbest\u00e4tigung der \u00dcberweisung erhalten haben. <\/p>\n<p>Beatnik Shoes garantiert die Lieferung an den Spediteur am selben Tag der Bestellung, f\u00fcr alle Bestellungen, die vor 13:00 Uhr (spanische Zeit) aufgegeben werden.\nVorausgesetzt, sie werden an Werktagen aufgegeben, andernfalls wird die Bestellung am ersten Werktag nach dem Tag, an dem sie aufgegeben wurde, bearbeitet. <\/p>\n<p>Sobald Ihre Schuhe unser Lager verlassen, erhalten Sie eine Best\u00e4tigungs-E-Mail und k\u00f6nnen Ihre Sendung bei Bestellungen aus Spanien und Portugal unter www.gls-group.com und bei Bestellungen aus dem Rest der Europ\u00e4ischen Union und dem Rest der Welt auf der UPS-Website verfolgen.<\/p>\n<p> <\/p>\n\n\n<table border=\"1px solid #ddd\" width=\"100%\" align=\"left\">\r\n<tbody>\r\n<tr>\r\n<td style=\"text-align: left;\" colspan=\"1\" align=\"left\" valign=\"middle\"><strong>Nationale Sendungen<\/strong><\/td>\r\n<td style=\"text-align: left;\" align=\"left\" valign=\"middle\" width=\"22%\"><strong>Lieferung zwischen<\/strong><\/td>\r\n<\/tr>\r\n<tr>\r\n<td style=\"text-align: left;\" align=\"left\" valign=\"middle\" width=\"63%\">Halbinsel (Spanien und Portugal)<\/td>\r\n<td style=\"text-align: left;\" align=\"left\" valign=\"middle\" width=\"22%\">24 und 72 Stunden.<\/td>\r\n<\/tr>\r\n<tr>\r\n<td style=\"text-align: left;\" align=\"left\" valign=\"middle\" width=\"63%\">Baleares<\/td>\r\n<td style=\"text-align: left;\" align=\"left\" valign=\"middle\" width=\"22%\">48-72 hs.<\/td>\r\n<\/tr>\r\n<tr>\r\n<td style=\"text-align: left;\" align=\"left\" valign=\"middle\" width=\"63%\">Islas Canarias, Ceuta, Melilla, Gibraltar y Andorra<\/td>\r\n<td style=\"text-align: left;\" align=\"left\" valign=\"middle\" width=\"22%\">Consultar plazo<\/td>\r\n<\/tr>\r\n<\/tbody>\r\n<\/table>\r\n<p>\n\n\n\n<\/p>\n<table border=\"1px solid #ddd\" width=\"100%\" align=\"left\">\n<tbody>\n<tr>\n<td style=\"text-align: left;\" colspan=\"2\" align=\"left\" valign=\"middle\"><strong>INTERNATIONALER VERSAND<\/strong><\/td>\n<td style=\"text-align: left;\" align=\"left\" valign=\"middle\" width=\"22%\"><strong>LIEFERZEIT<\/strong><\/td>\n<\/tr>\n<tr>\n<td style=\"text-align: left;\" align=\"left\" valign=\"middle\" width=\"15%\">ZONA 1<\/td>\n<td style=\"text-align: left;\" align=\"left\" valign=\"middle\" width=\"63%\">Pa\u00edses de la Uni\u00f3n Europea, Reino Unido, Suiza, Noruega<\/td>\n<td style=\"text-align: left;\" align=\"left\" valign=\"middle\" width=\"22%\">3-5 d\u00edas<\/td>\n<\/tr>\n<tr>\n<td style=\"text-align: left;\" align=\"left\" valign=\"middle\" width=\"15%\">ZONA 2<\/td>\n<td style=\"text-align: left;\" align=\"left\" valign=\"middle\" width=\"63%\">Estados Unidos y Canad\u00e1<\/td>\n<td style=\"text-align: left;\" align=\"left\" valign=\"middle\" width=\"22%\">4-5 d\u00edas<\/td>\n<\/tr>\n<tr>\n<td style=\"text-align: left;\" align=\"left\" valign=\"middle\" width=\"15%\">ZONA 3<\/td>\n<td style=\"text-align: left;\" align=\"left\" valign=\"middle\" width=\"63%\">Latino Am\u00e9rica, Medio Oriente<\/td>\n<td style=\"text-align: left;\" align=\"left\" valign=\"middle\" width=\"22%\">4-5 d\u00edas<\/td>\n<\/tr>\n<tr>\n<td style=\"text-align: left;\" align=\"left\" valign=\"middle\" width=\"15%\">ZONA G4<\/td>\n<td style=\"text-align: left;\" align=\"left\" valign=\"middle\" width=\"63%\">Asia, Jap\u00f3n, Africa, Nueva Zelanda, Australia<\/td>\n<td style=\"text-align: left;\" align=\"left\" valign=\"middle\" width=\"22%\">6-8 d\u00edas<\/td>\n<\/tr>\n<\/tbody>\n<\/table>\n<p>\n\n<\/p>\n<p><strong>Versand nicht vorr\u00e4tiger oder vorbestellter Produkte.<\/strong><br \/>Die Lieferzeit f\u00fcr nicht vorr\u00e4tige oder vorbestellte Produkte, die \u00fcber unsere Website bestellt wurden, betr\u00e4gt maximal 8 Wochen ab Zahlungseingang.<\/p>\n<p>\n\n\t\t<\/div>\n\t<\/div>\n\t\n\n<\/div>\n\n\t\t<\/div>\n\t\t\t\t\t<\/div>\n\n\t\n\n\t<div id=\"col-1664478175\" class=\"col medium-3 small-12 large-3\"  >\n\t\t\t\t<div class=\"col-inner\"  >\n\t\t\t\n\t\t\t\n\n\t<div id=\"text-1149032636\" class=\"text is-small\">\n\t\t\n\n<h2 class=\"uppercase\">UMTAUSCH UND R\u00dcCKGABE<\/h2>\n<\/p><p> <\/p>\n\t\t\t<\/div>\n\t\n\n\t\t<\/div>\n\t\t\t\t\t<\/div>\n\n\t\n\n\t<div id=\"col-10031275\" class=\"col medium-9 small-12 large-9\"  >\n\t\t\t\t<div class=\"col-inner\"  >\n\t\t\t\n\t\t\t\n\n<div class=\"accordion\">\n\n\t<div id=\"accordion-2170023975\" class=\"accordion-item\">\n\t\t<a id=\"accordion-2170023975-label\" class=\"accordion-title plain\" href=\"#accordion-item-was-passiert,-wenn-sie-mit-ihrem-neu-gekauften-schuh-nicht-zufrieden-sind?\" aria-expanded=\"false\" aria-controls=\"accordion-2170023975-content\">\n\t\t\t<button class=\"toggle\" aria-label=\"Umschalten\"><i class=\"icon-angle-down\" aria-hidden=\"true\"><\/i><\/button>\n\t\t\t<span>Was passiert, wenn Sie mit Ihrem neu gekauften Schuh nicht zufrieden sind?<\/span>\n\t\t<\/a>\n\t\t<div id=\"accordion-2170023975-content\" class=\"accordion-inner\" aria-labelledby=\"accordion-2170023975-label\">\n\t\t\t\n\n<p>Ab Erhalt Ihrer Schuhe haben Sie 14 Kalendertage Zeit. Sie haben das Recht, die Schuhe anzuprobieren, genau wie beim Kauf im Gesch\u00e4ft. Sollten Sie sich f\u00fcr eine R\u00fcckgabe entscheiden, senden Sie bitte eine E-Mail an consumer@beatnikshoes.com. Wir begleiten Sie gerne durch den R\u00fcckgabeprozess.  <\/p>\n<p>Auf dem spanischen Festland, den Balearen und in Portugal sind die Kosten f\u00fcr Versand, Umtausch oder R\u00fccksendung im Preis inbegriffen; es ist f\u00fcr Sie kostenlos und es entstehen Ihnen keine Kosten.<\/p>\n<p>Im \u00fcbrigen Teil der Europ\u00e4ischen Union sind Versand und ein Umtausch im Preis inbegriffen. Nur im Falle einer R\u00fccksendung werden bei der R\u00fcckerstattung 29 \u20ac vom Gesamtbetrag abgezogen, um die Versand- und R\u00fccksendekosten zu decken. <\/p>\n<p>Bei R\u00fccksendungen aus L\u00e4ndern au\u00dferhalb der Europ\u00e4ischen Union werden zus\u00e4tzlich zu den Versand- und R\u00fccksendekosten auch die anfallenden Steuern und Zollgeb\u00fchren abgezogen.<\/p>\n<p>Bitte beachten Sie, dass unsere Schuhe handgefertigt sind und Sie daher m\u00f6glicherweise Details finden, die sie einzigartig machen.<\/p>\n<p>Die Bedingungen f\u00fcr die Aus\u00fcbung dieses Rechts finden Sie in den <a href=\"https:\/\/www.beatnikshoes.com\/de\/allgemeine-bedingungen\/\" target=\"_blank\" rel=\"noopener\">Allgemeinen Verkaufsbedingungen.<\/a><\/p>\n<p> <\/p>\n\n\t\t<\/div>\n\t<\/div>\n\t\n\n<\/div>\n\n\t\t<\/div>\n\t\t\t\t\t<\/div>\n\n\t\n\n\t<div id=\"col-1403568959\" class=\"col medium-3 small-12 large-3\"  >\n\t\t\t\t<div class=\"col-inner\"  >\n\t\t\t\n\t\t\t\n\n\t<div id=\"text-575272451\" class=\"text is-small\">\n\t\t\n\n<h2 class=\"uppercase\">Zahlungen<\/h2>\r\n<p>\n\t\t\t<\/div>\n\t\n\n\t\t<\/div>\n\t\t\t\t\t<\/div>\n\n\t\n\n\t<div id=\"col-248027577\" class=\"col medium-9 small-12 large-9\"  >\n\t\t\t\t<div class=\"col-inner\"  >\n\t\t\t\n\t\t\t\n\n<div class=\"accordion\">\n\n\t<div id=\"accordion-3077619862\" class=\"accordion-item\">\n\t\t<a id=\"accordion-3077619862-label\" class=\"accordion-title plain\" href=\"#accordion-item-paypal\" aria-expanded=\"false\" aria-controls=\"accordion-3077619862-content\">\n\t\t\t<button class=\"toggle\" aria-label=\"Umschalten\"><i class=\"icon-angle-down\" aria-hidden=\"true\"><\/i><\/button>\n\t\t\t<span>Paypal<\/span>\n\t\t<\/a>\n\t\t<div id=\"accordion-3077619862-content\" class=\"accordion-inner\" aria-labelledby=\"accordion-3077619862-label\">\n\t\t\t\n\n<\/p>\n<p>PayPal erm\u00f6glicht es Verbrauchern mit E-Mail-Adresse, Zahlungen sicher, bequem und kosteng\u00fcnstig online zu t\u00e4tigen. Das PayPal-Netzwerk baut auf der bestehenden Finanzinfrastruktur von Bankkonten und Kreditkarten auf und bietet eine globale Echtzeit-Zahlungsl\u00f6sung. PayPal bietet einen Service speziell f\u00fcr diejenigen, die mit herk\u00f6mmlichen Zahlungsmechanismen nicht zufrieden sind.<br \/>Inhalt  <\/p>\n<p>Weitere Informationen finden Sie auf der <a href=\"http:\/\/www.paypal.com\/\" rel=\"nofollow noopener\" target=\"_blank\">Paypal<\/a>-Website<\/p>\n<p>\n\n\t\t<\/div>\n\t<\/div>\n\t\n\t<div id=\"accordion-2562173053\" class=\"accordion-item\">\n\t\t<a id=\"accordion-2562173053-label\" class=\"accordion-title plain\" href=\"#accordion-item-kreditkarte\" aria-expanded=\"false\" aria-controls=\"accordion-2562173053-content\">\n\t\t\t<button class=\"toggle\" aria-label=\"Umschalten\"><i class=\"icon-angle-down\" aria-hidden=\"true\"><\/i><\/button>\n\t\t\t<span>Kreditkarte<\/span>\n\t\t<\/a>\n\t\t<div id=\"accordion-2562173053-content\" class=\"accordion-inner\" aria-labelledby=\"accordion-2562173053-label\">\n\t\t\t\n\n<\/p>\n<p>Der gesamte Zahlungsvorgang auf der Website www.beatnikshoes.com wird \u00fcber SSL-Verschl\u00fcsselung abgewickelt. Wir verwenden ein SSL-Zertifikat w\u00e4hrend des gesamten Registrierungs- und Datenerfassungsprozesses, um sicherzustellen, dass alle sensiblen Daten w\u00e4hrend der Transaktion verschl\u00fcsselt werden. <\/p>\n<p>\n\n\t\t<\/div>\n\t<\/div>\n\t\n\t<div id=\"accordion-3897593285\" class=\"accordion-item\">\n\t\t<a id=\"accordion-3897593285-label\" class=\"accordion-title plain\" href=\"#accordion-item-bank\u00fcberweisung\" aria-expanded=\"false\" aria-controls=\"accordion-3897593285-content\">\n\t\t\t<button class=\"toggle\" aria-label=\"Umschalten\"><i class=\"icon-angle-down\" aria-hidden=\"true\"><\/i><\/button>\n\t\t\t<span>Bank\u00fcberweisung<\/span>\n\t\t<\/a>\n\t\t<div id=\"accordion-3897593285-content\" class=\"accordion-inner\" aria-labelledby=\"accordion-3897593285-label\">\n\t\t\t\n\n<\/p>\n<p>Wenn Sie als Zahlungsmethode Bank\u00fcberweisung w\u00e4hlen, erhalten Sie zusammen mit Ihrer Bestellbest\u00e4tigung eine E-Mail mit der Kontonummer, auf die Sie die \u00dcberweisung im Namen von <strong>THE LOAFERS SHOP S.L.<\/strong> vornehmen k\u00f6nnen.<\/p>\n<p>Es ist sehr wichtig, dass Sie die Bestellnummer sowie Ihren Vor- und Nachnamen in die Betreffzeile aufnehmen und die \u00dcberweisung innerhalb von 3 Tagen nach dem Datum der Bestellbest\u00e4tigung abschlie\u00dfen, damit wir sie validieren k\u00f6nnen.<\/p>\n<p>Wenn Sie m\u00f6chten, k\u00f6nnen Sie uns den \u00dcberweisungsnachweis per E-Mail an consumer@beatnikshoes.com senden. I<strong>n jedem Fall gilt die Bestellung erst dann als abgeschlossen, wenn unsere Verwaltungsabteilung die Bankbest\u00e4tigung der \u00dcberweisung erh\u00e4lt.<\/strong><\/p>\n<p>\n\n\t\t<\/div>\n\t<\/div>\n\t\n\t<div id=\"accordion-3857685286\" class=\"accordion-item\">\n\t\t<a id=\"accordion-3857685286-label\" class=\"accordion-title plain\" href=\"#accordion-item-google-pay\" aria-expanded=\"false\" aria-controls=\"accordion-3857685286-content\">\n\t\t\t<button class=\"toggle\" aria-label=\"Umschalten\"><i class=\"icon-angle-down\" aria-hidden=\"true\"><\/i><\/button>\n\t\t\t<span>Google Pay<\/span>\n\t\t<\/a>\n\t\t<div id=\"accordion-3857685286-content\" class=\"accordion-inner\" aria-labelledby=\"accordion-3857685286-label\">\n\t\t\t\n\n<\/p>\n<p>Sie k\u00f6nnen in unserem Gesch\u00e4ft mit Google Pay bezahlen.<\/p>\n<p>\n\n\t\t<\/div>\n\t<\/div>\n\t\n\n<\/div>\n\n\t\t<\/div>\n\t\t\t\t\t<\/div>\n\n\t\n\n\t<div id=\"col-766940756\" class=\"col medium-3 small-12 large-3\"  >\n\t\t\t\t<div class=\"col-inner\"  >\n\t\t\t\n\t\t\t\n\n\t<div id=\"text-3062030095\" class=\"text is-small\">\n\t\t\n\n<\/p>\r\n<h2 class=\"uppercase\">Kundendienst<\/h2>\r\n<p>\n\t\t\t<\/div>\n\t\n\n\t\t<\/div>\n\t\t\t\t\t<\/div>\n\n\t\n\n\t<div id=\"col-1017770257\" class=\"col medium-9 small-12 large-9\"  >\n\t\t\t\t<div class=\"col-inner\"  >\n\t\t\t\n\t\t\t\n\n<\/p>\n<p>F\u00fcr weitere Informationen k\u00f6nnen Sie uns auf folgende Weise kontaktieren:<\/p>\n<p><em><strong>+34 669 872 207<\/strong><\/em><br \/><strong><em>\u201cinfo@beatnikshoes.com\u201d<\/em><\/strong><br \/><strong><em>consumer@beatnikshoes.com<\/em><\/strong><\/p>\n<p>\u00d6ffnungszeiten: Montag bis Freitag: <em>9:30 bis 17:30 Uhr<\/em><\/p>\n<p> <\/p>\n\n\t\t<\/div>\n\t\t\t\t\t<\/div>\n\n\t\n\n\n<style>\n#row-939750177 > .col > .col-inner {\n  padding: 0px 0px 0px 0px;\n}\n@media (min-width:550px) {\n  #row-939750177 > .col > .col-inner {\n    padding: 30px 0px 0px 0px;\n  }\n}\n<\/style>\n<\/div>\n\n\t\t<\/div>\n\n\t\t\n<style>\n#section_797143116 {\n  padding-top: 30px;\n  padding-bottom: 30px;\n  background-color: rgb(255,255,255);\n}\n@media (min-width:550px) {\n  #section_797143116 {\n    padding-top: 30px;\n    padding-bottom: 30px;\n  }\n}\n<\/style>\n\t<\/section>\n\t\n\n","protected":false},"excerpt":{"rendered":"","protected":false},"author":3,"featured_media":0,"parent":0,"menu_order":0,"comment_status":"closed","ping_status":"closed","template":"","meta":{"footnotes":""},"class_list":["post-55496","page","type-page","status-publish","hentry"],"_links":{"self":[{"href":"https:\/\/www.beatnikshoes.com\/de\/wp-json\/wp\/v2\/pages\/55496","targetHints":{"allow":["GET"]}}],"collection":[{"href":"https:\/\/www.beatnikshoes.com\/de\/wp-json\/wp\/v2\/pages"}],"about":[{"href":"https:\/\/www.beatnikshoes.com\/de\/wp-json\/wp\/v2\/types\/page"}],"author":[{"embeddable":true,"href":"https:\/\/www.beatnikshoes.com\/de\/wp-json\/wp\/v2\/users\/3"}],"replies":[{"embeddable":true,"href":"https:\/\/www.beatnikshoes.com\/de\/wp-json\/wp\/v2\/comments?post=55496"}],"version-history":[{"count":0,"href":"https:\/\/www.beatnikshoes.com\/de\/wp-json\/wp\/v2\/pages\/55496\/revisions"}],"wp:attachment":[{"href":"https:\/\/www.beatnikshoes.com\/de\/wp-json\/wp\/v2\/media?parent=55496"}],"curies":[{"name":"wp","href":"https:\/\/api.w.org\/{rel}","templated":true}]}}